{"id":623,"date":"2023-11-01T09:28:58","date_gmt":"2023-11-01T09:28:58","guid":{"rendered":"https:\/\/startersites.io\/blocksy\/cosmetic\/?post_type=product&#038;p=623"},"modified":"2026-01-07T17:58:19","modified_gmt":"2026-01-07T14:58:19","slug":"posuere-sollicitudin","status":"publish","type":"product","link":"https:\/\/www.gonbeler.com\/index.php\/urun\/posuere-sollicitudin\/","title":{"rendered":"G\u00f6nbeler Pi\u015fmaniye"},"content":{"rendered":"<p data-start=\"159\" data-end=\"462\"><strong data-start=\"159\" data-end=\"230\">Afyon\u2019un 1926\u2019dan beri tatl\u0131 gelene\u011fini s\u00fcrd\u00fcren G\u00f6nbeler Pi\u015fmaniye<\/strong>, pamuk gibi lif lif dokusuyla damaklarda iz b\u0131rakan e\u015fsiz bir lezzettir. \u00d6zenle kavrulmu\u015f un, tereya\u011f\u0131 ve \u015fekerin ustal\u0131kla harmanlanmas\u0131yla haz\u0131rlanan bu geleneksel tatl\u0131, hafif yap\u0131s\u0131 ve a\u011f\u0131zda da\u011f\u0131lan k\u0131vam\u0131yla vazge\u00e7ilmezdir.<\/p>\n<p data-start=\"464\" data-end=\"711\">Hem g\u00fcnl\u00fck tatl\u0131 ihtiyac\u0131n\u0131z\u0131 kar\u015f\u0131layacak hem de misafir sofralar\u0131na \u015f\u0131kl\u0131k katacak <strong data-start=\"549\" data-end=\"571\">G\u00f6nbeler Pi\u015fmaniye<\/strong>, Afyon\u2019un en sevilen ikraml\u0131klar\u0131 aras\u0131nda yer al\u0131r. \u00d6zel kutu se\u00e7enekleriyle sevdiklerinize hediye etmek i\u00e7in de m\u00fckemmel bir tercihtir.<\/p>\n<p data-start=\"713\" data-end=\"832\">\u2705 Afyon\u2019un k\u00f6kl\u00fc tatl\u0131 markas\u0131: G\u00f6nbeler<br data-start=\"753\" data-end=\"756\" \/>\u2705 Geleneksel pi\u015fmaniye ustal\u0131\u011f\u0131<br data-start=\"787\" data-end=\"790\" \/>\u2705 Misafir ikram\u0131 ve hediyelik i\u00e7in ideal<\/p>\n","protected":false},"excerpt":{"rendered":"<p data-start=\"873\" data-end=\"1031\">1926\u2019dan beri Afyon\u2019un lezzet markas\u0131: <strong data-start=\"912\" data-end=\"934\">G\u00f6nbeler Pi\u015fmaniye<\/strong>. Pamuk gibi hafif, lif lif dokusuyla geleneksel tatl\u0131. Hediyelik ve misafir ikram\u0131 i\u00e7in ideal.<\/p>\n","protected":false},"featured_media":1602,"comment_status":"open","ping_status":"closed","template":"","meta":{"_gspb_post_css":"","_themeisle_gutenberg_block_has_review":false},"product_brand":[],"product_cat":[30],"product_tag":[],"class_list":{"0":"post-623","1":"product","2":"type-product","3":"status-publish","4":"has-post-thumbnail","6":"product_cat-pismaniyeler","8":"first","9":"instock","10":"taxable","11":"shipping-taxable","12":"purchasable","13":"product-type-variable"},"ct_brands":[],"yoast_head":"<!-- This site is optimized with the Yoast SEO Premium plugin v24.0 (Yoast SEO v27.4) - https:\/\/yoast.com\/product\/yoast-seo-premium-wordpress\/ -->\n<title>G\u00f6nbeler Pi\u015fmaniye - G\u00d6NBELER LOKUMCULUK<\/title>\n<meta name=\"robots\" content=\"index, follow, max-snippet:-1, max-image-preview:large, max-video-preview:-1\" \/>\n<link rel=\"canonical\" href=\"https:\/\/www.gonbeler.com\/index.php\/urun\/posuere-sollicitudin\/\" \/>\n<meta property=\"og:locale\" content=\"tr_TR\" \/>\n<meta property=\"og:type\" content=\"article\" \/>\n<meta property=\"og:title\" content=\"G\u00f6nbeler Pi\u015fmaniye\" \/>\n<meta property=\"og:description\" content=\"1926\u2019dan beri Afyon\u2019un lezzet markas\u0131: G\u00f6nbeler Pi\u015fmaniye. Pamuk gibi hafif, lif lif dokusuyla geleneksel tatl\u0131. Hediyelik ve misafir ikram\u0131 i\u00e7in ideal.\" \/>\n<meta property=\"og:url\" content=\"https:\/\/www.gonbeler.com\/index.php\/urun\/posuere-sollicitudin\/\" \/>\n<meta property=\"og:site_name\" content=\"G\u00d6NBELER LOKUMCULUK\" \/>\n<meta property=\"article:publisher\" content=\"https:\/\/www.facebook.com\/Gonbeler\/?locale=tr_TR\" \/>\n<meta property=\"article:modified_time\" content=\"2026-01-07T14:58:19+00:00\" \/>\n<meta property=\"og:image\" content=\"https:\/\/www.gonbeler.com\/wp-content\/uploads\/2023\/11\/gonbeler-pismaniye.jpg\" \/>\n\t<meta property=\"og:image:width\" content=\"1200\" \/>\n\t<meta property=\"og:image:height\" content=\"1200\" \/>\n\t<meta property=\"og:image:type\" content=\"image\/jpeg\" \/>\n<meta name=\"twitter:card\" content=\"summary_large_image\" \/>\n<meta name=\"twitter:label1\" content=\"Tahmini okuma s\u00fcresi\" \/>\n\t<meta name=\"twitter:data1\" content=\"1 dakika\" \/>\n<script type=\"application\/ld+json\" class=\"yoast-schema-graph\">{\"@context\":\"https:\\\/\\\/schema.org\",\"@graph\":[{\"@type\":\"WebPage\",\"@id\":\"https:\\\/\\\/www.gonbeler.com\\\/index.php\\\/urun\\\/posuere-sollicitudin\\\/\",\"url\":\"https:\\\/\\\/www.gonbeler.com\\\/index.php\\\/urun\\\/posuere-sollicitudin\\\/\",\"name\":\"G\u00f6nbeler Pi\u015fmaniye - G\u00d6NBELER LOKUMCULUK\",\"isPartOf\":{\"@id\":\"https:\\\/\\\/www.gonbeler.com\\\/#website\"},\"primaryImageOfPage\":{\"@id\":\"https:\\\/\\\/www.gonbeler.com\\\/index.php\\\/urun\\\/posuere-sollicitudin\\\/#primaryimage\"},\"image\":{\"@id\":\"https:\\\/\\\/www.gonbeler.com\\\/index.php\\\/urun\\\/posuere-sollicitudin\\\/#primaryimage\"},\"thumbnailUrl\":\"https:\\\/\\\/www.gonbeler.com\\\/wp-content\\\/uploads\\\/2023\\\/11\\\/gonbeler-pismaniye.jpg\",\"datePublished\":\"2023-11-01T09:28:58+00:00\",\"dateModified\":\"2026-01-07T14:58:19+00:00\",\"breadcrumb\":{\"@id\":\"https:\\\/\\\/www.gonbeler.com\\\/index.php\\\/urun\\\/posuere-sollicitudin\\\/#breadcrumb\"},\"inLanguage\":\"tr\",\"potentialAction\":[{\"@type\":\"ReadAction\",\"target\":[\"https:\\\/\\\/www.gonbeler.com\\\/index.php\\\/urun\\\/posuere-sollicitudin\\\/\"]}]},{\"@type\":\"ImageObject\",\"inLanguage\":\"tr\",\"@id\":\"https:\\\/\\\/www.gonbeler.com\\\/index.php\\\/urun\\\/posuere-sollicitudin\\\/#primaryimage\",\"url\":\"https:\\\/\\\/www.gonbeler.com\\\/wp-content\\\/uploads\\\/2023\\\/11\\\/gonbeler-pismaniye.jpg\",\"contentUrl\":\"https:\\\/\\\/www.gonbeler.com\\\/wp-content\\\/uploads\\\/2023\\\/11\\\/gonbeler-pismaniye.jpg\",\"width\":1200,\"height\":1200},{\"@type\":\"BreadcrumbList\",\"@id\":\"https:\\\/\\\/www.gonbeler.com\\\/index.php\\\/urun\\\/posuere-sollicitudin\\\/#breadcrumb\",\"itemListElement\":[{\"@type\":\"ListItem\",\"position\":1,\"name\":\"Anasayfa\",\"item\":\"https:\\\/\\\/www.gonbeler.com\\\/\"},{\"@type\":\"ListItem\",\"position\":2,\"name\":\"Ma\u011faza\",\"item\":\"https:\\\/\\\/www.gonbeler.com\\\/index.php\\\/magaza\\\/\"},{\"@type\":\"ListItem\",\"position\":3,\"name\":\"G\u00f6nbeler Pi\u015fmaniye\"}]},{\"@type\":\"WebSite\",\"@id\":\"https:\\\/\\\/www.gonbeler.com\\\/#website\",\"url\":\"https:\\\/\\\/www.gonbeler.com\\\/\",\"name\":\"G\u00d6NBELER LOKUMCULUK\",\"description\":\"\",\"publisher\":{\"@id\":\"https:\\\/\\\/www.gonbeler.com\\\/#organization\"},\"potentialAction\":[{\"@type\":\"SearchAction\",\"target\":{\"@type\":\"EntryPoint\",\"urlTemplate\":\"https:\\\/\\\/www.gonbeler.com\\\/?s={search_term_string}\"},\"query-input\":{\"@type\":\"PropertyValueSpecification\",\"valueRequired\":true,\"valueName\":\"search_term_string\"}}],\"inLanguage\":\"tr\"},{\"@type\":\"Organization\",\"@id\":\"https:\\\/\\\/www.gonbeler.com\\\/#organization\",\"name\":\"G\u00d6NBELER LOKUMCULUK\",\"url\":\"https:\\\/\\\/www.gonbeler.com\\\/\",\"logo\":{\"@type\":\"ImageObject\",\"inLanguage\":\"tr\",\"@id\":\"https:\\\/\\\/www.gonbeler.com\\\/#\\\/schema\\\/logo\\\/image\\\/\",\"url\":\"https:\\\/\\\/www.gonbeler.com\\\/wp-content\\\/uploads\\\/2025\\\/10\\\/cropped-car-4.png\",\"contentUrl\":\"https:\\\/\\\/www.gonbeler.com\\\/wp-content\\\/uploads\\\/2025\\\/10\\\/cropped-car-4.png\",\"width\":512,\"height\":512,\"caption\":\"G\u00d6NBELER LOKUMCULUK\"},\"image\":{\"@id\":\"https:\\\/\\\/www.gonbeler.com\\\/#\\\/schema\\\/logo\\\/image\\\/\"},\"sameAs\":[\"https:\\\/\\\/www.facebook.com\\\/Gonbeler\\\/?locale=tr_TR\",\"https:\\\/\\\/www.instagram.com\\\/gonbelerlokumculuk\\\/\"]}]}<\/script>\n<!-- \/ Yoast SEO Premium plugin. -->","yoast_head_json":{"title":"G\u00f6nbeler Pi\u015fmaniye - G\u00d6NBELER LOKUMCULUK","robots":{"index":"index","follow":"follow","max-snippet":"max-snippet:-1","max-image-preview":"max-image-preview:large","max-video-preview":"max-video-preview:-1"},"canonical":"https:\/\/www.gonbeler.com\/index.php\/urun\/posuere-sollicitudin\/","og_locale":"tr_TR","og_type":"article","og_title":"G\u00f6nbeler Pi\u015fmaniye","og_description":"1926\u2019dan beri Afyon\u2019un lezzet markas\u0131: G\u00f6nbeler Pi\u015fmaniye. Pamuk gibi hafif, lif lif dokusuyla geleneksel tatl\u0131. Hediyelik ve misafir ikram\u0131 i\u00e7in ideal.","og_url":"https:\/\/www.gonbeler.com\/index.php\/urun\/posuere-sollicitudin\/","og_site_name":"G\u00d6NBELER LOKUMCULUK","article_publisher":"https:\/\/www.facebook.com\/Gonbeler\/?locale=tr_TR","article_modified_time":"2026-01-07T14:58:19+00:00","og_image":[{"width":1200,"height":1200,"url":"https:\/\/www.gonbeler.com\/wp-content\/uploads\/2023\/11\/gonbeler-pismaniye.jpg","type":"image\/jpeg"}],"twitter_card":"summary_large_image","twitter_misc":{"Tahmini okuma s\u00fcresi":"1 dakika"},"schema":{"@context":"https:\/\/schema.org","@graph":[{"@type":"WebPage","@id":"https:\/\/www.gonbeler.com\/index.php\/urun\/posuere-sollicitudin\/","url":"https:\/\/www.gonbeler.com\/index.php\/urun\/posuere-sollicitudin\/","name":"G\u00f6nbeler Pi\u015fmaniye - G\u00d6NBELER LOKUMCULUK","isPartOf":{"@id":"https:\/\/www.gonbeler.com\/#website"},"primaryImageOfPage":{"@id":"https:\/\/www.gonbeler.com\/index.php\/urun\/posuere-sollicitudin\/#primaryimage"},"image":{"@id":"https:\/\/www.gonbeler.com\/index.php\/urun\/posuere-sollicitudin\/#primaryimage"},"thumbnailUrl":"https:\/\/www.gonbeler.com\/wp-content\/uploads\/2023\/11\/gonbeler-pismaniye.jpg","datePublished":"2023-11-01T09:28:58+00:00","dateModified":"2026-01-07T14:58:19+00:00","breadcrumb":{"@id":"https:\/\/www.gonbeler.com\/index.php\/urun\/posuere-sollicitudin\/#breadcrumb"},"inLanguage":"tr","potentialAction":[{"@type":"ReadAction","target":["https:\/\/www.gonbeler.com\/index.php\/urun\/posuere-sollicitudin\/"]}]},{"@type":"ImageObject","inLanguage":"tr","@id":"https:\/\/www.gonbeler.com\/index.php\/urun\/posuere-sollicitudin\/#primaryimage","url":"https:\/\/www.gonbeler.com\/wp-content\/uploads\/2023\/11\/gonbeler-pismaniye.jpg","contentUrl":"https:\/\/www.gonbeler.com\/wp-content\/uploads\/2023\/11\/gonbeler-pismaniye.jpg","width":1200,"height":1200},{"@type":"BreadcrumbList","@id":"https:\/\/www.gonbeler.com\/index.php\/urun\/posuere-sollicitudin\/#breadcrumb","itemListElement":[{"@type":"ListItem","position":1,"name":"Anasayfa","item":"https:\/\/www.gonbeler.com\/"},{"@type":"ListItem","position":2,"name":"Ma\u011faza","item":"https:\/\/www.gonbeler.com\/index.php\/magaza\/"},{"@type":"ListItem","position":3,"name":"G\u00f6nbeler Pi\u015fmaniye"}]},{"@type":"WebSite","@id":"https:\/\/www.gonbeler.com\/#website","url":"https:\/\/www.gonbeler.com\/","name":"G\u00d6NBELER LOKUMCULUK","description":"","publisher":{"@id":"https:\/\/www.gonbeler.com\/#organization"},"potentialAction":[{"@type":"SearchAction","target":{"@type":"EntryPoint","urlTemplate":"https:\/\/www.gonbeler.com\/?s={search_term_string}"},"query-input":{"@type":"PropertyValueSpecification","valueRequired":true,"valueName":"search_term_string"}}],"inLanguage":"tr"},{"@type":"Organization","@id":"https:\/\/www.gonbeler.com\/#organization","name":"G\u00d6NBELER LOKUMCULUK","url":"https:\/\/www.gonbeler.com\/","logo":{"@type":"ImageObject","inLanguage":"tr","@id":"https:\/\/www.gonbeler.com\/#\/schema\/logo\/image\/","url":"https:\/\/www.gonbeler.com\/wp-content\/uploads\/2025\/10\/cropped-car-4.png","contentUrl":"https:\/\/www.gonbeler.com\/wp-content\/uploads\/2025\/10\/cropped-car-4.png","width":512,"height":512,"caption":"G\u00d6NBELER LOKUMCULUK"},"image":{"@id":"https:\/\/www.gonbeler.com\/#\/schema\/logo\/image\/"},"sameAs":["https:\/\/www.facebook.com\/Gonbeler\/?locale=tr_TR","https:\/\/www.instagram.com\/gonbelerlokumculuk\/"]}]}},"jetpack_sharing_enabled":true,"_links":{"self":[{"href":"https:\/\/www.gonbeler.com\/index.php\/wp-json\/wp\/v2\/product\/623","targetHints":{"allow":["GET"]}}],"collection":[{"href":"https:\/\/www.gonbeler.com\/index.php\/wp-json\/wp\/v2\/product"}],"about":[{"href":"https:\/\/www.gonbeler.com\/index.php\/wp-json\/wp\/v2\/types\/product"}],"replies":[{"embeddable":true,"href":"https:\/\/www.gonbeler.com\/index.php\/wp-json\/wp\/v2\/comments?post=623"}],"wp:featuredmedia":[{"embeddable":true,"href":"https:\/\/www.gonbeler.com\/index.php\/wp-json\/wp\/v2\/media\/1602"}],"wp:attachment":[{"href":"https:\/\/www.gonbeler.com\/index.php\/wp-json\/wp\/v2\/media?parent=623"}],"wp:term":[{"taxonomy":"product_brand","embeddable":true,"href":"https:\/\/www.gonbeler.com\/index.php\/wp-json\/wp\/v2\/product_brand?post=623"},{"taxonomy":"product_cat","embeddable":true,"href":"https:\/\/www.gonbeler.com\/index.php\/wp-json\/wp\/v2\/product_cat?post=623"},{"taxonomy":"product_tag","embeddable":true,"href":"https:\/\/www.gonbeler.com\/index.php\/wp-json\/wp\/v2\/product_tag?post=623"}],"curies":[{"name":"wp","href":"https:\/\/api.w.org\/{rel}","templated":true}]}}