{"id":1355,"date":"2025-10-30T02:39:54","date_gmt":"2025-10-29T23:39:54","guid":{"rendered":"https:\/\/gonbeler.com.tr\/?post_type=product&#038;p=1355"},"modified":"2026-01-07T17:58:33","modified_gmt":"2026-01-07T14:58:33","slug":"visneli-ekmek-kadayifi","status":"publish","type":"product","link":"https:\/\/www.gonbeler.com\/index.php\/urun\/visneli-ekmek-kadayifi\/","title":{"rendered":"Vi\u015fneli Ekmek Kaday\u0131f\u0131"},"content":{"rendered":"<p data-start=\"200\" data-end=\"520\"><strong data-start=\"200\" data-end=\"234\">Afyon\u2019un me\u015fhur ekmek kaday\u0131f\u0131<\/strong>, vi\u015fne aromas\u0131yla bamba\u015fka bir lezzete d\u00f6n\u00fc\u015f\u00fcyor. \u015eerbetle bulu\u015fan yumu\u015fac\u0131k kaday\u0131f katmanlar\u0131, vi\u015fnenin ek\u015fimsi ve ferah aromas\u0131yla birle\u015ferek damaklarda unutulmaz bir tat b\u0131rak\u0131r. Kaymaks\u0131z sade haliyle de, Afyon kayma\u011f\u0131yla ta\u00e7land\u0131r\u0131ld\u0131\u011f\u0131nda da m\u00fckemmel bir tatl\u0131 deneyimi sunar.<\/p>\n<p data-start=\"522\" data-end=\"752\">\u00d6zel g\u00fcnlerde sevdiklerinize ikram edebilece\u011finiz, misafir sofralar\u0131na \u015f\u0131kl\u0131k katacak ve farkl\u0131 bir \u015ferbetli tatl\u0131 arayanlar i\u00e7in ideal bir tercih olan <strong data-start=\"674\" data-end=\"700\">Vi\u015fneli Ekmek Kaday\u0131f\u0131<\/strong>, Afyon\u2019un tatl\u0131 ustal\u0131\u011f\u0131n\u0131n modern bir yorumudur.<\/p>\n<p data-start=\"754\" data-end=\"858\">\u2705 Afyon\u2019un me\u015fhur ekmek kaday\u0131f\u0131<br data-start=\"786\" data-end=\"789\" \/>\u2705 Vi\u015fne aromal\u0131 ferah tatl\u0131<br data-start=\"816\" data-end=\"819\" \/>\u2705 Hediyelik ve \u00f6zel g\u00fcnler i\u00e7in ideal<\/p>\n","protected":false},"excerpt":{"rendered":"<p data-start=\"899\" data-end=\"1044\">Afyon\u2019un \u00f6zel lezzeti: <strong data-start=\"922\" data-end=\"948\">Vi\u015fneli Ekmek Kaday\u0131f\u0131<\/strong>. Vi\u015fne aromal\u0131, \u015ferbetli geleneksel tatl\u0131. Misafir ikram\u0131 ve \u00f6zel g\u00fcnler i\u00e7in m\u00fckemmel se\u00e7im.<\/p>\n","protected":false},"featured_media":1544,"comment_status":"open","ping_status":"closed","template":"","meta":{"_gspb_post_css":"","_themeisle_gutenberg_block_has_review":false},"product_brand":[],"product_cat":[31],"product_tag":[],"class_list":{"0":"post-1355","1":"product","2":"type-product","3":"status-publish","4":"has-post-thumbnail","6":"product_cat-yoresel","8":"first","9":"instock","10":"taxable","11":"shipping-taxable","12":"purchasable","13":"product-type-simple"},"ct_brands":[],"yoast_head":"<!-- This site is optimized with the Yoast SEO Premium plugin v24.0 (Yoast SEO v27.4) - https:\/\/yoast.com\/product\/yoast-seo-premium-wordpress\/ -->\n<title>Vi\u015fneli Ekmek Kaday\u0131f\u0131 - G\u00d6NBELER LOKUMCULUK<\/title>\n<meta name=\"robots\" content=\"index, follow, max-snippet:-1, max-image-preview:large, max-video-preview:-1\" \/>\n<link rel=\"canonical\" href=\"https:\/\/www.gonbeler.com\/index.php\/urun\/visneli-ekmek-kadayifi\/\" \/>\n<meta property=\"og:locale\" content=\"tr_TR\" \/>\n<meta property=\"og:type\" content=\"article\" \/>\n<meta property=\"og:title\" content=\"Vi\u015fneli Ekmek Kaday\u0131f\u0131\" \/>\n<meta property=\"og:description\" content=\"Afyon\u2019un \u00f6zel lezzeti: Vi\u015fneli Ekmek Kaday\u0131f\u0131. Vi\u015fne aromal\u0131, \u015ferbetli geleneksel tatl\u0131. Misafir ikram\u0131 ve \u00f6zel g\u00fcnler i\u00e7in m\u00fckemmel se\u00e7im.\" \/>\n<meta property=\"og:url\" content=\"https:\/\/www.gonbeler.com\/index.php\/urun\/visneli-ekmek-kadayifi\/\" \/>\n<meta property=\"og:site_name\" content=\"G\u00d6NBELER LOKUMCULUK\" \/>\n<meta property=\"article:publisher\" content=\"https:\/\/www.facebook.com\/Gonbeler\/?locale=tr_TR\" \/>\n<meta property=\"article:modified_time\" content=\"2026-01-07T14:58:33+00:00\" \/>\n<meta property=\"og:image\" content=\"https:\/\/www.gonbeler.com\/wp-content\/uploads\/2025\/10\/gonbeler-site-gorselleri-22.png\" \/>\n\t<meta property=\"og:image:width\" content=\"1000\" \/>\n\t<meta property=\"og:image:height\" content=\"1000\" \/>\n\t<meta property=\"og:image:type\" content=\"image\/png\" \/>\n<meta name=\"twitter:card\" content=\"summary_large_image\" \/>\n<meta name=\"twitter:label1\" content=\"Tahmini okuma s\u00fcresi\" \/>\n\t<meta name=\"twitter:data1\" content=\"1 dakika\" \/>\n<script type=\"application\/ld+json\" class=\"yoast-schema-graph\">{\"@context\":\"https:\\\/\\\/schema.org\",\"@graph\":[{\"@type\":\"WebPage\",\"@id\":\"https:\\\/\\\/www.gonbeler.com\\\/index.php\\\/urun\\\/visneli-ekmek-kadayifi\\\/\",\"url\":\"https:\\\/\\\/www.gonbeler.com\\\/index.php\\\/urun\\\/visneli-ekmek-kadayifi\\\/\",\"name\":\"Vi\u015fneli Ekmek Kaday\u0131f\u0131 - G\u00d6NBELER LOKUMCULUK\",\"isPartOf\":{\"@id\":\"https:\\\/\\\/www.gonbeler.com\\\/#website\"},\"primaryImageOfPage\":{\"@id\":\"https:\\\/\\\/www.gonbeler.com\\\/index.php\\\/urun\\\/visneli-ekmek-kadayifi\\\/#primaryimage\"},\"image\":{\"@id\":\"https:\\\/\\\/www.gonbeler.com\\\/index.php\\\/urun\\\/visneli-ekmek-kadayifi\\\/#primaryimage\"},\"thumbnailUrl\":\"https:\\\/\\\/www.gonbeler.com\\\/wp-content\\\/uploads\\\/2025\\\/10\\\/gonbeler-site-gorselleri-22.png\",\"datePublished\":\"2025-10-29T23:39:54+00:00\",\"dateModified\":\"2026-01-07T14:58:33+00:00\",\"breadcrumb\":{\"@id\":\"https:\\\/\\\/www.gonbeler.com\\\/index.php\\\/urun\\\/visneli-ekmek-kadayifi\\\/#breadcrumb\"},\"inLanguage\":\"tr\",\"potentialAction\":[{\"@type\":\"ReadAction\",\"target\":[\"https:\\\/\\\/www.gonbeler.com\\\/index.php\\\/urun\\\/visneli-ekmek-kadayifi\\\/\"]}]},{\"@type\":\"ImageObject\",\"inLanguage\":\"tr\",\"@id\":\"https:\\\/\\\/www.gonbeler.com\\\/index.php\\\/urun\\\/visneli-ekmek-kadayifi\\\/#primaryimage\",\"url\":\"https:\\\/\\\/www.gonbeler.com\\\/wp-content\\\/uploads\\\/2025\\\/10\\\/gonbeler-site-gorselleri-22.png\",\"contentUrl\":\"https:\\\/\\\/www.gonbeler.com\\\/wp-content\\\/uploads\\\/2025\\\/10\\\/gonbeler-site-gorselleri-22.png\",\"width\":1000,\"height\":1000},{\"@type\":\"BreadcrumbList\",\"@id\":\"https:\\\/\\\/www.gonbeler.com\\\/index.php\\\/urun\\\/visneli-ekmek-kadayifi\\\/#breadcrumb\",\"itemListElement\":[{\"@type\":\"ListItem\",\"position\":1,\"name\":\"Anasayfa\",\"item\":\"https:\\\/\\\/www.gonbeler.com\\\/\"},{\"@type\":\"ListItem\",\"position\":2,\"name\":\"Ma\u011faza\",\"item\":\"https:\\\/\\\/www.gonbeler.com\\\/index.php\\\/magaza\\\/\"},{\"@type\":\"ListItem\",\"position\":3,\"name\":\"Vi\u015fneli Ekmek Kaday\u0131f\u0131\"}]},{\"@type\":\"WebSite\",\"@id\":\"https:\\\/\\\/www.gonbeler.com\\\/#website\",\"url\":\"https:\\\/\\\/www.gonbeler.com\\\/\",\"name\":\"G\u00d6NBELER LOKUMCULUK\",\"description\":\"\",\"publisher\":{\"@id\":\"https:\\\/\\\/www.gonbeler.com\\\/#organization\"},\"potentialAction\":[{\"@type\":\"SearchAction\",\"target\":{\"@type\":\"EntryPoint\",\"urlTemplate\":\"https:\\\/\\\/www.gonbeler.com\\\/?s={search_term_string}\"},\"query-input\":{\"@type\":\"PropertyValueSpecification\",\"valueRequired\":true,\"valueName\":\"search_term_string\"}}],\"inLanguage\":\"tr\"},{\"@type\":\"Organization\",\"@id\":\"https:\\\/\\\/www.gonbeler.com\\\/#organization\",\"name\":\"G\u00d6NBELER LOKUMCULUK\",\"url\":\"https:\\\/\\\/www.gonbeler.com\\\/\",\"logo\":{\"@type\":\"ImageObject\",\"inLanguage\":\"tr\",\"@id\":\"https:\\\/\\\/www.gonbeler.com\\\/#\\\/schema\\\/logo\\\/image\\\/\",\"url\":\"https:\\\/\\\/www.gonbeler.com\\\/wp-content\\\/uploads\\\/2025\\\/10\\\/cropped-car-4.png\",\"contentUrl\":\"https:\\\/\\\/www.gonbeler.com\\\/wp-content\\\/uploads\\\/2025\\\/10\\\/cropped-car-4.png\",\"width\":512,\"height\":512,\"caption\":\"G\u00d6NBELER LOKUMCULUK\"},\"image\":{\"@id\":\"https:\\\/\\\/www.gonbeler.com\\\/#\\\/schema\\\/logo\\\/image\\\/\"},\"sameAs\":[\"https:\\\/\\\/www.facebook.com\\\/Gonbeler\\\/?locale=tr_TR\",\"https:\\\/\\\/www.instagram.com\\\/gonbelerlokumculuk\\\/\"]}]}<\/script>\n<!-- \/ Yoast SEO Premium plugin. -->","yoast_head_json":{"title":"Vi\u015fneli Ekmek Kaday\u0131f\u0131 - G\u00d6NBELER LOKUMCULUK","robots":{"index":"index","follow":"follow","max-snippet":"max-snippet:-1","max-image-preview":"max-image-preview:large","max-video-preview":"max-video-preview:-1"},"canonical":"https:\/\/www.gonbeler.com\/index.php\/urun\/visneli-ekmek-kadayifi\/","og_locale":"tr_TR","og_type":"article","og_title":"Vi\u015fneli Ekmek Kaday\u0131f\u0131","og_description":"Afyon\u2019un \u00f6zel lezzeti: Vi\u015fneli Ekmek Kaday\u0131f\u0131. Vi\u015fne aromal\u0131, \u015ferbetli geleneksel tatl\u0131. Misafir ikram\u0131 ve \u00f6zel g\u00fcnler i\u00e7in m\u00fckemmel se\u00e7im.","og_url":"https:\/\/www.gonbeler.com\/index.php\/urun\/visneli-ekmek-kadayifi\/","og_site_name":"G\u00d6NBELER LOKUMCULUK","article_publisher":"https:\/\/www.facebook.com\/Gonbeler\/?locale=tr_TR","article_modified_time":"2026-01-07T14:58:33+00:00","og_image":[{"width":1000,"height":1000,"url":"https:\/\/www.gonbeler.com\/wp-content\/uploads\/2025\/10\/gonbeler-site-gorselleri-22.png","type":"image\/png"}],"twitter_card":"summary_large_image","twitter_misc":{"Tahmini okuma s\u00fcresi":"1 dakika"},"schema":{"@context":"https:\/\/schema.org","@graph":[{"@type":"WebPage","@id":"https:\/\/www.gonbeler.com\/index.php\/urun\/visneli-ekmek-kadayifi\/","url":"https:\/\/www.gonbeler.com\/index.php\/urun\/visneli-ekmek-kadayifi\/","name":"Vi\u015fneli Ekmek Kaday\u0131f\u0131 - G\u00d6NBELER LOKUMCULUK","isPartOf":{"@id":"https:\/\/www.gonbeler.com\/#website"},"primaryImageOfPage":{"@id":"https:\/\/www.gonbeler.com\/index.php\/urun\/visneli-ekmek-kadayifi\/#primaryimage"},"image":{"@id":"https:\/\/www.gonbeler.com\/index.php\/urun\/visneli-ekmek-kadayifi\/#primaryimage"},"thumbnailUrl":"https:\/\/www.gonbeler.com\/wp-content\/uploads\/2025\/10\/gonbeler-site-gorselleri-22.png","datePublished":"2025-10-29T23:39:54+00:00","dateModified":"2026-01-07T14:58:33+00:00","breadcrumb":{"@id":"https:\/\/www.gonbeler.com\/index.php\/urun\/visneli-ekmek-kadayifi\/#breadcrumb"},"inLanguage":"tr","potentialAction":[{"@type":"ReadAction","target":["https:\/\/www.gonbeler.com\/index.php\/urun\/visneli-ekmek-kadayifi\/"]}]},{"@type":"ImageObject","inLanguage":"tr","@id":"https:\/\/www.gonbeler.com\/index.php\/urun\/visneli-ekmek-kadayifi\/#primaryimage","url":"https:\/\/www.gonbeler.com\/wp-content\/uploads\/2025\/10\/gonbeler-site-gorselleri-22.png","contentUrl":"https:\/\/www.gonbeler.com\/wp-content\/uploads\/2025\/10\/gonbeler-site-gorselleri-22.png","width":1000,"height":1000},{"@type":"BreadcrumbList","@id":"https:\/\/www.gonbeler.com\/index.php\/urun\/visneli-ekmek-kadayifi\/#breadcrumb","itemListElement":[{"@type":"ListItem","position":1,"name":"Anasayfa","item":"https:\/\/www.gonbeler.com\/"},{"@type":"ListItem","position":2,"name":"Ma\u011faza","item":"https:\/\/www.gonbeler.com\/index.php\/magaza\/"},{"@type":"ListItem","position":3,"name":"Vi\u015fneli Ekmek Kaday\u0131f\u0131"}]},{"@type":"WebSite","@id":"https:\/\/www.gonbeler.com\/#website","url":"https:\/\/www.gonbeler.com\/","name":"G\u00d6NBELER LOKUMCULUK","description":"","publisher":{"@id":"https:\/\/www.gonbeler.com\/#organization"},"potentialAction":[{"@type":"SearchAction","target":{"@type":"EntryPoint","urlTemplate":"https:\/\/www.gonbeler.com\/?s={search_term_string}"},"query-input":{"@type":"PropertyValueSpecification","valueRequired":true,"valueName":"search_term_string"}}],"inLanguage":"tr"},{"@type":"Organization","@id":"https:\/\/www.gonbeler.com\/#organization","name":"G\u00d6NBELER LOKUMCULUK","url":"https:\/\/www.gonbeler.com\/","logo":{"@type":"ImageObject","inLanguage":"tr","@id":"https:\/\/www.gonbeler.com\/#\/schema\/logo\/image\/","url":"https:\/\/www.gonbeler.com\/wp-content\/uploads\/2025\/10\/cropped-car-4.png","contentUrl":"https:\/\/www.gonbeler.com\/wp-content\/uploads\/2025\/10\/cropped-car-4.png","width":512,"height":512,"caption":"G\u00d6NBELER LOKUMCULUK"},"image":{"@id":"https:\/\/www.gonbeler.com\/#\/schema\/logo\/image\/"},"sameAs":["https:\/\/www.facebook.com\/Gonbeler\/?locale=tr_TR","https:\/\/www.instagram.com\/gonbelerlokumculuk\/"]}]}},"jetpack_sharing_enabled":true,"_links":{"self":[{"href":"https:\/\/www.gonbeler.com\/index.php\/wp-json\/wp\/v2\/product\/1355","targetHints":{"allow":["GET"]}}],"collection":[{"href":"https:\/\/www.gonbeler.com\/index.php\/wp-json\/wp\/v2\/product"}],"about":[{"href":"https:\/\/www.gonbeler.com\/index.php\/wp-json\/wp\/v2\/types\/product"}],"replies":[{"embeddable":true,"href":"https:\/\/www.gonbeler.com\/index.php\/wp-json\/wp\/v2\/comments?post=1355"}],"wp:featuredmedia":[{"embeddable":true,"href":"https:\/\/www.gonbeler.com\/index.php\/wp-json\/wp\/v2\/media\/1544"}],"wp:attachment":[{"href":"https:\/\/www.gonbeler.com\/index.php\/wp-json\/wp\/v2\/media?parent=1355"}],"wp:term":[{"taxonomy":"product_brand","embeddable":true,"href":"https:\/\/www.gonbeler.com\/index.php\/wp-json\/wp\/v2\/product_brand?post=1355"},{"taxonomy":"product_cat","embeddable":true,"href":"https:\/\/www.gonbeler.com\/index.php\/wp-json\/wp\/v2\/product_cat?post=1355"},{"taxonomy":"product_tag","embeddable":true,"href":"https:\/\/www.gonbeler.com\/index.php\/wp-json\/wp\/v2\/product_tag?post=1355"}],"curies":[{"name":"wp","href":"https:\/\/api.w.org\/{rel}","templated":true}]}}