{"id":1352,"date":"2025-10-30T02:38:32","date_gmt":"2025-10-29T23:38:32","guid":{"rendered":"https:\/\/gonbeler.com.tr\/?post_type=product&#038;p=1352"},"modified":"2026-01-07T17:58:33","modified_gmt":"2026-01-07T14:58:33","slug":"sade-ekmek-kadayifi","status":"publish","type":"product","link":"https:\/\/www.gonbeler.com\/index.php\/urun\/sade-ekmek-kadayifi\/","title":{"rendered":"Sade Ekmek Kaday\u0131f\u0131"},"content":{"rendered":"<p data-start=\"202\" data-end=\"452\"><strong data-start=\"202\" data-end=\"249\">Afyon\u2019un me\u015fhur tatl\u0131s\u0131 Sade Ekmek Kaday\u0131f\u0131<\/strong>, \u00f6zel olarak haz\u0131rlanan ekmek kaday\u0131f\u0131 hamurunun \u015ferbetle bulu\u015fmas\u0131yla ortaya \u00e7\u0131kan e\u015fsiz bir lezzettir. Yumu\u015fac\u0131k dokusu, \u015ferbetin dengeli k\u0131vam\u0131 ve hafifli\u011fiyle damaklarda unutulmaz bir tat b\u0131rak\u0131r.<\/p>\n<p data-start=\"454\" data-end=\"805\">Kaymak eklenmeden sade haliyle sunulan bu tatl\u0131, geleneksel lezzetleri sevenler i\u00e7in vazge\u00e7ilmezdir. Misafir sofralar\u0131nda \u015f\u0131k bir ikram, \u00f6zel g\u00fcnlerde sevdiklerinize sunabilece\u011finiz geleneksel bir tatl\u0131 ve g\u00fcnl\u00fck t\u00fcketim i\u00e7in ideal bir tercihtir. <strong data-start=\"701\" data-end=\"758\">Afyon\u2019un tatl\u0131 ustal\u0131\u011f\u0131n\u0131 ya\u015fatan Sade Ekmek Kaday\u0131f\u0131<\/strong>, y\u00f6resel mutfa\u011f\u0131n en \u00f6zel lezzetlerindendir.<\/p>\n<p data-start=\"807\" data-end=\"919\">\u2705 Afyon\u2019un me\u015fhur tatl\u0131s\u0131<br data-start=\"832\" data-end=\"835\" \/>\u2705 \u015eerbetle bulu\u015fan yumu\u015fac\u0131k kaday\u0131f<br data-start=\"871\" data-end=\"874\" \/>\u2705 Hediyelik ve misafir ikram\u0131 i\u00e7in m\u00fckemmel<\/p>\n","protected":false},"excerpt":{"rendered":"<p data-start=\"960\" data-end=\"1109\">Afyon\u2019un e\u015fsiz lezzeti: <strong data-start=\"984\" data-end=\"1007\">Sade Ekmek Kaday\u0131f\u0131<\/strong>. Geleneksel y\u00f6ntemlerle haz\u0131rlanan, \u015ferbetli hafif tatl\u0131. Misafir ikram\u0131 ve \u00f6zel g\u00fcnler i\u00e7in ideal.<\/p>\n","protected":false},"featured_media":1545,"comment_status":"open","ping_status":"closed","template":"","meta":{"_gspb_post_css":"","_themeisle_gutenberg_block_has_review":false},"product_brand":[],"product_cat":[31],"product_tag":[],"class_list":{"0":"post-1352","1":"product","2":"type-product","3":"status-publish","4":"has-post-thumbnail","6":"product_cat-yoresel","8":"first","9":"instock","10":"taxable","11":"shipping-taxable","12":"purchasable","13":"product-type-simple"},"ct_brands":[],"yoast_head":"<!-- This site is optimized with the Yoast SEO Premium plugin v24.0 (Yoast SEO v27.4) - https:\/\/yoast.com\/product\/yoast-seo-premium-wordpress\/ -->\n<title>Sade Ekmek Kaday\u0131f\u0131 - G\u00d6NBELER LOKUMCULUK<\/title>\n<meta name=\"robots\" content=\"index, follow, max-snippet:-1, max-image-preview:large, max-video-preview:-1\" \/>\n<link rel=\"canonical\" href=\"https:\/\/www.gonbeler.com\/index.php\/urun\/sade-ekmek-kadayifi\/\" \/>\n<meta property=\"og:locale\" content=\"tr_TR\" \/>\n<meta property=\"og:type\" content=\"article\" \/>\n<meta property=\"og:title\" content=\"Sade Ekmek Kaday\u0131f\u0131\" \/>\n<meta property=\"og:description\" content=\"Afyon\u2019un e\u015fsiz lezzeti: Sade Ekmek Kaday\u0131f\u0131. Geleneksel y\u00f6ntemlerle haz\u0131rlanan, \u015ferbetli hafif tatl\u0131. Misafir ikram\u0131 ve \u00f6zel g\u00fcnler i\u00e7in ideal.\" \/>\n<meta property=\"og:url\" content=\"https:\/\/www.gonbeler.com\/index.php\/urun\/sade-ekmek-kadayifi\/\" \/>\n<meta property=\"og:site_name\" content=\"G\u00d6NBELER LOKUMCULUK\" \/>\n<meta property=\"article:publisher\" content=\"https:\/\/www.facebook.com\/Gonbeler\/?locale=tr_TR\" \/>\n<meta property=\"article:modified_time\" content=\"2026-01-07T14:58:33+00:00\" \/>\n<meta property=\"og:image\" content=\"https:\/\/www.gonbeler.com\/wp-content\/uploads\/2025\/10\/gonbeler-site-gorselleri-21.png\" \/>\n\t<meta property=\"og:image:width\" content=\"1000\" \/>\n\t<meta property=\"og:image:height\" content=\"1000\" \/>\n\t<meta property=\"og:image:type\" content=\"image\/png\" \/>\n<meta name=\"twitter:card\" content=\"summary_large_image\" \/>\n<meta name=\"twitter:label1\" content=\"Tahmini okuma s\u00fcresi\" \/>\n\t<meta name=\"twitter:data1\" content=\"1 dakika\" \/>\n<script type=\"application\/ld+json\" class=\"yoast-schema-graph\">{\"@context\":\"https:\\\/\\\/schema.org\",\"@graph\":[{\"@type\":\"WebPage\",\"@id\":\"https:\\\/\\\/www.gonbeler.com\\\/index.php\\\/urun\\\/sade-ekmek-kadayifi\\\/\",\"url\":\"https:\\\/\\\/www.gonbeler.com\\\/index.php\\\/urun\\\/sade-ekmek-kadayifi\\\/\",\"name\":\"Sade Ekmek Kaday\u0131f\u0131 - G\u00d6NBELER LOKUMCULUK\",\"isPartOf\":{\"@id\":\"https:\\\/\\\/www.gonbeler.com\\\/#website\"},\"primaryImageOfPage\":{\"@id\":\"https:\\\/\\\/www.gonbeler.com\\\/index.php\\\/urun\\\/sade-ekmek-kadayifi\\\/#primaryimage\"},\"image\":{\"@id\":\"https:\\\/\\\/www.gonbeler.com\\\/index.php\\\/urun\\\/sade-ekmek-kadayifi\\\/#primaryimage\"},\"thumbnailUrl\":\"https:\\\/\\\/www.gonbeler.com\\\/wp-content\\\/uploads\\\/2025\\\/10\\\/gonbeler-site-gorselleri-21.png\",\"datePublished\":\"2025-10-29T23:38:32+00:00\",\"dateModified\":\"2026-01-07T14:58:33+00:00\",\"breadcrumb\":{\"@id\":\"https:\\\/\\\/www.gonbeler.com\\\/index.php\\\/urun\\\/sade-ekmek-kadayifi\\\/#breadcrumb\"},\"inLanguage\":\"tr\",\"potentialAction\":[{\"@type\":\"ReadAction\",\"target\":[\"https:\\\/\\\/www.gonbeler.com\\\/index.php\\\/urun\\\/sade-ekmek-kadayifi\\\/\"]}]},{\"@type\":\"ImageObject\",\"inLanguage\":\"tr\",\"@id\":\"https:\\\/\\\/www.gonbeler.com\\\/index.php\\\/urun\\\/sade-ekmek-kadayifi\\\/#primaryimage\",\"url\":\"https:\\\/\\\/www.gonbeler.com\\\/wp-content\\\/uploads\\\/2025\\\/10\\\/gonbeler-site-gorselleri-21.png\",\"contentUrl\":\"https:\\\/\\\/www.gonbeler.com\\\/wp-content\\\/uploads\\\/2025\\\/10\\\/gonbeler-site-gorselleri-21.png\",\"width\":1000,\"height\":1000},{\"@type\":\"BreadcrumbList\",\"@id\":\"https:\\\/\\\/www.gonbeler.com\\\/index.php\\\/urun\\\/sade-ekmek-kadayifi\\\/#breadcrumb\",\"itemListElement\":[{\"@type\":\"ListItem\",\"position\":1,\"name\":\"Anasayfa\",\"item\":\"https:\\\/\\\/www.gonbeler.com\\\/\"},{\"@type\":\"ListItem\",\"position\":2,\"name\":\"Ma\u011faza\",\"item\":\"https:\\\/\\\/www.gonbeler.com\\\/index.php\\\/magaza\\\/\"},{\"@type\":\"ListItem\",\"position\":3,\"name\":\"Sade Ekmek Kaday\u0131f\u0131\"}]},{\"@type\":\"WebSite\",\"@id\":\"https:\\\/\\\/www.gonbeler.com\\\/#website\",\"url\":\"https:\\\/\\\/www.gonbeler.com\\\/\",\"name\":\"G\u00d6NBELER LOKUMCULUK\",\"description\":\"\",\"publisher\":{\"@id\":\"https:\\\/\\\/www.gonbeler.com\\\/#organization\"},\"potentialAction\":[{\"@type\":\"SearchAction\",\"target\":{\"@type\":\"EntryPoint\",\"urlTemplate\":\"https:\\\/\\\/www.gonbeler.com\\\/?s={search_term_string}\"},\"query-input\":{\"@type\":\"PropertyValueSpecification\",\"valueRequired\":true,\"valueName\":\"search_term_string\"}}],\"inLanguage\":\"tr\"},{\"@type\":\"Organization\",\"@id\":\"https:\\\/\\\/www.gonbeler.com\\\/#organization\",\"name\":\"G\u00d6NBELER LOKUMCULUK\",\"url\":\"https:\\\/\\\/www.gonbeler.com\\\/\",\"logo\":{\"@type\":\"ImageObject\",\"inLanguage\":\"tr\",\"@id\":\"https:\\\/\\\/www.gonbeler.com\\\/#\\\/schema\\\/logo\\\/image\\\/\",\"url\":\"https:\\\/\\\/www.gonbeler.com\\\/wp-content\\\/uploads\\\/2025\\\/10\\\/cropped-car-4.png\",\"contentUrl\":\"https:\\\/\\\/www.gonbeler.com\\\/wp-content\\\/uploads\\\/2025\\\/10\\\/cropped-car-4.png\",\"width\":512,\"height\":512,\"caption\":\"G\u00d6NBELER LOKUMCULUK\"},\"image\":{\"@id\":\"https:\\\/\\\/www.gonbeler.com\\\/#\\\/schema\\\/logo\\\/image\\\/\"},\"sameAs\":[\"https:\\\/\\\/www.facebook.com\\\/Gonbeler\\\/?locale=tr_TR\",\"https:\\\/\\\/www.instagram.com\\\/gonbelerlokumculuk\\\/\"]}]}<\/script>\n<!-- \/ Yoast SEO Premium plugin. -->","yoast_head_json":{"title":"Sade Ekmek Kaday\u0131f\u0131 - G\u00d6NBELER LOKUMCULUK","robots":{"index":"index","follow":"follow","max-snippet":"max-snippet:-1","max-image-preview":"max-image-preview:large","max-video-preview":"max-video-preview:-1"},"canonical":"https:\/\/www.gonbeler.com\/index.php\/urun\/sade-ekmek-kadayifi\/","og_locale":"tr_TR","og_type":"article","og_title":"Sade Ekmek Kaday\u0131f\u0131","og_description":"Afyon\u2019un e\u015fsiz lezzeti: Sade Ekmek Kaday\u0131f\u0131. Geleneksel y\u00f6ntemlerle haz\u0131rlanan, \u015ferbetli hafif tatl\u0131. Misafir ikram\u0131 ve \u00f6zel g\u00fcnler i\u00e7in ideal.","og_url":"https:\/\/www.gonbeler.com\/index.php\/urun\/sade-ekmek-kadayifi\/","og_site_name":"G\u00d6NBELER LOKUMCULUK","article_publisher":"https:\/\/www.facebook.com\/Gonbeler\/?locale=tr_TR","article_modified_time":"2026-01-07T14:58:33+00:00","og_image":[{"url":"https:\/\/www.gonbeler.com\/wp-content\/uploads\/2025\/10\/gonbeler-site-gorselleri-21.png","width":1000,"height":1000,"type":"image\/png"}],"twitter_card":"summary_large_image","twitter_misc":{"Tahmini okuma s\u00fcresi":"1 dakika"},"schema":{"@context":"https:\/\/schema.org","@graph":[{"@type":"WebPage","@id":"https:\/\/www.gonbeler.com\/index.php\/urun\/sade-ekmek-kadayifi\/","url":"https:\/\/www.gonbeler.com\/index.php\/urun\/sade-ekmek-kadayifi\/","name":"Sade Ekmek Kaday\u0131f\u0131 - G\u00d6NBELER LOKUMCULUK","isPartOf":{"@id":"https:\/\/www.gonbeler.com\/#website"},"primaryImageOfPage":{"@id":"https:\/\/www.gonbeler.com\/index.php\/urun\/sade-ekmek-kadayifi\/#primaryimage"},"image":{"@id":"https:\/\/www.gonbeler.com\/index.php\/urun\/sade-ekmek-kadayifi\/#primaryimage"},"thumbnailUrl":"https:\/\/www.gonbeler.com\/wp-content\/uploads\/2025\/10\/gonbeler-site-gorselleri-21.png","datePublished":"2025-10-29T23:38:32+00:00","dateModified":"2026-01-07T14:58:33+00:00","breadcrumb":{"@id":"https:\/\/www.gonbeler.com\/index.php\/urun\/sade-ekmek-kadayifi\/#breadcrumb"},"inLanguage":"tr","potentialAction":[{"@type":"ReadAction","target":["https:\/\/www.gonbeler.com\/index.php\/urun\/sade-ekmek-kadayifi\/"]}]},{"@type":"ImageObject","inLanguage":"tr","@id":"https:\/\/www.gonbeler.com\/index.php\/urun\/sade-ekmek-kadayifi\/#primaryimage","url":"https:\/\/www.gonbeler.com\/wp-content\/uploads\/2025\/10\/gonbeler-site-gorselleri-21.png","contentUrl":"https:\/\/www.gonbeler.com\/wp-content\/uploads\/2025\/10\/gonbeler-site-gorselleri-21.png","width":1000,"height":1000},{"@type":"BreadcrumbList","@id":"https:\/\/www.gonbeler.com\/index.php\/urun\/sade-ekmek-kadayifi\/#breadcrumb","itemListElement":[{"@type":"ListItem","position":1,"name":"Anasayfa","item":"https:\/\/www.gonbeler.com\/"},{"@type":"ListItem","position":2,"name":"Ma\u011faza","item":"https:\/\/www.gonbeler.com\/index.php\/magaza\/"},{"@type":"ListItem","position":3,"name":"Sade Ekmek Kaday\u0131f\u0131"}]},{"@type":"WebSite","@id":"https:\/\/www.gonbeler.com\/#website","url":"https:\/\/www.gonbeler.com\/","name":"G\u00d6NBELER LOKUMCULUK","description":"","publisher":{"@id":"https:\/\/www.gonbeler.com\/#organization"},"potentialAction":[{"@type":"SearchAction","target":{"@type":"EntryPoint","urlTemplate":"https:\/\/www.gonbeler.com\/?s={search_term_string}"},"query-input":{"@type":"PropertyValueSpecification","valueRequired":true,"valueName":"search_term_string"}}],"inLanguage":"tr"},{"@type":"Organization","@id":"https:\/\/www.gonbeler.com\/#organization","name":"G\u00d6NBELER LOKUMCULUK","url":"https:\/\/www.gonbeler.com\/","logo":{"@type":"ImageObject","inLanguage":"tr","@id":"https:\/\/www.gonbeler.com\/#\/schema\/logo\/image\/","url":"https:\/\/www.gonbeler.com\/wp-content\/uploads\/2025\/10\/cropped-car-4.png","contentUrl":"https:\/\/www.gonbeler.com\/wp-content\/uploads\/2025\/10\/cropped-car-4.png","width":512,"height":512,"caption":"G\u00d6NBELER LOKUMCULUK"},"image":{"@id":"https:\/\/www.gonbeler.com\/#\/schema\/logo\/image\/"},"sameAs":["https:\/\/www.facebook.com\/Gonbeler\/?locale=tr_TR","https:\/\/www.instagram.com\/gonbelerlokumculuk\/"]}]}},"jetpack_sharing_enabled":true,"_links":{"self":[{"href":"https:\/\/www.gonbeler.com\/index.php\/wp-json\/wp\/v2\/product\/1352","targetHints":{"allow":["GET"]}}],"collection":[{"href":"https:\/\/www.gonbeler.com\/index.php\/wp-json\/wp\/v2\/product"}],"about":[{"href":"https:\/\/www.gonbeler.com\/index.php\/wp-json\/wp\/v2\/types\/product"}],"replies":[{"embeddable":true,"href":"https:\/\/www.gonbeler.com\/index.php\/wp-json\/wp\/v2\/comments?post=1352"}],"wp:featuredmedia":[{"embeddable":true,"href":"https:\/\/www.gonbeler.com\/index.php\/wp-json\/wp\/v2\/media\/1545"}],"wp:attachment":[{"href":"https:\/\/www.gonbeler.com\/index.php\/wp-json\/wp\/v2\/media?parent=1352"}],"wp:term":[{"taxonomy":"product_brand","embeddable":true,"href":"https:\/\/www.gonbeler.com\/index.php\/wp-json\/wp\/v2\/product_brand?post=1352"},{"taxonomy":"product_cat","embeddable":true,"href":"https:\/\/www.gonbeler.com\/index.php\/wp-json\/wp\/v2\/product_cat?post=1352"},{"taxonomy":"product_tag","embeddable":true,"href":"https:\/\/www.gonbeler.com\/index.php\/wp-json\/wp\/v2\/product_tag?post=1352"}],"curies":[{"name":"wp","href":"https:\/\/api.w.org\/{rel}","templated":true}]}}