{"id":13449,"date":"2026-02-20T17:49:51","date_gmt":"2026-02-20T14:49:51","guid":{"rendered":"https:\/\/www.gonbeler.com\/?post_type=product&#038;p=13449"},"modified":"2026-02-20T17:51:43","modified_gmt":"2026-02-20T14:51:43","slug":"mukemmel-paket","status":"publish","type":"product","link":"https:\/\/www.gonbeler.com\/index.php\/urun\/mukemmel-paket\/","title":{"rendered":"M\u00dcKEMMEL PAKET"},"content":{"rendered":"","protected":false},"excerpt":{"rendered":"<p>G\u00f6nbeler\u2019den M\u00fckemmel Paket \u2013 Tatl\u0131 Keyfin En \u015e\u0131k Hali! \u2728<\/p>\n<p>Sevdiklerinize hediye edebilece\u011finiz ya da kendinizi \u015f\u0131martabilece\u011finiz \u00f6zenle haz\u0131rlanm\u0131\u015f lezzet dolu paketimiz sizlerle! \ud83c\udf81<\/p>\n<p>\ud83d\udce6 Paket \u0130\u00e7eri\u011fi:<br \/>\n\u2714 K\u00fc\u00e7\u00fck boy G\u00f6nbeler pi\u015fmaniye<br \/>\n\u2714 Plastik kutuda mini meyveli ku\u015f lokumu<br \/>\n\u2714 500 gr bisk\u00fcvili lokum<br \/>\n\u2714 500 gr g\u00fcll\u00fc lokum<br \/>\n\u2714 500 gr kar\u0131\u015f\u0131k lokum<br \/>\n\u2714 500 gr sultan sade lokum<\/p>\n<p>Tatl\u0131 lezzetleri avantajl\u0131 fiyatla kap\u0131n\u0131za kadar getiriyoruz.<br \/>\nStoklar s\u0131n\u0131rl\u0131, sipari\u015f i\u00e7in hemen sipari\u015fini olu\u015ftur.<\/p>\n","protected":false},"featured_media":13450,"comment_status":"open","ping_status":"closed","template":"","meta":{"_gspb_post_css":"","_themeisle_gutenberg_block_has_review":false},"product_brand":[],"product_cat":[35],"product_tag":[],"class_list":{"0":"post-13449","1":"product","2":"type-product","3":"status-publish","4":"has-post-thumbnail","6":"product_cat-kampanyali-paketler","8":"first","9":"instock","10":"sale","11":"taxable","12":"shipping-taxable","13":"purchasable","14":"product-type-simple"},"ct_brands":[],"yoast_head":"<!-- This site is optimized with the Yoast SEO Premium plugin v24.0 (Yoast SEO v27.3) - https:\/\/yoast.com\/product\/yoast-seo-premium-wordpress\/ -->\n<title>M\u00dcKEMMEL PAKET - G\u00d6NBELER LOKUMCULUK<\/title>\n<meta name=\"robots\" content=\"index, follow, max-snippet:-1, max-image-preview:large, max-video-preview:-1\" \/>\n<link rel=\"canonical\" href=\"https:\/\/www.gonbeler.com\/index.php\/urun\/mukemmel-paket\/\" \/>\n<meta property=\"og:locale\" content=\"tr_TR\" \/>\n<meta property=\"og:type\" content=\"article\" \/>\n<meta property=\"og:title\" content=\"M\u00dcKEMMEL PAKET\" \/>\n<meta property=\"og:description\" content=\"G\u00f6nbeler\u2019den M\u00fckemmel Paket \u2013 Tatl\u0131 Keyfin En \u015e\u0131k Hali! \u2728  Sevdiklerinize hediye edebilece\u011finiz ya da kendinizi \u015f\u0131martabilece\u011finiz \u00f6zenle haz\u0131rlanm\u0131\u015f lezzet dolu paketimiz sizlerle! \ud83c\udf81  \ud83d\udce6 Paket \u0130\u00e7eri\u011fi: \u2714 K\u00fc\u00e7\u00fck boy G\u00f6nbeler pi\u015fmaniye \u2714 Plastik kutuda mini meyveli ku\u015f lokumu \u2714 500 gr bisk\u00fcvili lokum \u2714 500 gr g\u00fcll\u00fc lokum \u2714 500 gr kar\u0131\u015f\u0131k lokum \u2714 500 gr sultan sade lokum  Tatl\u0131 lezzetleri avantajl\u0131 fiyatla kap\u0131n\u0131za kadar getiriyoruz. Stoklar s\u0131n\u0131rl\u0131, sipari\u015f i\u00e7in hemen sipari\u015fini olu\u015ftur.\" \/>\n<meta property=\"og:url\" content=\"https:\/\/www.gonbeler.com\/index.php\/urun\/mukemmel-paket\/\" \/>\n<meta property=\"og:site_name\" content=\"G\u00d6NBELER LOKUMCULUK\" \/>\n<meta property=\"article:publisher\" content=\"https:\/\/www.facebook.com\/Gonbeler\/?locale=tr_TR\" \/>\n<meta property=\"article:modified_time\" content=\"2026-02-20T14:51:43+00:00\" \/>\n<meta property=\"og:image\" content=\"https:\/\/www.gonbeler.com\/wp-content\/uploads\/2026\/02\/ChatGPT-Image-20-Sub-2026-17_49_25.png\" \/>\n\t<meta property=\"og:image:width\" content=\"1024\" \/>\n\t<meta property=\"og:image:height\" content=\"1024\" \/>\n\t<meta property=\"og:image:type\" content=\"image\/png\" \/>\n<meta name=\"twitter:card\" content=\"summary_large_image\" \/>\n<meta name=\"twitter:label1\" content=\"Tahmini okuma s\u00fcresi\" \/>\n\t<meta name=\"twitter:data1\" content=\"1 dakika\" \/>\n<script type=\"application\/ld+json\" class=\"yoast-schema-graph\">{\"@context\":\"https:\\\/\\\/schema.org\",\"@graph\":[{\"@type\":\"WebPage\",\"@id\":\"https:\\\/\\\/www.gonbeler.com\\\/index.php\\\/urun\\\/mukemmel-paket\\\/\",\"url\":\"https:\\\/\\\/www.gonbeler.com\\\/index.php\\\/urun\\\/mukemmel-paket\\\/\",\"name\":\"M\u00dcKEMMEL PAKET - G\u00d6NBELER LOKUMCULUK\",\"isPartOf\":{\"@id\":\"https:\\\/\\\/www.gonbeler.com\\\/#website\"},\"primaryImageOfPage\":{\"@id\":\"https:\\\/\\\/www.gonbeler.com\\\/index.php\\\/urun\\\/mukemmel-paket\\\/#primaryimage\"},\"image\":{\"@id\":\"https:\\\/\\\/www.gonbeler.com\\\/index.php\\\/urun\\\/mukemmel-paket\\\/#primaryimage\"},\"thumbnailUrl\":\"https:\\\/\\\/www.gonbeler.com\\\/wp-content\\\/uploads\\\/2026\\\/02\\\/ChatGPT-Image-20-Sub-2026-17_49_25.png\",\"datePublished\":\"2026-02-20T14:49:51+00:00\",\"dateModified\":\"2026-02-20T14:51:43+00:00\",\"breadcrumb\":{\"@id\":\"https:\\\/\\\/www.gonbeler.com\\\/index.php\\\/urun\\\/mukemmel-paket\\\/#breadcrumb\"},\"inLanguage\":\"tr\",\"potentialAction\":[{\"@type\":\"ReadAction\",\"target\":[\"https:\\\/\\\/www.gonbeler.com\\\/index.php\\\/urun\\\/mukemmel-paket\\\/\"]}]},{\"@type\":\"ImageObject\",\"inLanguage\":\"tr\",\"@id\":\"https:\\\/\\\/www.gonbeler.com\\\/index.php\\\/urun\\\/mukemmel-paket\\\/#primaryimage\",\"url\":\"https:\\\/\\\/www.gonbeler.com\\\/wp-content\\\/uploads\\\/2026\\\/02\\\/ChatGPT-Image-20-Sub-2026-17_49_25.png\",\"contentUrl\":\"https:\\\/\\\/www.gonbeler.com\\\/wp-content\\\/uploads\\\/2026\\\/02\\\/ChatGPT-Image-20-Sub-2026-17_49_25.png\",\"width\":1024,\"height\":1024},{\"@type\":\"BreadcrumbList\",\"@id\":\"https:\\\/\\\/www.gonbeler.com\\\/index.php\\\/urun\\\/mukemmel-paket\\\/#breadcrumb\",\"itemListElement\":[{\"@type\":\"ListItem\",\"position\":1,\"name\":\"Anasayfa\",\"item\":\"https:\\\/\\\/www.gonbeler.com\\\/\"},{\"@type\":\"ListItem\",\"position\":2,\"name\":\"Ma\u011faza\",\"item\":\"https:\\\/\\\/www.gonbeler.com\\\/index.php\\\/magaza\\\/\"},{\"@type\":\"ListItem\",\"position\":3,\"name\":\"M\u00dcKEMMEL PAKET\"}]},{\"@type\":\"WebSite\",\"@id\":\"https:\\\/\\\/www.gonbeler.com\\\/#website\",\"url\":\"https:\\\/\\\/www.gonbeler.com\\\/\",\"name\":\"G\u00d6NBELER LOKUMCULUK\",\"description\":\"\",\"publisher\":{\"@id\":\"https:\\\/\\\/www.gonbeler.com\\\/#organization\"},\"potentialAction\":[{\"@type\":\"SearchAction\",\"target\":{\"@type\":\"EntryPoint\",\"urlTemplate\":\"https:\\\/\\\/www.gonbeler.com\\\/?s={search_term_string}\"},\"query-input\":{\"@type\":\"PropertyValueSpecification\",\"valueRequired\":true,\"valueName\":\"search_term_string\"}}],\"inLanguage\":\"tr\"},{\"@type\":\"Organization\",\"@id\":\"https:\\\/\\\/www.gonbeler.com\\\/#organization\",\"name\":\"G\u00d6NBELER LOKUMCULUK\",\"url\":\"https:\\\/\\\/www.gonbeler.com\\\/\",\"logo\":{\"@type\":\"ImageObject\",\"inLanguage\":\"tr\",\"@id\":\"https:\\\/\\\/www.gonbeler.com\\\/#\\\/schema\\\/logo\\\/image\\\/\",\"url\":\"https:\\\/\\\/www.gonbeler.com\\\/wp-content\\\/uploads\\\/2025\\\/10\\\/cropped-car-4.png\",\"contentUrl\":\"https:\\\/\\\/www.gonbeler.com\\\/wp-content\\\/uploads\\\/2025\\\/10\\\/cropped-car-4.png\",\"width\":512,\"height\":512,\"caption\":\"G\u00d6NBELER LOKUMCULUK\"},\"image\":{\"@id\":\"https:\\\/\\\/www.gonbeler.com\\\/#\\\/schema\\\/logo\\\/image\\\/\"},\"sameAs\":[\"https:\\\/\\\/www.facebook.com\\\/Gonbeler\\\/?locale=tr_TR\",\"https:\\\/\\\/www.instagram.com\\\/gonbelerlokumculuk\\\/\"]}]}<\/script>\n<!-- \/ Yoast SEO Premium plugin. -->","yoast_head_json":{"title":"M\u00dcKEMMEL PAKET - G\u00d6NBELER LOKUMCULUK","robots":{"index":"index","follow":"follow","max-snippet":"max-snippet:-1","max-image-preview":"max-image-preview:large","max-video-preview":"max-video-preview:-1"},"canonical":"https:\/\/www.gonbeler.com\/index.php\/urun\/mukemmel-paket\/","og_locale":"tr_TR","og_type":"article","og_title":"M\u00dcKEMMEL PAKET","og_description":"G\u00f6nbeler\u2019den M\u00fckemmel Paket \u2013 Tatl\u0131 Keyfin En \u015e\u0131k Hali! \u2728  Sevdiklerinize hediye edebilece\u011finiz ya da kendinizi \u015f\u0131martabilece\u011finiz \u00f6zenle haz\u0131rlanm\u0131\u015f lezzet dolu paketimiz sizlerle! \ud83c\udf81  \ud83d\udce6 Paket \u0130\u00e7eri\u011fi: \u2714 K\u00fc\u00e7\u00fck boy G\u00f6nbeler pi\u015fmaniye \u2714 Plastik kutuda mini meyveli ku\u015f lokumu \u2714 500 gr bisk\u00fcvili lokum \u2714 500 gr g\u00fcll\u00fc lokum \u2714 500 gr kar\u0131\u015f\u0131k lokum \u2714 500 gr sultan sade lokum  Tatl\u0131 lezzetleri avantajl\u0131 fiyatla kap\u0131n\u0131za kadar getiriyoruz. Stoklar s\u0131n\u0131rl\u0131, sipari\u015f i\u00e7in hemen sipari\u015fini olu\u015ftur.","og_url":"https:\/\/www.gonbeler.com\/index.php\/urun\/mukemmel-paket\/","og_site_name":"G\u00d6NBELER LOKUMCULUK","article_publisher":"https:\/\/www.facebook.com\/Gonbeler\/?locale=tr_TR","article_modified_time":"2026-02-20T14:51:43+00:00","og_image":[{"width":1024,"height":1024,"url":"https:\/\/www.gonbeler.com\/wp-content\/uploads\/2026\/02\/ChatGPT-Image-20-Sub-2026-17_49_25.png","type":"image\/png"}],"twitter_card":"summary_large_image","twitter_misc":{"Tahmini okuma s\u00fcresi":"1 dakika"},"schema":{"@context":"https:\/\/schema.org","@graph":[{"@type":"WebPage","@id":"https:\/\/www.gonbeler.com\/index.php\/urun\/mukemmel-paket\/","url":"https:\/\/www.gonbeler.com\/index.php\/urun\/mukemmel-paket\/","name":"M\u00dcKEMMEL PAKET - G\u00d6NBELER LOKUMCULUK","isPartOf":{"@id":"https:\/\/www.gonbeler.com\/#website"},"primaryImageOfPage":{"@id":"https:\/\/www.gonbeler.com\/index.php\/urun\/mukemmel-paket\/#primaryimage"},"image":{"@id":"https:\/\/www.gonbeler.com\/index.php\/urun\/mukemmel-paket\/#primaryimage"},"thumbnailUrl":"https:\/\/www.gonbeler.com\/wp-content\/uploads\/2026\/02\/ChatGPT-Image-20-Sub-2026-17_49_25.png","datePublished":"2026-02-20T14:49:51+00:00","dateModified":"2026-02-20T14:51:43+00:00","breadcrumb":{"@id":"https:\/\/www.gonbeler.com\/index.php\/urun\/mukemmel-paket\/#breadcrumb"},"inLanguage":"tr","potentialAction":[{"@type":"ReadAction","target":["https:\/\/www.gonbeler.com\/index.php\/urun\/mukemmel-paket\/"]}]},{"@type":"ImageObject","inLanguage":"tr","@id":"https:\/\/www.gonbeler.com\/index.php\/urun\/mukemmel-paket\/#primaryimage","url":"https:\/\/www.gonbeler.com\/wp-content\/uploads\/2026\/02\/ChatGPT-Image-20-Sub-2026-17_49_25.png","contentUrl":"https:\/\/www.gonbeler.com\/wp-content\/uploads\/2026\/02\/ChatGPT-Image-20-Sub-2026-17_49_25.png","width":1024,"height":1024},{"@type":"BreadcrumbList","@id":"https:\/\/www.gonbeler.com\/index.php\/urun\/mukemmel-paket\/#breadcrumb","itemListElement":[{"@type":"ListItem","position":1,"name":"Anasayfa","item":"https:\/\/www.gonbeler.com\/"},{"@type":"ListItem","position":2,"name":"Ma\u011faza","item":"https:\/\/www.gonbeler.com\/index.php\/magaza\/"},{"@type":"ListItem","position":3,"name":"M\u00dcKEMMEL PAKET"}]},{"@type":"WebSite","@id":"https:\/\/www.gonbeler.com\/#website","url":"https:\/\/www.gonbeler.com\/","name":"G\u00d6NBELER LOKUMCULUK","description":"","publisher":{"@id":"https:\/\/www.gonbeler.com\/#organization"},"potentialAction":[{"@type":"SearchAction","target":{"@type":"EntryPoint","urlTemplate":"https:\/\/www.gonbeler.com\/?s={search_term_string}"},"query-input":{"@type":"PropertyValueSpecification","valueRequired":true,"valueName":"search_term_string"}}],"inLanguage":"tr"},{"@type":"Organization","@id":"https:\/\/www.gonbeler.com\/#organization","name":"G\u00d6NBELER LOKUMCULUK","url":"https:\/\/www.gonbeler.com\/","logo":{"@type":"ImageObject","inLanguage":"tr","@id":"https:\/\/www.gonbeler.com\/#\/schema\/logo\/image\/","url":"https:\/\/www.gonbeler.com\/wp-content\/uploads\/2025\/10\/cropped-car-4.png","contentUrl":"https:\/\/www.gonbeler.com\/wp-content\/uploads\/2025\/10\/cropped-car-4.png","width":512,"height":512,"caption":"G\u00d6NBELER LOKUMCULUK"},"image":{"@id":"https:\/\/www.gonbeler.com\/#\/schema\/logo\/image\/"},"sameAs":["https:\/\/www.facebook.com\/Gonbeler\/?locale=tr_TR","https:\/\/www.instagram.com\/gonbelerlokumculuk\/"]}]}},"jetpack_sharing_enabled":true,"_links":{"self":[{"href":"https:\/\/www.gonbeler.com\/index.php\/wp-json\/wp\/v2\/product\/13449","targetHints":{"allow":["GET"]}}],"collection":[{"href":"https:\/\/www.gonbeler.com\/index.php\/wp-json\/wp\/v2\/product"}],"about":[{"href":"https:\/\/www.gonbeler.com\/index.php\/wp-json\/wp\/v2\/types\/product"}],"replies":[{"embeddable":true,"href":"https:\/\/www.gonbeler.com\/index.php\/wp-json\/wp\/v2\/comments?post=13449"}],"wp:featuredmedia":[{"embeddable":true,"href":"https:\/\/www.gonbeler.com\/index.php\/wp-json\/wp\/v2\/media\/13450"}],"wp:attachment":[{"href":"https:\/\/www.gonbeler.com\/index.php\/wp-json\/wp\/v2\/media?parent=13449"}],"wp:term":[{"taxonomy":"product_brand","embeddable":true,"href":"https:\/\/www.gonbeler.com\/index.php\/wp-json\/wp\/v2\/product_brand?post=13449"},{"taxonomy":"product_cat","embeddable":true,"href":"https:\/\/www.gonbeler.com\/index.php\/wp-json\/wp\/v2\/product_cat?post=13449"},{"taxonomy":"product_tag","embeddable":true,"href":"https:\/\/www.gonbeler.com\/index.php\/wp-json\/wp\/v2\/product_tag?post=13449"}],"curies":[{"name":"wp","href":"https:\/\/api.w.org\/{rel}","templated":true}]}}