{"id":1344,"date":"2025-10-30T02:36:19","date_gmt":"2025-10-29T23:36:19","guid":{"rendered":"https:\/\/gonbeler.com.tr\/?post_type=product&#038;p=1344"},"modified":"2026-01-07T17:58:33","modified_gmt":"2026-01-07T14:58:33","slug":"kaymak-sekeri","status":"publish","type":"product","link":"https:\/\/www.gonbeler.com\/index.php\/urun\/kaymak-sekeri\/","title":{"rendered":"Kaymak \u015eekeri"},"content":{"rendered":"<p data-start=\"196\" data-end=\"474\"><strong data-start=\"196\" data-end=\"243\">Afyon\u2019un me\u015fhur tatl\u0131lar\u0131ndan Kaymak \u015eekeri<\/strong>, saf \u015feker ve s\u00fct kayma\u011f\u0131n\u0131n \u00f6zenle i\u015flenmesiyle elde edilen geleneksel bir lezzettir. Hafif yap\u0131s\u0131, damakta b\u0131rakt\u0131\u011f\u0131 ipeksi tat ve do\u011fal aromas\u0131yla \u00f6ne \u00e7\u0131kan bu tatl\u0131; Afyon\u2019un y\u00fczy\u0131llard\u0131r s\u00fcregelen tatl\u0131 ustal\u0131\u011f\u0131n\u0131 yans\u0131t\u0131r.<\/p>\n<p data-start=\"476\" data-end=\"768\">\u00d6zel g\u00fcnlerde misafirlerinize ikram edebilece\u011finiz, sevdiklerinize hediye olarak sunabilece\u011finiz ve g\u00fcnl\u00fck t\u00fcketimde hafif bir tatl\u0131 alternatifi arayanlar i\u00e7in ideal bir se\u00e7imdir. <strong data-start=\"656\" data-end=\"719\">Afyon\u2019un k\u00f6kl\u00fc tatl\u0131 k\u00fclt\u00fcr\u00fcn\u00fcn simgelerinden Kaymak \u015eekeri<\/strong>, y\u00f6resel tatl\u0131lar\u0131 sevenlerin vazge\u00e7ilmezidir.<\/p>\n<p data-start=\"770\" data-end=\"889\">\u2705 Afyon\u2019un y\u00f6resel tatl\u0131 gelene\u011fi<br data-start=\"803\" data-end=\"806\" \/>\u2705 Saf \u015feker ve s\u00fct kayma\u011f\u0131yla \u00fcretilir<br data-start=\"844\" data-end=\"847\" \/>\u2705 Hediyelik ve misafir ikram\u0131 i\u00e7in ideal<\/p>\n","protected":false},"excerpt":{"rendered":"<p data-start=\"930\" data-end=\"1092\">Afyon\u2019un y\u00f6resel lezzeti: <strong data-start=\"956\" data-end=\"973\">Kaymak \u015eekeri<\/strong>. Saf \u015feker ve kayma\u011f\u0131n e\u015fsiz uyumu ile haz\u0131rlanan geleneksel tatl\u0131. Hediyelik ve misafir ikram\u0131 i\u00e7in m\u00fckemmel se\u00e7im.<\/p>\n","protected":false},"featured_media":0,"comment_status":"open","ping_status":"closed","template":"","meta":{"_gspb_post_css":"","_themeisle_gutenberg_block_has_review":false},"product_brand":[],"product_cat":[26],"product_tag":[],"class_list":{"0":"post-1344","1":"product","2":"type-product","3":"status-publish","5":"product_cat-lokumlar","7":"first","8":"instock","9":"taxable","10":"shipping-taxable","11":"purchasable","12":"product-type-variable"},"ct_brands":[],"yoast_head":"<!-- This site is optimized with the Yoast SEO Premium plugin v24.0 (Yoast SEO v27.4) - https:\/\/yoast.com\/product\/yoast-seo-premium-wordpress\/ -->\n<title>Kaymak \u015eekeri - G\u00d6NBELER LOKUMCULUK<\/title>\n<meta name=\"robots\" content=\"index, follow, max-snippet:-1, max-image-preview:large, max-video-preview:-1\" \/>\n<link rel=\"canonical\" href=\"https:\/\/www.gonbeler.com\/index.php\/urun\/kaymak-sekeri\/\" \/>\n<meta property=\"og:locale\" content=\"tr_TR\" \/>\n<meta property=\"og:type\" content=\"article\" \/>\n<meta property=\"og:title\" content=\"Kaymak \u015eekeri\" \/>\n<meta property=\"og:description\" content=\"Afyon\u2019un y\u00f6resel lezzeti: Kaymak \u015eekeri. Saf \u015feker ve kayma\u011f\u0131n e\u015fsiz uyumu ile haz\u0131rlanan geleneksel tatl\u0131. Hediyelik ve misafir ikram\u0131 i\u00e7in m\u00fckemmel se\u00e7im.\" \/>\n<meta property=\"og:url\" content=\"https:\/\/www.gonbeler.com\/index.php\/urun\/kaymak-sekeri\/\" \/>\n<meta property=\"og:site_name\" content=\"G\u00d6NBELER LOKUMCULUK\" \/>\n<meta property=\"article:publisher\" content=\"https:\/\/www.facebook.com\/Gonbeler\/?locale=tr_TR\" \/>\n<meta property=\"article:modified_time\" content=\"2026-01-07T14:58:33+00:00\" \/>\n<meta name=\"twitter:card\" content=\"summary_large_image\" \/>\n<meta name=\"twitter:label1\" content=\"Tahmini okuma s\u00fcresi\" \/>\n\t<meta name=\"twitter:data1\" content=\"1 dakika\" \/>\n<script type=\"application\/ld+json\" class=\"yoast-schema-graph\">{\"@context\":\"https:\\\/\\\/schema.org\",\"@graph\":[{\"@type\":\"WebPage\",\"@id\":\"https:\\\/\\\/www.gonbeler.com\\\/index.php\\\/urun\\\/kaymak-sekeri\\\/\",\"url\":\"https:\\\/\\\/www.gonbeler.com\\\/index.php\\\/urun\\\/kaymak-sekeri\\\/\",\"name\":\"Kaymak \u015eekeri - G\u00d6NBELER LOKUMCULUK\",\"isPartOf\":{\"@id\":\"https:\\\/\\\/www.gonbeler.com\\\/#website\"},\"datePublished\":\"2025-10-29T23:36:19+00:00\",\"dateModified\":\"2026-01-07T14:58:33+00:00\",\"breadcrumb\":{\"@id\":\"https:\\\/\\\/www.gonbeler.com\\\/index.php\\\/urun\\\/kaymak-sekeri\\\/#breadcrumb\"},\"inLanguage\":\"tr\",\"potentialAction\":[{\"@type\":\"ReadAction\",\"target\":[\"https:\\\/\\\/www.gonbeler.com\\\/index.php\\\/urun\\\/kaymak-sekeri\\\/\"]}]},{\"@type\":\"BreadcrumbList\",\"@id\":\"https:\\\/\\\/www.gonbeler.com\\\/index.php\\\/urun\\\/kaymak-sekeri\\\/#breadcrumb\",\"itemListElement\":[{\"@type\":\"ListItem\",\"position\":1,\"name\":\"Anasayfa\",\"item\":\"https:\\\/\\\/www.gonbeler.com\\\/\"},{\"@type\":\"ListItem\",\"position\":2,\"name\":\"Ma\u011faza\",\"item\":\"https:\\\/\\\/www.gonbeler.com\\\/index.php\\\/magaza\\\/\"},{\"@type\":\"ListItem\",\"position\":3,\"name\":\"Kaymak \u015eekeri\"}]},{\"@type\":\"WebSite\",\"@id\":\"https:\\\/\\\/www.gonbeler.com\\\/#website\",\"url\":\"https:\\\/\\\/www.gonbeler.com\\\/\",\"name\":\"G\u00d6NBELER LOKUMCULUK\",\"description\":\"\",\"publisher\":{\"@id\":\"https:\\\/\\\/www.gonbeler.com\\\/#organization\"},\"potentialAction\":[{\"@type\":\"SearchAction\",\"target\":{\"@type\":\"EntryPoint\",\"urlTemplate\":\"https:\\\/\\\/www.gonbeler.com\\\/?s={search_term_string}\"},\"query-input\":{\"@type\":\"PropertyValueSpecification\",\"valueRequired\":true,\"valueName\":\"search_term_string\"}}],\"inLanguage\":\"tr\"},{\"@type\":\"Organization\",\"@id\":\"https:\\\/\\\/www.gonbeler.com\\\/#organization\",\"name\":\"G\u00d6NBELER LOKUMCULUK\",\"url\":\"https:\\\/\\\/www.gonbeler.com\\\/\",\"logo\":{\"@type\":\"ImageObject\",\"inLanguage\":\"tr\",\"@id\":\"https:\\\/\\\/www.gonbeler.com\\\/#\\\/schema\\\/logo\\\/image\\\/\",\"url\":\"https:\\\/\\\/www.gonbeler.com\\\/wp-content\\\/uploads\\\/2025\\\/10\\\/cropped-car-4.png\",\"contentUrl\":\"https:\\\/\\\/www.gonbeler.com\\\/wp-content\\\/uploads\\\/2025\\\/10\\\/cropped-car-4.png\",\"width\":512,\"height\":512,\"caption\":\"G\u00d6NBELER LOKUMCULUK\"},\"image\":{\"@id\":\"https:\\\/\\\/www.gonbeler.com\\\/#\\\/schema\\\/logo\\\/image\\\/\"},\"sameAs\":[\"https:\\\/\\\/www.facebook.com\\\/Gonbeler\\\/?locale=tr_TR\",\"https:\\\/\\\/www.instagram.com\\\/gonbelerlokumculuk\\\/\"]}]}<\/script>\n<!-- \/ Yoast SEO Premium plugin. -->","yoast_head_json":{"title":"Kaymak \u015eekeri - G\u00d6NBELER LOKUMCULUK","robots":{"index":"index","follow":"follow","max-snippet":"max-snippet:-1","max-image-preview":"max-image-preview:large","max-video-preview":"max-video-preview:-1"},"canonical":"https:\/\/www.gonbeler.com\/index.php\/urun\/kaymak-sekeri\/","og_locale":"tr_TR","og_type":"article","og_title":"Kaymak \u015eekeri","og_description":"Afyon\u2019un y\u00f6resel lezzeti: Kaymak \u015eekeri. Saf \u015feker ve kayma\u011f\u0131n e\u015fsiz uyumu ile haz\u0131rlanan geleneksel tatl\u0131. Hediyelik ve misafir ikram\u0131 i\u00e7in m\u00fckemmel se\u00e7im.","og_url":"https:\/\/www.gonbeler.com\/index.php\/urun\/kaymak-sekeri\/","og_site_name":"G\u00d6NBELER LOKUMCULUK","article_publisher":"https:\/\/www.facebook.com\/Gonbeler\/?locale=tr_TR","article_modified_time":"2026-01-07T14:58:33+00:00","twitter_card":"summary_large_image","twitter_misc":{"Tahmini okuma s\u00fcresi":"1 dakika"},"schema":{"@context":"https:\/\/schema.org","@graph":[{"@type":"WebPage","@id":"https:\/\/www.gonbeler.com\/index.php\/urun\/kaymak-sekeri\/","url":"https:\/\/www.gonbeler.com\/index.php\/urun\/kaymak-sekeri\/","name":"Kaymak \u015eekeri - G\u00d6NBELER LOKUMCULUK","isPartOf":{"@id":"https:\/\/www.gonbeler.com\/#website"},"datePublished":"2025-10-29T23:36:19+00:00","dateModified":"2026-01-07T14:58:33+00:00","breadcrumb":{"@id":"https:\/\/www.gonbeler.com\/index.php\/urun\/kaymak-sekeri\/#breadcrumb"},"inLanguage":"tr","potentialAction":[{"@type":"ReadAction","target":["https:\/\/www.gonbeler.com\/index.php\/urun\/kaymak-sekeri\/"]}]},{"@type":"BreadcrumbList","@id":"https:\/\/www.gonbeler.com\/index.php\/urun\/kaymak-sekeri\/#breadcrumb","itemListElement":[{"@type":"ListItem","position":1,"name":"Anasayfa","item":"https:\/\/www.gonbeler.com\/"},{"@type":"ListItem","position":2,"name":"Ma\u011faza","item":"https:\/\/www.gonbeler.com\/index.php\/magaza\/"},{"@type":"ListItem","position":3,"name":"Kaymak \u015eekeri"}]},{"@type":"WebSite","@id":"https:\/\/www.gonbeler.com\/#website","url":"https:\/\/www.gonbeler.com\/","name":"G\u00d6NBELER LOKUMCULUK","description":"","publisher":{"@id":"https:\/\/www.gonbeler.com\/#organization"},"potentialAction":[{"@type":"SearchAction","target":{"@type":"EntryPoint","urlTemplate":"https:\/\/www.gonbeler.com\/?s={search_term_string}"},"query-input":{"@type":"PropertyValueSpecification","valueRequired":true,"valueName":"search_term_string"}}],"inLanguage":"tr"},{"@type":"Organization","@id":"https:\/\/www.gonbeler.com\/#organization","name":"G\u00d6NBELER LOKUMCULUK","url":"https:\/\/www.gonbeler.com\/","logo":{"@type":"ImageObject","inLanguage":"tr","@id":"https:\/\/www.gonbeler.com\/#\/schema\/logo\/image\/","url":"https:\/\/www.gonbeler.com\/wp-content\/uploads\/2025\/10\/cropped-car-4.png","contentUrl":"https:\/\/www.gonbeler.com\/wp-content\/uploads\/2025\/10\/cropped-car-4.png","width":512,"height":512,"caption":"G\u00d6NBELER LOKUMCULUK"},"image":{"@id":"https:\/\/www.gonbeler.com\/#\/schema\/logo\/image\/"},"sameAs":["https:\/\/www.facebook.com\/Gonbeler\/?locale=tr_TR","https:\/\/www.instagram.com\/gonbelerlokumculuk\/"]}]}},"jetpack_sharing_enabled":true,"_links":{"self":[{"href":"https:\/\/www.gonbeler.com\/index.php\/wp-json\/wp\/v2\/product\/1344","targetHints":{"allow":["GET"]}}],"collection":[{"href":"https:\/\/www.gonbeler.com\/index.php\/wp-json\/wp\/v2\/product"}],"about":[{"href":"https:\/\/www.gonbeler.com\/index.php\/wp-json\/wp\/v2\/types\/product"}],"replies":[{"embeddable":true,"href":"https:\/\/www.gonbeler.com\/index.php\/wp-json\/wp\/v2\/comments?post=1344"}],"wp:attachment":[{"href":"https:\/\/www.gonbeler.com\/index.php\/wp-json\/wp\/v2\/media?parent=1344"}],"wp:term":[{"taxonomy":"product_brand","embeddable":true,"href":"https:\/\/www.gonbeler.com\/index.php\/wp-json\/wp\/v2\/product_brand?post=1344"},{"taxonomy":"product_cat","embeddable":true,"href":"https:\/\/www.gonbeler.com\/index.php\/wp-json\/wp\/v2\/product_cat?post=1344"},{"taxonomy":"product_tag","embeddable":true,"href":"https:\/\/www.gonbeler.com\/index.php\/wp-json\/wp\/v2\/product_tag?post=1344"}],"curies":[{"name":"wp","href":"https:\/\/api.w.org\/{rel}","templated":true}]}}