{"id":1318,"date":"2025-10-30T01:07:36","date_gmt":"2025-10-29T22:07:36","guid":{"rendered":"https:\/\/gonbeler.com.tr\/?post_type=product&#038;p=1318"},"modified":"2026-01-07T17:58:33","modified_gmt":"2026-01-07T14:58:33","slug":"kaymak-dolmasi","status":"publish","type":"product","link":"https:\/\/www.gonbeler.com\/index.php\/urun\/kaymak-dolmasi\/","title":{"rendered":"Kaymak Dolmas\u0131"},"content":{"rendered":"<article class=\"text-token-text-primary w-full focus:outline-none [--shadow-height:45px] has-data-writing-block:pointer-events-none has-data-writing-block:-mt-(--shadow-height) has-data-writing-block:pt-(--shadow-height) [&amp;:has([data-writing-block])&gt;*]:pointer-events-auto [content-visibility:auto] supports-[content-visibility:auto]:[contain-intrinsic-size:auto_100lvh] scroll-mt-[calc(var(--header-height)+min(200px,max(70px,20svh)))]\" dir=\"auto\" tabindex=\"-1\" data-turn-id=\"request-WEB:88e9f6fc-e345-4468-be39-92ac34393386-42\" data-testid=\"conversation-turn-84\" data-scroll-anchor=\"true\" data-turn=\"assistant\">\n<div class=\"text-base my-auto mx-auto pb-10 [--thread-content-margin:--spacing(4)] thread-sm:[--thread-content-margin:--spacing(6)] thread-lg:[--thread-content-margin:--spacing(16)] px-(--thread-content-margin)\">\n<div class=\"[--thread-content-max-width:40rem] thread-lg:[--thread-content-max-width:48rem] mx-auto max-w-(--thread-content-max-width) flex-1 group\/turn-messages focus-visible:outline-hidden relative flex w-full min-w-0 flex-col agent-turn\" tabindex=\"-1\">\n<div class=\"flex max-w-full flex-col grow\">\n<div class=\"min-h-8 text-message relative flex w-full flex-col items-end gap-2 text-start break-words whitespace-normal [.text-message+&amp;]:mt-1\" dir=\"auto\" data-message-author-role=\"assistant\" data-message-id=\"bccbdfd2-99df-46d7-a47b-6b485f54b7fd\" data-message-model-slug=\"gpt-5\">\n<div class=\"flex w-full flex-col gap-1 empty:hidden first:pt-[1px]\">\n<div class=\"markdown prose dark:prose-invert w-full break-words light markdown-new-styling\">\n<p data-start=\"188\" data-end=\"518\"><strong data-start=\"188\" data-end=\"236\">Afyon\u2019un e\u015fsiz lezzetlerinden Kaymak Dolmas\u0131<\/strong>, kayma\u011f\u0131n ipeksi dokusu ve lokumun hafifli\u011fiyle birle\u015ferek damaklarda unutulmaz bir tat b\u0131rak\u0131r. \u0130ncecik a\u00e7\u0131lan lokum hamurunun i\u00e7ine bolca kaymak konulur ve \u00f6zenle sar\u0131larak haz\u0131rlan\u0131r. Kaymakla lokumun bu e\u015fsiz uyumu, geleneksel tatl\u0131 k\u00fclt\u00fcr\u00fcn\u00fcn en zarif \u00f6rneklerinden biridir.<\/p>\n<p data-start=\"520\" data-end=\"734\">Misafir sofralar\u0131nda \u015f\u0131k bir ikram, \u00f6zel g\u00fcnlerde sevdiklerinize sunabilece\u011finiz prestijli bir hediye ve kahve yan\u0131nda e\u015fsiz bir tatl\u0131 alternatifi olan <strong data-start=\"672\" data-end=\"690\">Kaymak Dolmas\u0131<\/strong>, Afyon\u2019un k\u00f6kl\u00fc tatl\u0131 ustal\u0131\u011f\u0131n\u0131 ya\u015fat\u0131r.<\/p>\n<p data-start=\"736\" data-end=\"853\">\u2705 Afyon\u2019un geleneksel tatl\u0131 ustal\u0131\u011f\u0131<br data-start=\"772\" data-end=\"775\" \/>\u2705 Bol kaymakl\u0131, hafif ve \u00f6zel tat<br data-start=\"808\" data-end=\"811\" \/>\u2705 Hediyelik ve misafir ikram\u0131 i\u00e7in ideal<\/p>\n<\/div>\n<\/div>\n<\/div>\n<\/div>\n<div class=\"z-0 flex min-h-[46px] justify-start\"><\/div>\n<div class=\"mt-3 w-full empty:hidden\">\n<div class=\"text-center\"><\/div>\n<\/div>\n<\/div>\n<\/div>\n<\/article>\n<div class=\"pointer-events-none h-px w-px\" aria-hidden=\"true\" data-edge=\"true\"><\/div>\n","protected":false},"excerpt":{"rendered":"<p>Afyon\u2019un e\u015fsiz tatl\u0131s\u0131: <strong data-start=\"918\" data-end=\"936\">Kaymak Dolmas\u0131<\/strong>. \u0130nce lokum hamuru i\u00e7inde bol kaymakla haz\u0131rlanan \u00f6zel tat. Hediyelik ve misafir ikram\u0131 i\u00e7in m\u00fckemmel se\u00e7im.<\/p>\n","protected":false},"featured_media":0,"comment_status":"open","ping_status":"closed","template":"","meta":{"_gspb_post_css":"","_themeisle_gutenberg_block_has_review":false},"product_brand":[],"product_cat":[26],"product_tag":[],"class_list":{"0":"post-1318","1":"product","2":"type-product","3":"status-publish","5":"product_cat-lokumlar","7":"first","8":"instock","9":"taxable","10":"shipping-taxable","11":"purchasable","12":"product-type-variable"},"ct_brands":[],"yoast_head":"<!-- This site is optimized with the Yoast SEO Premium plugin v24.0 (Yoast SEO v27.4) - https:\/\/yoast.com\/product\/yoast-seo-premium-wordpress\/ -->\n<title>Kaymak Dolmas\u0131 - G\u00d6NBELER LOKUMCULUK<\/title>\n<meta name=\"robots\" content=\"index, follow, max-snippet:-1, max-image-preview:large, max-video-preview:-1\" \/>\n<link rel=\"canonical\" href=\"https:\/\/www.gonbeler.com\/index.php\/urun\/kaymak-dolmasi\/\" \/>\n<meta property=\"og:locale\" content=\"tr_TR\" \/>\n<meta property=\"og:type\" content=\"article\" \/>\n<meta property=\"og:title\" content=\"Kaymak Dolmas\u0131\" \/>\n<meta property=\"og:description\" content=\"Afyon\u2019un e\u015fsiz tatl\u0131s\u0131: Kaymak Dolmas\u0131. \u0130nce lokum hamuru i\u00e7inde bol kaymakla haz\u0131rlanan \u00f6zel tat. Hediyelik ve misafir ikram\u0131 i\u00e7in m\u00fckemmel se\u00e7im.\" \/>\n<meta property=\"og:url\" content=\"https:\/\/www.gonbeler.com\/index.php\/urun\/kaymak-dolmasi\/\" \/>\n<meta property=\"og:site_name\" content=\"G\u00d6NBELER LOKUMCULUK\" \/>\n<meta property=\"article:publisher\" content=\"https:\/\/www.facebook.com\/Gonbeler\/?locale=tr_TR\" \/>\n<meta property=\"article:modified_time\" content=\"2026-01-07T14:58:33+00:00\" \/>\n<meta name=\"twitter:card\" content=\"summary_large_image\" \/>\n<meta name=\"twitter:label1\" content=\"Tahmini okuma s\u00fcresi\" \/>\n\t<meta name=\"twitter:data1\" content=\"1 dakika\" \/>\n<script type=\"application\/ld+json\" class=\"yoast-schema-graph\">{\"@context\":\"https:\\\/\\\/schema.org\",\"@graph\":[{\"@type\":\"WebPage\",\"@id\":\"https:\\\/\\\/www.gonbeler.com\\\/index.php\\\/urun\\\/kaymak-dolmasi\\\/\",\"url\":\"https:\\\/\\\/www.gonbeler.com\\\/index.php\\\/urun\\\/kaymak-dolmasi\\\/\",\"name\":\"Kaymak Dolmas\u0131 - G\u00d6NBELER LOKUMCULUK\",\"isPartOf\":{\"@id\":\"https:\\\/\\\/www.gonbeler.com\\\/#website\"},\"datePublished\":\"2025-10-29T22:07:36+00:00\",\"dateModified\":\"2026-01-07T14:58:33+00:00\",\"breadcrumb\":{\"@id\":\"https:\\\/\\\/www.gonbeler.com\\\/index.php\\\/urun\\\/kaymak-dolmasi\\\/#breadcrumb\"},\"inLanguage\":\"tr\",\"potentialAction\":[{\"@type\":\"ReadAction\",\"target\":[\"https:\\\/\\\/www.gonbeler.com\\\/index.php\\\/urun\\\/kaymak-dolmasi\\\/\"]}]},{\"@type\":\"BreadcrumbList\",\"@id\":\"https:\\\/\\\/www.gonbeler.com\\\/index.php\\\/urun\\\/kaymak-dolmasi\\\/#breadcrumb\",\"itemListElement\":[{\"@type\":\"ListItem\",\"position\":1,\"name\":\"Anasayfa\",\"item\":\"https:\\\/\\\/www.gonbeler.com\\\/\"},{\"@type\":\"ListItem\",\"position\":2,\"name\":\"Ma\u011faza\",\"item\":\"https:\\\/\\\/www.gonbeler.com\\\/index.php\\\/magaza\\\/\"},{\"@type\":\"ListItem\",\"position\":3,\"name\":\"Kaymak Dolmas\u0131\"}]},{\"@type\":\"WebSite\",\"@id\":\"https:\\\/\\\/www.gonbeler.com\\\/#website\",\"url\":\"https:\\\/\\\/www.gonbeler.com\\\/\",\"name\":\"G\u00d6NBELER LOKUMCULUK\",\"description\":\"\",\"publisher\":{\"@id\":\"https:\\\/\\\/www.gonbeler.com\\\/#organization\"},\"potentialAction\":[{\"@type\":\"SearchAction\",\"target\":{\"@type\":\"EntryPoint\",\"urlTemplate\":\"https:\\\/\\\/www.gonbeler.com\\\/?s={search_term_string}\"},\"query-input\":{\"@type\":\"PropertyValueSpecification\",\"valueRequired\":true,\"valueName\":\"search_term_string\"}}],\"inLanguage\":\"tr\"},{\"@type\":\"Organization\",\"@id\":\"https:\\\/\\\/www.gonbeler.com\\\/#organization\",\"name\":\"G\u00d6NBELER LOKUMCULUK\",\"url\":\"https:\\\/\\\/www.gonbeler.com\\\/\",\"logo\":{\"@type\":\"ImageObject\",\"inLanguage\":\"tr\",\"@id\":\"https:\\\/\\\/www.gonbeler.com\\\/#\\\/schema\\\/logo\\\/image\\\/\",\"url\":\"https:\\\/\\\/www.gonbeler.com\\\/wp-content\\\/uploads\\\/2025\\\/10\\\/cropped-car-4.png\",\"contentUrl\":\"https:\\\/\\\/www.gonbeler.com\\\/wp-content\\\/uploads\\\/2025\\\/10\\\/cropped-car-4.png\",\"width\":512,\"height\":512,\"caption\":\"G\u00d6NBELER LOKUMCULUK\"},\"image\":{\"@id\":\"https:\\\/\\\/www.gonbeler.com\\\/#\\\/schema\\\/logo\\\/image\\\/\"},\"sameAs\":[\"https:\\\/\\\/www.facebook.com\\\/Gonbeler\\\/?locale=tr_TR\",\"https:\\\/\\\/www.instagram.com\\\/gonbelerlokumculuk\\\/\"]}]}<\/script>\n<!-- \/ Yoast SEO Premium plugin. -->","yoast_head_json":{"title":"Kaymak Dolmas\u0131 - G\u00d6NBELER LOKUMCULUK","robots":{"index":"index","follow":"follow","max-snippet":"max-snippet:-1","max-image-preview":"max-image-preview:large","max-video-preview":"max-video-preview:-1"},"canonical":"https:\/\/www.gonbeler.com\/index.php\/urun\/kaymak-dolmasi\/","og_locale":"tr_TR","og_type":"article","og_title":"Kaymak Dolmas\u0131","og_description":"Afyon\u2019un e\u015fsiz tatl\u0131s\u0131: Kaymak Dolmas\u0131. \u0130nce lokum hamuru i\u00e7inde bol kaymakla haz\u0131rlanan \u00f6zel tat. Hediyelik ve misafir ikram\u0131 i\u00e7in m\u00fckemmel se\u00e7im.","og_url":"https:\/\/www.gonbeler.com\/index.php\/urun\/kaymak-dolmasi\/","og_site_name":"G\u00d6NBELER LOKUMCULUK","article_publisher":"https:\/\/www.facebook.com\/Gonbeler\/?locale=tr_TR","article_modified_time":"2026-01-07T14:58:33+00:00","twitter_card":"summary_large_image","twitter_misc":{"Tahmini okuma s\u00fcresi":"1 dakika"},"schema":{"@context":"https:\/\/schema.org","@graph":[{"@type":"WebPage","@id":"https:\/\/www.gonbeler.com\/index.php\/urun\/kaymak-dolmasi\/","url":"https:\/\/www.gonbeler.com\/index.php\/urun\/kaymak-dolmasi\/","name":"Kaymak Dolmas\u0131 - G\u00d6NBELER LOKUMCULUK","isPartOf":{"@id":"https:\/\/www.gonbeler.com\/#website"},"datePublished":"2025-10-29T22:07:36+00:00","dateModified":"2026-01-07T14:58:33+00:00","breadcrumb":{"@id":"https:\/\/www.gonbeler.com\/index.php\/urun\/kaymak-dolmasi\/#breadcrumb"},"inLanguage":"tr","potentialAction":[{"@type":"ReadAction","target":["https:\/\/www.gonbeler.com\/index.php\/urun\/kaymak-dolmasi\/"]}]},{"@type":"BreadcrumbList","@id":"https:\/\/www.gonbeler.com\/index.php\/urun\/kaymak-dolmasi\/#breadcrumb","itemListElement":[{"@type":"ListItem","position":1,"name":"Anasayfa","item":"https:\/\/www.gonbeler.com\/"},{"@type":"ListItem","position":2,"name":"Ma\u011faza","item":"https:\/\/www.gonbeler.com\/index.php\/magaza\/"},{"@type":"ListItem","position":3,"name":"Kaymak Dolmas\u0131"}]},{"@type":"WebSite","@id":"https:\/\/www.gonbeler.com\/#website","url":"https:\/\/www.gonbeler.com\/","name":"G\u00d6NBELER LOKUMCULUK","description":"","publisher":{"@id":"https:\/\/www.gonbeler.com\/#organization"},"potentialAction":[{"@type":"SearchAction","target":{"@type":"EntryPoint","urlTemplate":"https:\/\/www.gonbeler.com\/?s={search_term_string}"},"query-input":{"@type":"PropertyValueSpecification","valueRequired":true,"valueName":"search_term_string"}}],"inLanguage":"tr"},{"@type":"Organization","@id":"https:\/\/www.gonbeler.com\/#organization","name":"G\u00d6NBELER LOKUMCULUK","url":"https:\/\/www.gonbeler.com\/","logo":{"@type":"ImageObject","inLanguage":"tr","@id":"https:\/\/www.gonbeler.com\/#\/schema\/logo\/image\/","url":"https:\/\/www.gonbeler.com\/wp-content\/uploads\/2025\/10\/cropped-car-4.png","contentUrl":"https:\/\/www.gonbeler.com\/wp-content\/uploads\/2025\/10\/cropped-car-4.png","width":512,"height":512,"caption":"G\u00d6NBELER LOKUMCULUK"},"image":{"@id":"https:\/\/www.gonbeler.com\/#\/schema\/logo\/image\/"},"sameAs":["https:\/\/www.facebook.com\/Gonbeler\/?locale=tr_TR","https:\/\/www.instagram.com\/gonbelerlokumculuk\/"]}]}},"jetpack_sharing_enabled":true,"_links":{"self":[{"href":"https:\/\/www.gonbeler.com\/index.php\/wp-json\/wp\/v2\/product\/1318","targetHints":{"allow":["GET"]}}],"collection":[{"href":"https:\/\/www.gonbeler.com\/index.php\/wp-json\/wp\/v2\/product"}],"about":[{"href":"https:\/\/www.gonbeler.com\/index.php\/wp-json\/wp\/v2\/types\/product"}],"replies":[{"embeddable":true,"href":"https:\/\/www.gonbeler.com\/index.php\/wp-json\/wp\/v2\/comments?post=1318"}],"wp:attachment":[{"href":"https:\/\/www.gonbeler.com\/index.php\/wp-json\/wp\/v2\/media?parent=1318"}],"wp:term":[{"taxonomy":"product_brand","embeddable":true,"href":"https:\/\/www.gonbeler.com\/index.php\/wp-json\/wp\/v2\/product_brand?post=1318"},{"taxonomy":"product_cat","embeddable":true,"href":"https:\/\/www.gonbeler.com\/index.php\/wp-json\/wp\/v2\/product_cat?post=1318"},{"taxonomy":"product_tag","embeddable":true,"href":"https:\/\/www.gonbeler.com\/index.php\/wp-json\/wp\/v2\/product_tag?post=1318"}],"curies":[{"name":"wp","href":"https:\/\/api.w.org\/{rel}","templated":true}]}}