{"id":13022,"date":"2025-11-17T20:19:52","date_gmt":"2025-11-17T17:19:52","guid":{"rendered":"https:\/\/www.gonbeler.com\/?post_type=product&#038;p=13022"},"modified":"2026-01-07T17:58:35","modified_gmt":"2026-01-07T14:58:35","slug":"damla-sakizli-osmanli-dibek-kahvesi","status":"publish","type":"product","link":"https:\/\/www.gonbeler.com\/index.php\/urun\/damla-sakizli-osmanli-dibek-kahvesi\/","title":{"rendered":"Osso Damla Sak\u0131zl\u0131 Osmanl\u0131 Dibek Kahvesi"},"content":{"rendered":"<p>Y\u00fczy\u0131llard\u0131r s\u00fcregelen T\u00fcrk kahvesi k\u00fclt\u00fcr\u00fcn\u00fcn \u00f6zel bir yorumu olan <strong data-start=\"281\" data-end=\"320\">Damla Sak\u0131zl\u0131 Osmanl\u0131 Dibek Kahvesi<\/strong>, ta\u015f de\u011firmenlerde d\u00f6v\u00fclerek haz\u0131rlanan yumu\u015fak dokulu dibek kahvesine, do\u011fal damla sak\u0131z\u0131 aromas\u0131 eklenerek \u00fcretilmi\u015ftir. Hafif tatl\u0131ms\u0131 ve ferahlat\u0131c\u0131 kokusuyla damaklarda uzun s\u00fcre iz b\u0131rakan bu \u00f6zel kahve, klasik kahve keyfine farkl\u0131 bir boyut kazand\u0131r\u0131r.<\/p>\n","protected":false},"excerpt":{"rendered":"<p data-start=\"1108\" data-end=\"1290\">Ta\u015f de\u011firmende \u00f6\u011f\u00fct\u00fclen dibek kahvesine damla sak\u0131z\u0131 aromas\u0131 eklenerek haz\u0131rlanan <strong data-start=\"1190\" data-end=\"1229\">Damla Sak\u0131zl\u0131 Osmanl\u0131 Dibek Kahvesi<\/strong>, hafif aromas\u0131 ve yumu\u015fak i\u00e7imiyle kahve keyfini \u00f6zel k\u0131lar.<\/p>\n","protected":false},"featured_media":13018,"comment_status":"open","ping_status":"closed","template":"","meta":{"_gspb_post_css":"","_themeisle_gutenberg_block_has_review":false},"product_brand":[],"product_cat":[56],"product_tag":[],"class_list":{"0":"post-13022","1":"product","2":"type-product","3":"status-publish","4":"has-post-thumbnail","6":"product_cat-kahve","8":"first","9":"instock","10":"taxable","11":"shipping-taxable","12":"purchasable","13":"product-type-simple"},"ct_brands":[],"yoast_head":"<!-- This site is optimized with the Yoast SEO Premium plugin v24.0 (Yoast SEO v27.4) - https:\/\/yoast.com\/product\/yoast-seo-premium-wordpress\/ -->\n<title>Osso Damla Sak\u0131zl\u0131 Osmanl\u0131 Dibek Kahvesi - G\u00d6NBELER LOKUMCULUK<\/title>\n<meta name=\"robots\" content=\"index, follow, max-snippet:-1, max-image-preview:large, max-video-preview:-1\" \/>\n<link rel=\"canonical\" href=\"https:\/\/www.gonbeler.com\/index.php\/urun\/damla-sakizli-osmanli-dibek-kahvesi\/\" \/>\n<meta property=\"og:locale\" content=\"tr_TR\" \/>\n<meta property=\"og:type\" content=\"article\" \/>\n<meta property=\"og:title\" content=\"Osso Damla Sak\u0131zl\u0131 Osmanl\u0131 Dibek Kahvesi\" \/>\n<meta property=\"og:description\" content=\"Ta\u015f de\u011firmende \u00f6\u011f\u00fct\u00fclen dibek kahvesine damla sak\u0131z\u0131 aromas\u0131 eklenerek haz\u0131rlanan Damla Sak\u0131zl\u0131 Osmanl\u0131 Dibek Kahvesi, hafif aromas\u0131 ve yumu\u015fak i\u00e7imiyle kahve keyfini \u00f6zel k\u0131lar.\" \/>\n<meta property=\"og:url\" content=\"https:\/\/www.gonbeler.com\/index.php\/urun\/damla-sakizli-osmanli-dibek-kahvesi\/\" \/>\n<meta property=\"og:site_name\" content=\"G\u00d6NBELER LOKUMCULUK\" \/>\n<meta property=\"article:publisher\" content=\"https:\/\/www.facebook.com\/Gonbeler\/?locale=tr_TR\" \/>\n<meta property=\"article:modified_time\" content=\"2026-01-07T14:58:35+00:00\" \/>\n<meta property=\"og:image\" content=\"https:\/\/www.gonbeler.com\/wp-content\/uploads\/2025\/11\/71.png\" \/>\n\t<meta property=\"og:image:width\" content=\"1000\" \/>\n\t<meta property=\"og:image:height\" content=\"1000\" \/>\n\t<meta property=\"og:image:type\" content=\"image\/png\" \/>\n<meta name=\"twitter:card\" content=\"summary_large_image\" \/>\n<meta name=\"twitter:label1\" content=\"Tahmini okuma s\u00fcresi\" \/>\n\t<meta name=\"twitter:data1\" content=\"1 dakika\" \/>\n<script type=\"application\/ld+json\" class=\"yoast-schema-graph\">{\"@context\":\"https:\\\/\\\/schema.org\",\"@graph\":[{\"@type\":\"WebPage\",\"@id\":\"https:\\\/\\\/www.gonbeler.com\\\/index.php\\\/urun\\\/damla-sakizli-osmanli-dibek-kahvesi\\\/\",\"url\":\"https:\\\/\\\/www.gonbeler.com\\\/index.php\\\/urun\\\/damla-sakizli-osmanli-dibek-kahvesi\\\/\",\"name\":\"Osso Damla Sak\u0131zl\u0131 Osmanl\u0131 Dibek Kahvesi - G\u00d6NBELER LOKUMCULUK\",\"isPartOf\":{\"@id\":\"https:\\\/\\\/www.gonbeler.com\\\/#website\"},\"primaryImageOfPage\":{\"@id\":\"https:\\\/\\\/www.gonbeler.com\\\/index.php\\\/urun\\\/damla-sakizli-osmanli-dibek-kahvesi\\\/#primaryimage\"},\"image\":{\"@id\":\"https:\\\/\\\/www.gonbeler.com\\\/index.php\\\/urun\\\/damla-sakizli-osmanli-dibek-kahvesi\\\/#primaryimage\"},\"thumbnailUrl\":\"https:\\\/\\\/www.gonbeler.com\\\/wp-content\\\/uploads\\\/2025\\\/11\\\/71.png\",\"datePublished\":\"2025-11-17T17:19:52+00:00\",\"dateModified\":\"2026-01-07T14:58:35+00:00\",\"breadcrumb\":{\"@id\":\"https:\\\/\\\/www.gonbeler.com\\\/index.php\\\/urun\\\/damla-sakizli-osmanli-dibek-kahvesi\\\/#breadcrumb\"},\"inLanguage\":\"tr\",\"potentialAction\":[{\"@type\":\"ReadAction\",\"target\":[\"https:\\\/\\\/www.gonbeler.com\\\/index.php\\\/urun\\\/damla-sakizli-osmanli-dibek-kahvesi\\\/\"]}]},{\"@type\":\"ImageObject\",\"inLanguage\":\"tr\",\"@id\":\"https:\\\/\\\/www.gonbeler.com\\\/index.php\\\/urun\\\/damla-sakizli-osmanli-dibek-kahvesi\\\/#primaryimage\",\"url\":\"https:\\\/\\\/www.gonbeler.com\\\/wp-content\\\/uploads\\\/2025\\\/11\\\/71.png\",\"contentUrl\":\"https:\\\/\\\/www.gonbeler.com\\\/wp-content\\\/uploads\\\/2025\\\/11\\\/71.png\",\"width\":1000,\"height\":1000},{\"@type\":\"BreadcrumbList\",\"@id\":\"https:\\\/\\\/www.gonbeler.com\\\/index.php\\\/urun\\\/damla-sakizli-osmanli-dibek-kahvesi\\\/#breadcrumb\",\"itemListElement\":[{\"@type\":\"ListItem\",\"position\":1,\"name\":\"Anasayfa\",\"item\":\"https:\\\/\\\/www.gonbeler.com\\\/\"},{\"@type\":\"ListItem\",\"position\":2,\"name\":\"Ma\u011faza\",\"item\":\"https:\\\/\\\/www.gonbeler.com\\\/index.php\\\/magaza\\\/\"},{\"@type\":\"ListItem\",\"position\":3,\"name\":\"Osso Damla Sak\u0131zl\u0131 Osmanl\u0131 Dibek Kahvesi\"}]},{\"@type\":\"WebSite\",\"@id\":\"https:\\\/\\\/www.gonbeler.com\\\/#website\",\"url\":\"https:\\\/\\\/www.gonbeler.com\\\/\",\"name\":\"G\u00d6NBELER LOKUMCULUK\",\"description\":\"\",\"publisher\":{\"@id\":\"https:\\\/\\\/www.gonbeler.com\\\/#organization\"},\"potentialAction\":[{\"@type\":\"SearchAction\",\"target\":{\"@type\":\"EntryPoint\",\"urlTemplate\":\"https:\\\/\\\/www.gonbeler.com\\\/?s={search_term_string}\"},\"query-input\":{\"@type\":\"PropertyValueSpecification\",\"valueRequired\":true,\"valueName\":\"search_term_string\"}}],\"inLanguage\":\"tr\"},{\"@type\":\"Organization\",\"@id\":\"https:\\\/\\\/www.gonbeler.com\\\/#organization\",\"name\":\"G\u00d6NBELER LOKUMCULUK\",\"url\":\"https:\\\/\\\/www.gonbeler.com\\\/\",\"logo\":{\"@type\":\"ImageObject\",\"inLanguage\":\"tr\",\"@id\":\"https:\\\/\\\/www.gonbeler.com\\\/#\\\/schema\\\/logo\\\/image\\\/\",\"url\":\"https:\\\/\\\/www.gonbeler.com\\\/wp-content\\\/uploads\\\/2025\\\/10\\\/cropped-car-4.png\",\"contentUrl\":\"https:\\\/\\\/www.gonbeler.com\\\/wp-content\\\/uploads\\\/2025\\\/10\\\/cropped-car-4.png\",\"width\":512,\"height\":512,\"caption\":\"G\u00d6NBELER LOKUMCULUK\"},\"image\":{\"@id\":\"https:\\\/\\\/www.gonbeler.com\\\/#\\\/schema\\\/logo\\\/image\\\/\"},\"sameAs\":[\"https:\\\/\\\/www.facebook.com\\\/Gonbeler\\\/?locale=tr_TR\",\"https:\\\/\\\/www.instagram.com\\\/gonbelerlokumculuk\\\/\"]}]}<\/script>\n<!-- \/ Yoast SEO Premium plugin. -->","yoast_head_json":{"title":"Osso Damla Sak\u0131zl\u0131 Osmanl\u0131 Dibek Kahvesi - G\u00d6NBELER LOKUMCULUK","robots":{"index":"index","follow":"follow","max-snippet":"max-snippet:-1","max-image-preview":"max-image-preview:large","max-video-preview":"max-video-preview:-1"},"canonical":"https:\/\/www.gonbeler.com\/index.php\/urun\/damla-sakizli-osmanli-dibek-kahvesi\/","og_locale":"tr_TR","og_type":"article","og_title":"Osso Damla Sak\u0131zl\u0131 Osmanl\u0131 Dibek Kahvesi","og_description":"Ta\u015f de\u011firmende \u00f6\u011f\u00fct\u00fclen dibek kahvesine damla sak\u0131z\u0131 aromas\u0131 eklenerek haz\u0131rlanan Damla Sak\u0131zl\u0131 Osmanl\u0131 Dibek Kahvesi, hafif aromas\u0131 ve yumu\u015fak i\u00e7imiyle kahve keyfini \u00f6zel k\u0131lar.","og_url":"https:\/\/www.gonbeler.com\/index.php\/urun\/damla-sakizli-osmanli-dibek-kahvesi\/","og_site_name":"G\u00d6NBELER LOKUMCULUK","article_publisher":"https:\/\/www.facebook.com\/Gonbeler\/?locale=tr_TR","article_modified_time":"2026-01-07T14:58:35+00:00","og_image":[{"width":1000,"height":1000,"url":"https:\/\/www.gonbeler.com\/wp-content\/uploads\/2025\/11\/71.png","type":"image\/png"}],"twitter_card":"summary_large_image","twitter_misc":{"Tahmini okuma s\u00fcresi":"1 dakika"},"schema":{"@context":"https:\/\/schema.org","@graph":[{"@type":"WebPage","@id":"https:\/\/www.gonbeler.com\/index.php\/urun\/damla-sakizli-osmanli-dibek-kahvesi\/","url":"https:\/\/www.gonbeler.com\/index.php\/urun\/damla-sakizli-osmanli-dibek-kahvesi\/","name":"Osso Damla Sak\u0131zl\u0131 Osmanl\u0131 Dibek Kahvesi - G\u00d6NBELER LOKUMCULUK","isPartOf":{"@id":"https:\/\/www.gonbeler.com\/#website"},"primaryImageOfPage":{"@id":"https:\/\/www.gonbeler.com\/index.php\/urun\/damla-sakizli-osmanli-dibek-kahvesi\/#primaryimage"},"image":{"@id":"https:\/\/www.gonbeler.com\/index.php\/urun\/damla-sakizli-osmanli-dibek-kahvesi\/#primaryimage"},"thumbnailUrl":"https:\/\/www.gonbeler.com\/wp-content\/uploads\/2025\/11\/71.png","datePublished":"2025-11-17T17:19:52+00:00","dateModified":"2026-01-07T14:58:35+00:00","breadcrumb":{"@id":"https:\/\/www.gonbeler.com\/index.php\/urun\/damla-sakizli-osmanli-dibek-kahvesi\/#breadcrumb"},"inLanguage":"tr","potentialAction":[{"@type":"ReadAction","target":["https:\/\/www.gonbeler.com\/index.php\/urun\/damla-sakizli-osmanli-dibek-kahvesi\/"]}]},{"@type":"ImageObject","inLanguage":"tr","@id":"https:\/\/www.gonbeler.com\/index.php\/urun\/damla-sakizli-osmanli-dibek-kahvesi\/#primaryimage","url":"https:\/\/www.gonbeler.com\/wp-content\/uploads\/2025\/11\/71.png","contentUrl":"https:\/\/www.gonbeler.com\/wp-content\/uploads\/2025\/11\/71.png","width":1000,"height":1000},{"@type":"BreadcrumbList","@id":"https:\/\/www.gonbeler.com\/index.php\/urun\/damla-sakizli-osmanli-dibek-kahvesi\/#breadcrumb","itemListElement":[{"@type":"ListItem","position":1,"name":"Anasayfa","item":"https:\/\/www.gonbeler.com\/"},{"@type":"ListItem","position":2,"name":"Ma\u011faza","item":"https:\/\/www.gonbeler.com\/index.php\/magaza\/"},{"@type":"ListItem","position":3,"name":"Osso Damla Sak\u0131zl\u0131 Osmanl\u0131 Dibek Kahvesi"}]},{"@type":"WebSite","@id":"https:\/\/www.gonbeler.com\/#website","url":"https:\/\/www.gonbeler.com\/","name":"G\u00d6NBELER LOKUMCULUK","description":"","publisher":{"@id":"https:\/\/www.gonbeler.com\/#organization"},"potentialAction":[{"@type":"SearchAction","target":{"@type":"EntryPoint","urlTemplate":"https:\/\/www.gonbeler.com\/?s={search_term_string}"},"query-input":{"@type":"PropertyValueSpecification","valueRequired":true,"valueName":"search_term_string"}}],"inLanguage":"tr"},{"@type":"Organization","@id":"https:\/\/www.gonbeler.com\/#organization","name":"G\u00d6NBELER LOKUMCULUK","url":"https:\/\/www.gonbeler.com\/","logo":{"@type":"ImageObject","inLanguage":"tr","@id":"https:\/\/www.gonbeler.com\/#\/schema\/logo\/image\/","url":"https:\/\/www.gonbeler.com\/wp-content\/uploads\/2025\/10\/cropped-car-4.png","contentUrl":"https:\/\/www.gonbeler.com\/wp-content\/uploads\/2025\/10\/cropped-car-4.png","width":512,"height":512,"caption":"G\u00d6NBELER LOKUMCULUK"},"image":{"@id":"https:\/\/www.gonbeler.com\/#\/schema\/logo\/image\/"},"sameAs":["https:\/\/www.facebook.com\/Gonbeler\/?locale=tr_TR","https:\/\/www.instagram.com\/gonbelerlokumculuk\/"]}]}},"jetpack_sharing_enabled":true,"_links":{"self":[{"href":"https:\/\/www.gonbeler.com\/index.php\/wp-json\/wp\/v2\/product\/13022","targetHints":{"allow":["GET"]}}],"collection":[{"href":"https:\/\/www.gonbeler.com\/index.php\/wp-json\/wp\/v2\/product"}],"about":[{"href":"https:\/\/www.gonbeler.com\/index.php\/wp-json\/wp\/v2\/types\/product"}],"replies":[{"embeddable":true,"href":"https:\/\/www.gonbeler.com\/index.php\/wp-json\/wp\/v2\/comments?post=13022"}],"wp:featuredmedia":[{"embeddable":true,"href":"https:\/\/www.gonbeler.com\/index.php\/wp-json\/wp\/v2\/media\/13018"}],"wp:attachment":[{"href":"https:\/\/www.gonbeler.com\/index.php\/wp-json\/wp\/v2\/media?parent=13022"}],"wp:term":[{"taxonomy":"product_brand","embeddable":true,"href":"https:\/\/www.gonbeler.com\/index.php\/wp-json\/wp\/v2\/product_brand?post=13022"},{"taxonomy":"product_cat","embeddable":true,"href":"https:\/\/www.gonbeler.com\/index.php\/wp-json\/wp\/v2\/product_cat?post=13022"},{"taxonomy":"product_tag","embeddable":true,"href":"https:\/\/www.gonbeler.com\/index.php\/wp-json\/wp\/v2\/product_tag?post=13022"}],"curies":[{"name":"wp","href":"https:\/\/api.w.org\/{rel}","templated":true}]}}