{"id":13009,"date":"2025-11-17T20:00:52","date_gmt":"2025-11-17T17:00:52","guid":{"rendered":"https:\/\/www.gonbeler.com\/?post_type=product&#038;p=13009"},"modified":"2026-01-07T17:58:34","modified_gmt":"2026-01-07T14:58:34","slug":"fiomi-hashas-kolonya","status":"publish","type":"product","link":"https:\/\/www.gonbeler.com\/index.php\/urun\/fiomi-hashas-kolonya\/","title":{"rendered":"Fiomi Ha\u015fha\u015f Kolonya"},"content":{"rendered":"<p>Do\u011fadan ilham alan \u00f6zel form\u00fcl\u00fcyle <strong data-start=\"320\" data-end=\"346\">Fiomi Ha\u015fha\u015f Kolonyas\u0131<\/strong>, ferahlat\u0131c\u0131 etkisi ve hafif \u00e7i\u00e7eksi kokusuyla g\u00fcn boyu temizlik ve tazelik sunar. \u00d6zg\u00fcn ha\u015fha\u015f esans\u0131 sayesinde hem klasik kolonya kokusundan farkl\u0131 bir deneyim sunar hem de kal\u0131c\u0131 ho\u015f bir iz b\u0131rak\u0131r.<\/p>\n","protected":false},"excerpt":{"rendered":"<p data-start=\"1106\" data-end=\"1232\">Do\u011fal ha\u015fha\u015f esans\u0131 ve %70 alkol i\u00e7eri\u011fiyle <strong data-start=\"1150\" data-end=\"1176\">Fiomi Ha\u015fha\u015f Kolonyas\u0131<\/strong>, ferahlat\u0131c\u0131 ve ho\u015f kokulu bir temizlik deneyimi sunar.<\/p>\n","protected":false},"featured_media":13010,"comment_status":"open","ping_status":"closed","template":"","meta":{"_gspb_post_css":"","_themeisle_gutenberg_block_has_review":false},"product_brand":[],"product_cat":[55],"product_tag":[],"class_list":{"0":"post-13009","1":"product","2":"type-product","3":"status-publish","4":"has-post-thumbnail","6":"product_cat-kolonya","8":"first","9":"instock","10":"taxable","11":"shipping-taxable","12":"purchasable","13":"product-type-simple"},"ct_brands":[],"yoast_head":"<!-- This site is optimized with the Yoast SEO Premium plugin v24.0 (Yoast SEO v27.4) - https:\/\/yoast.com\/product\/yoast-seo-premium-wordpress\/ -->\n<title>Fiomi Ha\u015fha\u015f Kolonya - G\u00d6NBELER LOKUMCULUK<\/title>\n<meta name=\"robots\" content=\"index, follow, max-snippet:-1, max-image-preview:large, max-video-preview:-1\" \/>\n<link rel=\"canonical\" href=\"https:\/\/www.gonbeler.com\/index.php\/urun\/fiomi-hashas-kolonya\/\" \/>\n<meta property=\"og:locale\" content=\"tr_TR\" \/>\n<meta property=\"og:type\" content=\"article\" \/>\n<meta property=\"og:title\" content=\"Fiomi Ha\u015fha\u015f Kolonya\" \/>\n<meta property=\"og:description\" content=\"Do\u011fal ha\u015fha\u015f esans\u0131 ve %70 alkol i\u00e7eri\u011fiyle Fiomi Ha\u015fha\u015f Kolonyas\u0131, ferahlat\u0131c\u0131 ve ho\u015f kokulu bir temizlik deneyimi sunar.\" \/>\n<meta property=\"og:url\" content=\"https:\/\/www.gonbeler.com\/index.php\/urun\/fiomi-hashas-kolonya\/\" \/>\n<meta property=\"og:site_name\" content=\"G\u00d6NBELER LOKUMCULUK\" \/>\n<meta property=\"article:publisher\" content=\"https:\/\/www.facebook.com\/Gonbeler\/?locale=tr_TR\" \/>\n<meta property=\"article:modified_time\" content=\"2026-01-07T14:58:34+00:00\" \/>\n<meta property=\"og:image\" content=\"https:\/\/www.gonbeler.com\/wp-content\/uploads\/2025\/11\/74.png\" \/>\n\t<meta property=\"og:image:width\" content=\"1000\" \/>\n\t<meta property=\"og:image:height\" content=\"1000\" \/>\n\t<meta property=\"og:image:type\" content=\"image\/png\" \/>\n<meta name=\"twitter:card\" content=\"summary_large_image\" \/>\n<meta name=\"twitter:label1\" content=\"Tahmini okuma s\u00fcresi\" \/>\n\t<meta name=\"twitter:data1\" content=\"1 dakika\" \/>\n<script type=\"application\/ld+json\" class=\"yoast-schema-graph\">{\"@context\":\"https:\\\/\\\/schema.org\",\"@graph\":[{\"@type\":\"WebPage\",\"@id\":\"https:\\\/\\\/www.gonbeler.com\\\/index.php\\\/urun\\\/fiomi-hashas-kolonya\\\/\",\"url\":\"https:\\\/\\\/www.gonbeler.com\\\/index.php\\\/urun\\\/fiomi-hashas-kolonya\\\/\",\"name\":\"Fiomi Ha\u015fha\u015f Kolonya - G\u00d6NBELER LOKUMCULUK\",\"isPartOf\":{\"@id\":\"https:\\\/\\\/www.gonbeler.com\\\/#website\"},\"primaryImageOfPage\":{\"@id\":\"https:\\\/\\\/www.gonbeler.com\\\/index.php\\\/urun\\\/fiomi-hashas-kolonya\\\/#primaryimage\"},\"image\":{\"@id\":\"https:\\\/\\\/www.gonbeler.com\\\/index.php\\\/urun\\\/fiomi-hashas-kolonya\\\/#primaryimage\"},\"thumbnailUrl\":\"https:\\\/\\\/www.gonbeler.com\\\/wp-content\\\/uploads\\\/2025\\\/11\\\/74.png\",\"datePublished\":\"2025-11-17T17:00:52+00:00\",\"dateModified\":\"2026-01-07T14:58:34+00:00\",\"breadcrumb\":{\"@id\":\"https:\\\/\\\/www.gonbeler.com\\\/index.php\\\/urun\\\/fiomi-hashas-kolonya\\\/#breadcrumb\"},\"inLanguage\":\"tr\",\"potentialAction\":[{\"@type\":\"ReadAction\",\"target\":[\"https:\\\/\\\/www.gonbeler.com\\\/index.php\\\/urun\\\/fiomi-hashas-kolonya\\\/\"]}]},{\"@type\":\"ImageObject\",\"inLanguage\":\"tr\",\"@id\":\"https:\\\/\\\/www.gonbeler.com\\\/index.php\\\/urun\\\/fiomi-hashas-kolonya\\\/#primaryimage\",\"url\":\"https:\\\/\\\/www.gonbeler.com\\\/wp-content\\\/uploads\\\/2025\\\/11\\\/74.png\",\"contentUrl\":\"https:\\\/\\\/www.gonbeler.com\\\/wp-content\\\/uploads\\\/2025\\\/11\\\/74.png\",\"width\":1000,\"height\":1000},{\"@type\":\"BreadcrumbList\",\"@id\":\"https:\\\/\\\/www.gonbeler.com\\\/index.php\\\/urun\\\/fiomi-hashas-kolonya\\\/#breadcrumb\",\"itemListElement\":[{\"@type\":\"ListItem\",\"position\":1,\"name\":\"Anasayfa\",\"item\":\"https:\\\/\\\/www.gonbeler.com\\\/\"},{\"@type\":\"ListItem\",\"position\":2,\"name\":\"Ma\u011faza\",\"item\":\"https:\\\/\\\/www.gonbeler.com\\\/index.php\\\/magaza\\\/\"},{\"@type\":\"ListItem\",\"position\":3,\"name\":\"Fiomi Ha\u015fha\u015f Kolonya\"}]},{\"@type\":\"WebSite\",\"@id\":\"https:\\\/\\\/www.gonbeler.com\\\/#website\",\"url\":\"https:\\\/\\\/www.gonbeler.com\\\/\",\"name\":\"G\u00d6NBELER LOKUMCULUK\",\"description\":\"\",\"publisher\":{\"@id\":\"https:\\\/\\\/www.gonbeler.com\\\/#organization\"},\"potentialAction\":[{\"@type\":\"SearchAction\",\"target\":{\"@type\":\"EntryPoint\",\"urlTemplate\":\"https:\\\/\\\/www.gonbeler.com\\\/?s={search_term_string}\"},\"query-input\":{\"@type\":\"PropertyValueSpecification\",\"valueRequired\":true,\"valueName\":\"search_term_string\"}}],\"inLanguage\":\"tr\"},{\"@type\":\"Organization\",\"@id\":\"https:\\\/\\\/www.gonbeler.com\\\/#organization\",\"name\":\"G\u00d6NBELER LOKUMCULUK\",\"url\":\"https:\\\/\\\/www.gonbeler.com\\\/\",\"logo\":{\"@type\":\"ImageObject\",\"inLanguage\":\"tr\",\"@id\":\"https:\\\/\\\/www.gonbeler.com\\\/#\\\/schema\\\/logo\\\/image\\\/\",\"url\":\"https:\\\/\\\/www.gonbeler.com\\\/wp-content\\\/uploads\\\/2025\\\/10\\\/cropped-car-4.png\",\"contentUrl\":\"https:\\\/\\\/www.gonbeler.com\\\/wp-content\\\/uploads\\\/2025\\\/10\\\/cropped-car-4.png\",\"width\":512,\"height\":512,\"caption\":\"G\u00d6NBELER LOKUMCULUK\"},\"image\":{\"@id\":\"https:\\\/\\\/www.gonbeler.com\\\/#\\\/schema\\\/logo\\\/image\\\/\"},\"sameAs\":[\"https:\\\/\\\/www.facebook.com\\\/Gonbeler\\\/?locale=tr_TR\",\"https:\\\/\\\/www.instagram.com\\\/gonbelerlokumculuk\\\/\"]}]}<\/script>\n<!-- \/ Yoast SEO Premium plugin. -->","yoast_head_json":{"title":"Fiomi Ha\u015fha\u015f Kolonya - G\u00d6NBELER LOKUMCULUK","robots":{"index":"index","follow":"follow","max-snippet":"max-snippet:-1","max-image-preview":"max-image-preview:large","max-video-preview":"max-video-preview:-1"},"canonical":"https:\/\/www.gonbeler.com\/index.php\/urun\/fiomi-hashas-kolonya\/","og_locale":"tr_TR","og_type":"article","og_title":"Fiomi Ha\u015fha\u015f Kolonya","og_description":"Do\u011fal ha\u015fha\u015f esans\u0131 ve %70 alkol i\u00e7eri\u011fiyle Fiomi Ha\u015fha\u015f Kolonyas\u0131, ferahlat\u0131c\u0131 ve ho\u015f kokulu bir temizlik deneyimi sunar.","og_url":"https:\/\/www.gonbeler.com\/index.php\/urun\/fiomi-hashas-kolonya\/","og_site_name":"G\u00d6NBELER LOKUMCULUK","article_publisher":"https:\/\/www.facebook.com\/Gonbeler\/?locale=tr_TR","article_modified_time":"2026-01-07T14:58:34+00:00","og_image":[{"width":1000,"height":1000,"url":"https:\/\/www.gonbeler.com\/wp-content\/uploads\/2025\/11\/74.png","type":"image\/png"}],"twitter_card":"summary_large_image","twitter_misc":{"Tahmini okuma s\u00fcresi":"1 dakika"},"schema":{"@context":"https:\/\/schema.org","@graph":[{"@type":"WebPage","@id":"https:\/\/www.gonbeler.com\/index.php\/urun\/fiomi-hashas-kolonya\/","url":"https:\/\/www.gonbeler.com\/index.php\/urun\/fiomi-hashas-kolonya\/","name":"Fiomi Ha\u015fha\u015f Kolonya - G\u00d6NBELER LOKUMCULUK","isPartOf":{"@id":"https:\/\/www.gonbeler.com\/#website"},"primaryImageOfPage":{"@id":"https:\/\/www.gonbeler.com\/index.php\/urun\/fiomi-hashas-kolonya\/#primaryimage"},"image":{"@id":"https:\/\/www.gonbeler.com\/index.php\/urun\/fiomi-hashas-kolonya\/#primaryimage"},"thumbnailUrl":"https:\/\/www.gonbeler.com\/wp-content\/uploads\/2025\/11\/74.png","datePublished":"2025-11-17T17:00:52+00:00","dateModified":"2026-01-07T14:58:34+00:00","breadcrumb":{"@id":"https:\/\/www.gonbeler.com\/index.php\/urun\/fiomi-hashas-kolonya\/#breadcrumb"},"inLanguage":"tr","potentialAction":[{"@type":"ReadAction","target":["https:\/\/www.gonbeler.com\/index.php\/urun\/fiomi-hashas-kolonya\/"]}]},{"@type":"ImageObject","inLanguage":"tr","@id":"https:\/\/www.gonbeler.com\/index.php\/urun\/fiomi-hashas-kolonya\/#primaryimage","url":"https:\/\/www.gonbeler.com\/wp-content\/uploads\/2025\/11\/74.png","contentUrl":"https:\/\/www.gonbeler.com\/wp-content\/uploads\/2025\/11\/74.png","width":1000,"height":1000},{"@type":"BreadcrumbList","@id":"https:\/\/www.gonbeler.com\/index.php\/urun\/fiomi-hashas-kolonya\/#breadcrumb","itemListElement":[{"@type":"ListItem","position":1,"name":"Anasayfa","item":"https:\/\/www.gonbeler.com\/"},{"@type":"ListItem","position":2,"name":"Ma\u011faza","item":"https:\/\/www.gonbeler.com\/index.php\/magaza\/"},{"@type":"ListItem","position":3,"name":"Fiomi Ha\u015fha\u015f Kolonya"}]},{"@type":"WebSite","@id":"https:\/\/www.gonbeler.com\/#website","url":"https:\/\/www.gonbeler.com\/","name":"G\u00d6NBELER LOKUMCULUK","description":"","publisher":{"@id":"https:\/\/www.gonbeler.com\/#organization"},"potentialAction":[{"@type":"SearchAction","target":{"@type":"EntryPoint","urlTemplate":"https:\/\/www.gonbeler.com\/?s={search_term_string}"},"query-input":{"@type":"PropertyValueSpecification","valueRequired":true,"valueName":"search_term_string"}}],"inLanguage":"tr"},{"@type":"Organization","@id":"https:\/\/www.gonbeler.com\/#organization","name":"G\u00d6NBELER LOKUMCULUK","url":"https:\/\/www.gonbeler.com\/","logo":{"@type":"ImageObject","inLanguage":"tr","@id":"https:\/\/www.gonbeler.com\/#\/schema\/logo\/image\/","url":"https:\/\/www.gonbeler.com\/wp-content\/uploads\/2025\/10\/cropped-car-4.png","contentUrl":"https:\/\/www.gonbeler.com\/wp-content\/uploads\/2025\/10\/cropped-car-4.png","width":512,"height":512,"caption":"G\u00d6NBELER LOKUMCULUK"},"image":{"@id":"https:\/\/www.gonbeler.com\/#\/schema\/logo\/image\/"},"sameAs":["https:\/\/www.facebook.com\/Gonbeler\/?locale=tr_TR","https:\/\/www.instagram.com\/gonbelerlokumculuk\/"]}]}},"jetpack_sharing_enabled":true,"_links":{"self":[{"href":"https:\/\/www.gonbeler.com\/index.php\/wp-json\/wp\/v2\/product\/13009","targetHints":{"allow":["GET"]}}],"collection":[{"href":"https:\/\/www.gonbeler.com\/index.php\/wp-json\/wp\/v2\/product"}],"about":[{"href":"https:\/\/www.gonbeler.com\/index.php\/wp-json\/wp\/v2\/types\/product"}],"replies":[{"embeddable":true,"href":"https:\/\/www.gonbeler.com\/index.php\/wp-json\/wp\/v2\/comments?post=13009"}],"wp:featuredmedia":[{"embeddable":true,"href":"https:\/\/www.gonbeler.com\/index.php\/wp-json\/wp\/v2\/media\/13010"}],"wp:attachment":[{"href":"https:\/\/www.gonbeler.com\/index.php\/wp-json\/wp\/v2\/media?parent=13009"}],"wp:term":[{"taxonomy":"product_brand","embeddable":true,"href":"https:\/\/www.gonbeler.com\/index.php\/wp-json\/wp\/v2\/product_brand?post=13009"},{"taxonomy":"product_cat","embeddable":true,"href":"https:\/\/www.gonbeler.com\/index.php\/wp-json\/wp\/v2\/product_cat?post=13009"},{"taxonomy":"product_tag","embeddable":true,"href":"https:\/\/www.gonbeler.com\/index.php\/wp-json\/wp\/v2\/product_tag?post=13009"}],"curies":[{"name":"wp","href":"https:\/\/api.w.org\/{rel}","templated":true}]}}