{"id":13006,"date":"2025-11-17T19:55:24","date_gmt":"2025-11-17T16:55:24","guid":{"rendered":"https:\/\/www.gonbeler.com\/?post_type=product&#038;p=13006"},"modified":"2026-01-07T17:58:35","modified_gmt":"2026-01-07T14:58:35","slug":"akhel-helva-antep-fistikli","status":"publish","type":"product","link":"https:\/\/www.gonbeler.com\/index.php\/urun\/akhel-helva-antep-fistikli\/","title":{"rendered":"Akhel Helva Antep F\u0131st\u0131kl\u0131"},"content":{"rendered":"<p>Do\u011fall\u0131k ve lezzeti bir araya getiren <strong data-start=\"229\" data-end=\"259\">Akhel Antep F\u0131st\u0131kl\u0131 Helva<\/strong>, bol tahin ve y\u00fcksek kaliteli Antep f\u0131st\u0131\u011f\u0131yla haz\u0131rlanm\u0131\u015ft\u0131r. Glikoz i\u00e7ermeyen yap\u0131s\u0131 sayesinde hem sa\u011fl\u0131kl\u0131 hem de geleneksel tatl\u0131 keyfi sunar. Yo\u011fun k\u0131vam\u0131 ve f\u0131st\u0131k aromas\u0131yla kahvalt\u0131 sofralar\u0131na ve ikraml\u0131klara lezzet katar.<\/p>\n","protected":false},"excerpt":{"rendered":"<p>Do\u011fall\u0131k ve lezzeti bir araya getiren Akhel Antep F\u0131st\u0131kl\u0131 Helva, bol tahin ve y\u00fcksek kaliteli Antep f\u0131st\u0131\u011f\u0131yla haz\u0131rlanm\u0131\u015ft\u0131r. Glikoz i\u00e7ermeyen yap\u0131s\u0131 sayesinde hem sa\u011fl\u0131kl\u0131 hem de geleneksel tatl\u0131 keyfi sunar. Yo\u011fun k\u0131vam\u0131 ve f\u0131st\u0131k aromas\u0131yla kahvalt\u0131 sofralar\u0131na ve ikraml\u0131klara lezzet katar.<\/p>\n","protected":false},"featured_media":12998,"comment_status":"open","ping_status":"closed","template":"","meta":{"_gspb_post_css":"","_themeisle_gutenberg_block_has_review":false},"product_brand":[],"product_cat":[54],"product_tag":[],"class_list":{"0":"post-13006","1":"product","2":"type-product","3":"status-publish","4":"has-post-thumbnail","6":"product_cat-helvacesitleri","8":"first","9":"instock","10":"taxable","11":"shipping-taxable","12":"purchasable","13":"product-type-variable"},"ct_brands":[],"yoast_head":"<!-- This site is optimized with the Yoast SEO Premium plugin v24.0 (Yoast SEO v27.4) - https:\/\/yoast.com\/product\/yoast-seo-premium-wordpress\/ -->\n<title>Akhel Helva Antep F\u0131st\u0131kl\u0131 - G\u00d6NBELER LOKUMCULUK<\/title>\n<meta name=\"robots\" content=\"index, follow, max-snippet:-1, max-image-preview:large, max-video-preview:-1\" \/>\n<link rel=\"canonical\" href=\"https:\/\/www.gonbeler.com\/index.php\/urun\/akhel-helva-antep-fistikli\/\" \/>\n<meta property=\"og:locale\" content=\"tr_TR\" \/>\n<meta property=\"og:type\" content=\"article\" \/>\n<meta property=\"og:title\" content=\"Akhel Helva Antep F\u0131st\u0131kl\u0131\" \/>\n<meta property=\"og:description\" content=\"Do\u011fall\u0131k ve lezzeti bir araya getiren Akhel Antep F\u0131st\u0131kl\u0131 Helva, bol tahin ve y\u00fcksek kaliteli Antep f\u0131st\u0131\u011f\u0131yla haz\u0131rlanm\u0131\u015ft\u0131r. Glikoz i\u00e7ermeyen yap\u0131s\u0131 sayesinde hem sa\u011fl\u0131kl\u0131 hem de geleneksel tatl\u0131 keyfi sunar. Yo\u011fun k\u0131vam\u0131 ve f\u0131st\u0131k aromas\u0131yla kahvalt\u0131 sofralar\u0131na ve ikraml\u0131klara lezzet katar.\" \/>\n<meta property=\"og:url\" content=\"https:\/\/www.gonbeler.com\/index.php\/urun\/akhel-helva-antep-fistikli\/\" \/>\n<meta property=\"og:site_name\" content=\"G\u00d6NBELER LOKUMCULUK\" \/>\n<meta property=\"article:publisher\" content=\"https:\/\/www.facebook.com\/Gonbeler\/?locale=tr_TR\" \/>\n<meta property=\"article:modified_time\" content=\"2026-01-07T14:58:35+00:00\" \/>\n<meta property=\"og:image\" content=\"https:\/\/www.gonbeler.com\/wp-content\/uploads\/2025\/11\/gonbeler-site-gorselleri-50.png\" \/>\n\t<meta property=\"og:image:width\" content=\"1000\" \/>\n\t<meta property=\"og:image:height\" content=\"1000\" \/>\n\t<meta property=\"og:image:type\" content=\"image\/png\" \/>\n<meta name=\"twitter:card\" content=\"summary_large_image\" \/>\n<meta name=\"twitter:label1\" content=\"Tahmini okuma s\u00fcresi\" \/>\n\t<meta name=\"twitter:data1\" content=\"1 dakika\" \/>\n<script type=\"application\/ld+json\" class=\"yoast-schema-graph\">{\"@context\":\"https:\\\/\\\/schema.org\",\"@graph\":[{\"@type\":\"WebPage\",\"@id\":\"https:\\\/\\\/www.gonbeler.com\\\/index.php\\\/urun\\\/akhel-helva-antep-fistikli\\\/\",\"url\":\"https:\\\/\\\/www.gonbeler.com\\\/index.php\\\/urun\\\/akhel-helva-antep-fistikli\\\/\",\"name\":\"Akhel Helva Antep F\u0131st\u0131kl\u0131 - G\u00d6NBELER LOKUMCULUK\",\"isPartOf\":{\"@id\":\"https:\\\/\\\/www.gonbeler.com\\\/#website\"},\"primaryImageOfPage\":{\"@id\":\"https:\\\/\\\/www.gonbeler.com\\\/index.php\\\/urun\\\/akhel-helva-antep-fistikli\\\/#primaryimage\"},\"image\":{\"@id\":\"https:\\\/\\\/www.gonbeler.com\\\/index.php\\\/urun\\\/akhel-helva-antep-fistikli\\\/#primaryimage\"},\"thumbnailUrl\":\"https:\\\/\\\/www.gonbeler.com\\\/wp-content\\\/uploads\\\/2025\\\/11\\\/gonbeler-site-gorselleri-50.png\",\"datePublished\":\"2025-11-17T16:55:24+00:00\",\"dateModified\":\"2026-01-07T14:58:35+00:00\",\"breadcrumb\":{\"@id\":\"https:\\\/\\\/www.gonbeler.com\\\/index.php\\\/urun\\\/akhel-helva-antep-fistikli\\\/#breadcrumb\"},\"inLanguage\":\"tr\",\"potentialAction\":[{\"@type\":\"ReadAction\",\"target\":[\"https:\\\/\\\/www.gonbeler.com\\\/index.php\\\/urun\\\/akhel-helva-antep-fistikli\\\/\"]}]},{\"@type\":\"ImageObject\",\"inLanguage\":\"tr\",\"@id\":\"https:\\\/\\\/www.gonbeler.com\\\/index.php\\\/urun\\\/akhel-helva-antep-fistikli\\\/#primaryimage\",\"url\":\"https:\\\/\\\/www.gonbeler.com\\\/wp-content\\\/uploads\\\/2025\\\/11\\\/gonbeler-site-gorselleri-50.png\",\"contentUrl\":\"https:\\\/\\\/www.gonbeler.com\\\/wp-content\\\/uploads\\\/2025\\\/11\\\/gonbeler-site-gorselleri-50.png\",\"width\":1000,\"height\":1000},{\"@type\":\"BreadcrumbList\",\"@id\":\"https:\\\/\\\/www.gonbeler.com\\\/index.php\\\/urun\\\/akhel-helva-antep-fistikli\\\/#breadcrumb\",\"itemListElement\":[{\"@type\":\"ListItem\",\"position\":1,\"name\":\"Anasayfa\",\"item\":\"https:\\\/\\\/www.gonbeler.com\\\/\"},{\"@type\":\"ListItem\",\"position\":2,\"name\":\"Ma\u011faza\",\"item\":\"https:\\\/\\\/www.gonbeler.com\\\/index.php\\\/magaza\\\/\"},{\"@type\":\"ListItem\",\"position\":3,\"name\":\"Akhel Helva Antep F\u0131st\u0131kl\u0131\"}]},{\"@type\":\"WebSite\",\"@id\":\"https:\\\/\\\/www.gonbeler.com\\\/#website\",\"url\":\"https:\\\/\\\/www.gonbeler.com\\\/\",\"name\":\"G\u00d6NBELER LOKUMCULUK\",\"description\":\"\",\"publisher\":{\"@id\":\"https:\\\/\\\/www.gonbeler.com\\\/#organization\"},\"potentialAction\":[{\"@type\":\"SearchAction\",\"target\":{\"@type\":\"EntryPoint\",\"urlTemplate\":\"https:\\\/\\\/www.gonbeler.com\\\/?s={search_term_string}\"},\"query-input\":{\"@type\":\"PropertyValueSpecification\",\"valueRequired\":true,\"valueName\":\"search_term_string\"}}],\"inLanguage\":\"tr\"},{\"@type\":\"Organization\",\"@id\":\"https:\\\/\\\/www.gonbeler.com\\\/#organization\",\"name\":\"G\u00d6NBELER LOKUMCULUK\",\"url\":\"https:\\\/\\\/www.gonbeler.com\\\/\",\"logo\":{\"@type\":\"ImageObject\",\"inLanguage\":\"tr\",\"@id\":\"https:\\\/\\\/www.gonbeler.com\\\/#\\\/schema\\\/logo\\\/image\\\/\",\"url\":\"https:\\\/\\\/www.gonbeler.com\\\/wp-content\\\/uploads\\\/2025\\\/10\\\/cropped-car-4.png\",\"contentUrl\":\"https:\\\/\\\/www.gonbeler.com\\\/wp-content\\\/uploads\\\/2025\\\/10\\\/cropped-car-4.png\",\"width\":512,\"height\":512,\"caption\":\"G\u00d6NBELER LOKUMCULUK\"},\"image\":{\"@id\":\"https:\\\/\\\/www.gonbeler.com\\\/#\\\/schema\\\/logo\\\/image\\\/\"},\"sameAs\":[\"https:\\\/\\\/www.facebook.com\\\/Gonbeler\\\/?locale=tr_TR\",\"https:\\\/\\\/www.instagram.com\\\/gonbelerlokumculuk\\\/\"]}]}<\/script>\n<!-- \/ Yoast SEO Premium plugin. -->","yoast_head_json":{"title":"Akhel Helva Antep F\u0131st\u0131kl\u0131 - G\u00d6NBELER LOKUMCULUK","robots":{"index":"index","follow":"follow","max-snippet":"max-snippet:-1","max-image-preview":"max-image-preview:large","max-video-preview":"max-video-preview:-1"},"canonical":"https:\/\/www.gonbeler.com\/index.php\/urun\/akhel-helva-antep-fistikli\/","og_locale":"tr_TR","og_type":"article","og_title":"Akhel Helva Antep F\u0131st\u0131kl\u0131","og_description":"Do\u011fall\u0131k ve lezzeti bir araya getiren Akhel Antep F\u0131st\u0131kl\u0131 Helva, bol tahin ve y\u00fcksek kaliteli Antep f\u0131st\u0131\u011f\u0131yla haz\u0131rlanm\u0131\u015ft\u0131r. Glikoz i\u00e7ermeyen yap\u0131s\u0131 sayesinde hem sa\u011fl\u0131kl\u0131 hem de geleneksel tatl\u0131 keyfi sunar. Yo\u011fun k\u0131vam\u0131 ve f\u0131st\u0131k aromas\u0131yla kahvalt\u0131 sofralar\u0131na ve ikraml\u0131klara lezzet katar.","og_url":"https:\/\/www.gonbeler.com\/index.php\/urun\/akhel-helva-antep-fistikli\/","og_site_name":"G\u00d6NBELER LOKUMCULUK","article_publisher":"https:\/\/www.facebook.com\/Gonbeler\/?locale=tr_TR","article_modified_time":"2026-01-07T14:58:35+00:00","og_image":[{"width":1000,"height":1000,"url":"https:\/\/www.gonbeler.com\/wp-content\/uploads\/2025\/11\/gonbeler-site-gorselleri-50.png","type":"image\/png"}],"twitter_card":"summary_large_image","twitter_misc":{"Tahmini okuma s\u00fcresi":"1 dakika"},"schema":{"@context":"https:\/\/schema.org","@graph":[{"@type":"WebPage","@id":"https:\/\/www.gonbeler.com\/index.php\/urun\/akhel-helva-antep-fistikli\/","url":"https:\/\/www.gonbeler.com\/index.php\/urun\/akhel-helva-antep-fistikli\/","name":"Akhel Helva Antep F\u0131st\u0131kl\u0131 - G\u00d6NBELER LOKUMCULUK","isPartOf":{"@id":"https:\/\/www.gonbeler.com\/#website"},"primaryImageOfPage":{"@id":"https:\/\/www.gonbeler.com\/index.php\/urun\/akhel-helva-antep-fistikli\/#primaryimage"},"image":{"@id":"https:\/\/www.gonbeler.com\/index.php\/urun\/akhel-helva-antep-fistikli\/#primaryimage"},"thumbnailUrl":"https:\/\/www.gonbeler.com\/wp-content\/uploads\/2025\/11\/gonbeler-site-gorselleri-50.png","datePublished":"2025-11-17T16:55:24+00:00","dateModified":"2026-01-07T14:58:35+00:00","breadcrumb":{"@id":"https:\/\/www.gonbeler.com\/index.php\/urun\/akhel-helva-antep-fistikli\/#breadcrumb"},"inLanguage":"tr","potentialAction":[{"@type":"ReadAction","target":["https:\/\/www.gonbeler.com\/index.php\/urun\/akhel-helva-antep-fistikli\/"]}]},{"@type":"ImageObject","inLanguage":"tr","@id":"https:\/\/www.gonbeler.com\/index.php\/urun\/akhel-helva-antep-fistikli\/#primaryimage","url":"https:\/\/www.gonbeler.com\/wp-content\/uploads\/2025\/11\/gonbeler-site-gorselleri-50.png","contentUrl":"https:\/\/www.gonbeler.com\/wp-content\/uploads\/2025\/11\/gonbeler-site-gorselleri-50.png","width":1000,"height":1000},{"@type":"BreadcrumbList","@id":"https:\/\/www.gonbeler.com\/index.php\/urun\/akhel-helva-antep-fistikli\/#breadcrumb","itemListElement":[{"@type":"ListItem","position":1,"name":"Anasayfa","item":"https:\/\/www.gonbeler.com\/"},{"@type":"ListItem","position":2,"name":"Ma\u011faza","item":"https:\/\/www.gonbeler.com\/index.php\/magaza\/"},{"@type":"ListItem","position":3,"name":"Akhel Helva Antep F\u0131st\u0131kl\u0131"}]},{"@type":"WebSite","@id":"https:\/\/www.gonbeler.com\/#website","url":"https:\/\/www.gonbeler.com\/","name":"G\u00d6NBELER LOKUMCULUK","description":"","publisher":{"@id":"https:\/\/www.gonbeler.com\/#organization"},"potentialAction":[{"@type":"SearchAction","target":{"@type":"EntryPoint","urlTemplate":"https:\/\/www.gonbeler.com\/?s={search_term_string}"},"query-input":{"@type":"PropertyValueSpecification","valueRequired":true,"valueName":"search_term_string"}}],"inLanguage":"tr"},{"@type":"Organization","@id":"https:\/\/www.gonbeler.com\/#organization","name":"G\u00d6NBELER LOKUMCULUK","url":"https:\/\/www.gonbeler.com\/","logo":{"@type":"ImageObject","inLanguage":"tr","@id":"https:\/\/www.gonbeler.com\/#\/schema\/logo\/image\/","url":"https:\/\/www.gonbeler.com\/wp-content\/uploads\/2025\/10\/cropped-car-4.png","contentUrl":"https:\/\/www.gonbeler.com\/wp-content\/uploads\/2025\/10\/cropped-car-4.png","width":512,"height":512,"caption":"G\u00d6NBELER LOKUMCULUK"},"image":{"@id":"https:\/\/www.gonbeler.com\/#\/schema\/logo\/image\/"},"sameAs":["https:\/\/www.facebook.com\/Gonbeler\/?locale=tr_TR","https:\/\/www.instagram.com\/gonbelerlokumculuk\/"]}]}},"jetpack_sharing_enabled":true,"_links":{"self":[{"href":"https:\/\/www.gonbeler.com\/index.php\/wp-json\/wp\/v2\/product\/13006","targetHints":{"allow":["GET"]}}],"collection":[{"href":"https:\/\/www.gonbeler.com\/index.php\/wp-json\/wp\/v2\/product"}],"about":[{"href":"https:\/\/www.gonbeler.com\/index.php\/wp-json\/wp\/v2\/types\/product"}],"replies":[{"embeddable":true,"href":"https:\/\/www.gonbeler.com\/index.php\/wp-json\/wp\/v2\/comments?post=13006"}],"wp:featuredmedia":[{"embeddable":true,"href":"https:\/\/www.gonbeler.com\/index.php\/wp-json\/wp\/v2\/media\/12998"}],"wp:attachment":[{"href":"https:\/\/www.gonbeler.com\/index.php\/wp-json\/wp\/v2\/media?parent=13006"}],"wp:term":[{"taxonomy":"product_brand","embeddable":true,"href":"https:\/\/www.gonbeler.com\/index.php\/wp-json\/wp\/v2\/product_brand?post=13006"},{"taxonomy":"product_cat","embeddable":true,"href":"https:\/\/www.gonbeler.com\/index.php\/wp-json\/wp\/v2\/product_cat?post=13006"},{"taxonomy":"product_tag","embeddable":true,"href":"https:\/\/www.gonbeler.com\/index.php\/wp-json\/wp\/v2\/product_tag?post=13006"}],"curies":[{"name":"wp","href":"https:\/\/api.w.org\/{rel}","templated":true}]}}