{"id":1258,"date":"2025-10-29T20:36:31","date_gmt":"2025-10-29T17:36:31","guid":{"rendered":"https:\/\/gonbeler.com.tr\/?post_type=product&#038;p=1258"},"modified":"2026-01-07T17:58:28","modified_gmt":"2026-01-07T14:58:28","slug":"katmersah-lokum","status":"publish","type":"product","link":"https:\/\/www.gonbeler.com\/index.php\/urun\/katmersah-lokum\/","title":{"rendered":"Katmer\u015fah Lokum"},"content":{"rendered":"<p data-start=\"158\" data-end=\"439\"><strong data-start=\"158\" data-end=\"223\">Afyon\u2019un geleneksel tatl\u0131 ustal\u0131\u011f\u0131n\u0131 yans\u0131tan Katmer\u015fah Lokum<\/strong>, kat kat \u00f6zenle haz\u0131rlanan lokum yap\u0131s\u0131 ve zengin i\u00e7eri\u011fiyle damaklarda unutulmaz bir tat b\u0131rak\u0131r. \u0130ncecik a\u00e7\u0131lan lokum katmanlar\u0131n\u0131n aras\u0131nda kullan\u0131lan \u00f6zel malzemeler, her lokmada yo\u011fun bir lezzet \u015f\u00f6leni sunar.<\/p>\n<p data-start=\"441\" data-end=\"709\">Misafir sofralar\u0131nda \u015f\u0131k bir ikram, \u00f6zel g\u00fcnlerde sevdiklerinize sunabilece\u011finiz zarif bir hediye ve g\u00fcnl\u00fck tatl\u0131 ihtiyac\u0131n\u0131z i\u00e7in ideal bir tercihtir. <strong data-start=\"593\" data-end=\"652\">Afyon\u2019un k\u00f6kl\u00fc lokum gelene\u011fini ya\u015fatan Katmer\u015fah Lokum<\/strong>, hem lezzeti hem de g\u00f6steri\u015fli sunumuyla fark yarat\u0131r.<\/p>\n<p data-start=\"711\" data-end=\"819\">\u2705 Afyon\u2019un tatl\u0131 ustal\u0131\u011f\u0131<br data-start=\"736\" data-end=\"739\" \/>\u2705 Kat kat haz\u0131rlanan \u00f6zel lokum \u00e7e\u015fidi<br data-start=\"777\" data-end=\"780\" \/>\u2705 Hediyelik ve ikraml\u0131k i\u00e7in m\u00fckemmel<\/p>\n","protected":false},"excerpt":{"rendered":"<p data-start=\"860\" data-end=\"1004\">Afyon\u2019un \u00f6zel tatl\u0131s\u0131: <strong data-start=\"883\" data-end=\"902\">Katmer\u015fah Lokum<\/strong>. Kat kat haz\u0131rlanan, yo\u011fun lezzetli geleneksel lokum. Hediyelik ve misafir ikram\u0131 i\u00e7in ideal se\u00e7im.<\/p>\n","protected":false},"featured_media":1526,"comment_status":"open","ping_status":"closed","template":"","meta":{"_gspb_post_css":"","_themeisle_gutenberg_block_has_review":false},"product_brand":[],"product_cat":[26],"product_tag":[],"class_list":{"0":"post-1258","1":"product","2":"type-product","3":"status-publish","4":"has-post-thumbnail","6":"product_cat-lokumlar","8":"first","9":"instock","10":"taxable","11":"shipping-taxable","12":"purchasable","13":"product-type-variable"},"ct_brands":[],"yoast_head":"<!-- This site is optimized with the Yoast SEO Premium plugin v24.0 (Yoast SEO v27.4) - https:\/\/yoast.com\/product\/yoast-seo-premium-wordpress\/ -->\n<title>Katmer\u015fah Lokum - G\u00d6NBELER LOKUMCULUK<\/title>\n<meta name=\"robots\" content=\"index, follow, max-snippet:-1, max-image-preview:large, max-video-preview:-1\" \/>\n<link rel=\"canonical\" href=\"https:\/\/www.gonbeler.com\/index.php\/urun\/katmersah-lokum\/\" \/>\n<meta property=\"og:locale\" content=\"tr_TR\" \/>\n<meta property=\"og:type\" content=\"article\" \/>\n<meta property=\"og:title\" content=\"Katmer\u015fah Lokum\" \/>\n<meta property=\"og:description\" content=\"Afyon\u2019un \u00f6zel tatl\u0131s\u0131: Katmer\u015fah Lokum. Kat kat haz\u0131rlanan, yo\u011fun lezzetli geleneksel lokum. Hediyelik ve misafir ikram\u0131 i\u00e7in ideal se\u00e7im.\" \/>\n<meta property=\"og:url\" content=\"https:\/\/www.gonbeler.com\/index.php\/urun\/katmersah-lokum\/\" \/>\n<meta property=\"og:site_name\" content=\"G\u00d6NBELER LOKUMCULUK\" \/>\n<meta property=\"article:publisher\" content=\"https:\/\/www.facebook.com\/Gonbeler\/?locale=tr_TR\" \/>\n<meta property=\"article:modified_time\" content=\"2026-01-07T14:58:28+00:00\" \/>\n<meta property=\"og:image\" content=\"https:\/\/www.gonbeler.com\/wp-content\/uploads\/2025\/10\/gonbeler-site-gorselleri-12.png\" \/>\n\t<meta property=\"og:image:width\" content=\"1000\" \/>\n\t<meta property=\"og:image:height\" content=\"1000\" \/>\n\t<meta property=\"og:image:type\" content=\"image\/png\" \/>\n<meta name=\"twitter:card\" content=\"summary_large_image\" \/>\n<meta name=\"twitter:label1\" content=\"Tahmini okuma s\u00fcresi\" \/>\n\t<meta name=\"twitter:data1\" content=\"1 dakika\" \/>\n<script type=\"application\/ld+json\" class=\"yoast-schema-graph\">{\"@context\":\"https:\\\/\\\/schema.org\",\"@graph\":[{\"@type\":\"WebPage\",\"@id\":\"https:\\\/\\\/www.gonbeler.com\\\/index.php\\\/urun\\\/katmersah-lokum\\\/\",\"url\":\"https:\\\/\\\/www.gonbeler.com\\\/index.php\\\/urun\\\/katmersah-lokum\\\/\",\"name\":\"Katmer\u015fah Lokum - G\u00d6NBELER LOKUMCULUK\",\"isPartOf\":{\"@id\":\"https:\\\/\\\/www.gonbeler.com\\\/#website\"},\"primaryImageOfPage\":{\"@id\":\"https:\\\/\\\/www.gonbeler.com\\\/index.php\\\/urun\\\/katmersah-lokum\\\/#primaryimage\"},\"image\":{\"@id\":\"https:\\\/\\\/www.gonbeler.com\\\/index.php\\\/urun\\\/katmersah-lokum\\\/#primaryimage\"},\"thumbnailUrl\":\"https:\\\/\\\/www.gonbeler.com\\\/wp-content\\\/uploads\\\/2025\\\/10\\\/gonbeler-site-gorselleri-12.png\",\"datePublished\":\"2025-10-29T17:36:31+00:00\",\"dateModified\":\"2026-01-07T14:58:28+00:00\",\"breadcrumb\":{\"@id\":\"https:\\\/\\\/www.gonbeler.com\\\/index.php\\\/urun\\\/katmersah-lokum\\\/#breadcrumb\"},\"inLanguage\":\"tr\",\"potentialAction\":[{\"@type\":\"ReadAction\",\"target\":[\"https:\\\/\\\/www.gonbeler.com\\\/index.php\\\/urun\\\/katmersah-lokum\\\/\"]}]},{\"@type\":\"ImageObject\",\"inLanguage\":\"tr\",\"@id\":\"https:\\\/\\\/www.gonbeler.com\\\/index.php\\\/urun\\\/katmersah-lokum\\\/#primaryimage\",\"url\":\"https:\\\/\\\/www.gonbeler.com\\\/wp-content\\\/uploads\\\/2025\\\/10\\\/gonbeler-site-gorselleri-12.png\",\"contentUrl\":\"https:\\\/\\\/www.gonbeler.com\\\/wp-content\\\/uploads\\\/2025\\\/10\\\/gonbeler-site-gorselleri-12.png\",\"width\":1000,\"height\":1000},{\"@type\":\"BreadcrumbList\",\"@id\":\"https:\\\/\\\/www.gonbeler.com\\\/index.php\\\/urun\\\/katmersah-lokum\\\/#breadcrumb\",\"itemListElement\":[{\"@type\":\"ListItem\",\"position\":1,\"name\":\"Anasayfa\",\"item\":\"https:\\\/\\\/www.gonbeler.com\\\/\"},{\"@type\":\"ListItem\",\"position\":2,\"name\":\"Ma\u011faza\",\"item\":\"https:\\\/\\\/www.gonbeler.com\\\/index.php\\\/magaza\\\/\"},{\"@type\":\"ListItem\",\"position\":3,\"name\":\"Katmer\u015fah Lokum\"}]},{\"@type\":\"WebSite\",\"@id\":\"https:\\\/\\\/www.gonbeler.com\\\/#website\",\"url\":\"https:\\\/\\\/www.gonbeler.com\\\/\",\"name\":\"G\u00d6NBELER LOKUMCULUK\",\"description\":\"\",\"publisher\":{\"@id\":\"https:\\\/\\\/www.gonbeler.com\\\/#organization\"},\"potentialAction\":[{\"@type\":\"SearchAction\",\"target\":{\"@type\":\"EntryPoint\",\"urlTemplate\":\"https:\\\/\\\/www.gonbeler.com\\\/?s={search_term_string}\"},\"query-input\":{\"@type\":\"PropertyValueSpecification\",\"valueRequired\":true,\"valueName\":\"search_term_string\"}}],\"inLanguage\":\"tr\"},{\"@type\":\"Organization\",\"@id\":\"https:\\\/\\\/www.gonbeler.com\\\/#organization\",\"name\":\"G\u00d6NBELER LOKUMCULUK\",\"url\":\"https:\\\/\\\/www.gonbeler.com\\\/\",\"logo\":{\"@type\":\"ImageObject\",\"inLanguage\":\"tr\",\"@id\":\"https:\\\/\\\/www.gonbeler.com\\\/#\\\/schema\\\/logo\\\/image\\\/\",\"url\":\"https:\\\/\\\/www.gonbeler.com\\\/wp-content\\\/uploads\\\/2025\\\/10\\\/cropped-car-4.png\",\"contentUrl\":\"https:\\\/\\\/www.gonbeler.com\\\/wp-content\\\/uploads\\\/2025\\\/10\\\/cropped-car-4.png\",\"width\":512,\"height\":512,\"caption\":\"G\u00d6NBELER LOKUMCULUK\"},\"image\":{\"@id\":\"https:\\\/\\\/www.gonbeler.com\\\/#\\\/schema\\\/logo\\\/image\\\/\"},\"sameAs\":[\"https:\\\/\\\/www.facebook.com\\\/Gonbeler\\\/?locale=tr_TR\",\"https:\\\/\\\/www.instagram.com\\\/gonbelerlokumculuk\\\/\"]}]}<\/script>\n<!-- \/ Yoast SEO Premium plugin. -->","yoast_head_json":{"title":"Katmer\u015fah Lokum - G\u00d6NBELER LOKUMCULUK","robots":{"index":"index","follow":"follow","max-snippet":"max-snippet:-1","max-image-preview":"max-image-preview:large","max-video-preview":"max-video-preview:-1"},"canonical":"https:\/\/www.gonbeler.com\/index.php\/urun\/katmersah-lokum\/","og_locale":"tr_TR","og_type":"article","og_title":"Katmer\u015fah Lokum","og_description":"Afyon\u2019un \u00f6zel tatl\u0131s\u0131: Katmer\u015fah Lokum. Kat kat haz\u0131rlanan, yo\u011fun lezzetli geleneksel lokum. Hediyelik ve misafir ikram\u0131 i\u00e7in ideal se\u00e7im.","og_url":"https:\/\/www.gonbeler.com\/index.php\/urun\/katmersah-lokum\/","og_site_name":"G\u00d6NBELER LOKUMCULUK","article_publisher":"https:\/\/www.facebook.com\/Gonbeler\/?locale=tr_TR","article_modified_time":"2026-01-07T14:58:28+00:00","og_image":[{"width":1000,"height":1000,"url":"https:\/\/www.gonbeler.com\/wp-content\/uploads\/2025\/10\/gonbeler-site-gorselleri-12.png","type":"image\/png"}],"twitter_card":"summary_large_image","twitter_misc":{"Tahmini okuma s\u00fcresi":"1 dakika"},"schema":{"@context":"https:\/\/schema.org","@graph":[{"@type":"WebPage","@id":"https:\/\/www.gonbeler.com\/index.php\/urun\/katmersah-lokum\/","url":"https:\/\/www.gonbeler.com\/index.php\/urun\/katmersah-lokum\/","name":"Katmer\u015fah Lokum - G\u00d6NBELER LOKUMCULUK","isPartOf":{"@id":"https:\/\/www.gonbeler.com\/#website"},"primaryImageOfPage":{"@id":"https:\/\/www.gonbeler.com\/index.php\/urun\/katmersah-lokum\/#primaryimage"},"image":{"@id":"https:\/\/www.gonbeler.com\/index.php\/urun\/katmersah-lokum\/#primaryimage"},"thumbnailUrl":"https:\/\/www.gonbeler.com\/wp-content\/uploads\/2025\/10\/gonbeler-site-gorselleri-12.png","datePublished":"2025-10-29T17:36:31+00:00","dateModified":"2026-01-07T14:58:28+00:00","breadcrumb":{"@id":"https:\/\/www.gonbeler.com\/index.php\/urun\/katmersah-lokum\/#breadcrumb"},"inLanguage":"tr","potentialAction":[{"@type":"ReadAction","target":["https:\/\/www.gonbeler.com\/index.php\/urun\/katmersah-lokum\/"]}]},{"@type":"ImageObject","inLanguage":"tr","@id":"https:\/\/www.gonbeler.com\/index.php\/urun\/katmersah-lokum\/#primaryimage","url":"https:\/\/www.gonbeler.com\/wp-content\/uploads\/2025\/10\/gonbeler-site-gorselleri-12.png","contentUrl":"https:\/\/www.gonbeler.com\/wp-content\/uploads\/2025\/10\/gonbeler-site-gorselleri-12.png","width":1000,"height":1000},{"@type":"BreadcrumbList","@id":"https:\/\/www.gonbeler.com\/index.php\/urun\/katmersah-lokum\/#breadcrumb","itemListElement":[{"@type":"ListItem","position":1,"name":"Anasayfa","item":"https:\/\/www.gonbeler.com\/"},{"@type":"ListItem","position":2,"name":"Ma\u011faza","item":"https:\/\/www.gonbeler.com\/index.php\/magaza\/"},{"@type":"ListItem","position":3,"name":"Katmer\u015fah Lokum"}]},{"@type":"WebSite","@id":"https:\/\/www.gonbeler.com\/#website","url":"https:\/\/www.gonbeler.com\/","name":"G\u00d6NBELER LOKUMCULUK","description":"","publisher":{"@id":"https:\/\/www.gonbeler.com\/#organization"},"potentialAction":[{"@type":"SearchAction","target":{"@type":"EntryPoint","urlTemplate":"https:\/\/www.gonbeler.com\/?s={search_term_string}"},"query-input":{"@type":"PropertyValueSpecification","valueRequired":true,"valueName":"search_term_string"}}],"inLanguage":"tr"},{"@type":"Organization","@id":"https:\/\/www.gonbeler.com\/#organization","name":"G\u00d6NBELER LOKUMCULUK","url":"https:\/\/www.gonbeler.com\/","logo":{"@type":"ImageObject","inLanguage":"tr","@id":"https:\/\/www.gonbeler.com\/#\/schema\/logo\/image\/","url":"https:\/\/www.gonbeler.com\/wp-content\/uploads\/2025\/10\/cropped-car-4.png","contentUrl":"https:\/\/www.gonbeler.com\/wp-content\/uploads\/2025\/10\/cropped-car-4.png","width":512,"height":512,"caption":"G\u00d6NBELER LOKUMCULUK"},"image":{"@id":"https:\/\/www.gonbeler.com\/#\/schema\/logo\/image\/"},"sameAs":["https:\/\/www.facebook.com\/Gonbeler\/?locale=tr_TR","https:\/\/www.instagram.com\/gonbelerlokumculuk\/"]}]}},"jetpack_sharing_enabled":true,"_links":{"self":[{"href":"https:\/\/www.gonbeler.com\/index.php\/wp-json\/wp\/v2\/product\/1258","targetHints":{"allow":["GET"]}}],"collection":[{"href":"https:\/\/www.gonbeler.com\/index.php\/wp-json\/wp\/v2\/product"}],"about":[{"href":"https:\/\/www.gonbeler.com\/index.php\/wp-json\/wp\/v2\/types\/product"}],"replies":[{"embeddable":true,"href":"https:\/\/www.gonbeler.com\/index.php\/wp-json\/wp\/v2\/comments?post=1258"}],"wp:featuredmedia":[{"embeddable":true,"href":"https:\/\/www.gonbeler.com\/index.php\/wp-json\/wp\/v2\/media\/1526"}],"wp:attachment":[{"href":"https:\/\/www.gonbeler.com\/index.php\/wp-json\/wp\/v2\/media?parent=1258"}],"wp:term":[{"taxonomy":"product_brand","embeddable":true,"href":"https:\/\/www.gonbeler.com\/index.php\/wp-json\/wp\/v2\/product_brand?post=1258"},{"taxonomy":"product_cat","embeddable":true,"href":"https:\/\/www.gonbeler.com\/index.php\/wp-json\/wp\/v2\/product_cat?post=1258"},{"taxonomy":"product_tag","embeddable":true,"href":"https:\/\/www.gonbeler.com\/index.php\/wp-json\/wp\/v2\/product_tag?post=1258"}],"curies":[{"name":"wp","href":"https:\/\/api.w.org\/{rel}","templated":true}]}}