{"id":1192,"date":"2025-10-29T19:22:15","date_gmt":"2025-10-29T16:22:15","guid":{"rendered":"https:\/\/gonbeler.com.tr\/?post_type=product&#038;p=1192"},"modified":"2026-01-07T17:58:24","modified_gmt":"2026-01-07T14:58:24","slug":"cifte-kavrulmus-antep-fistikli-lokum","status":"publish","type":"product","link":"https:\/\/www.gonbeler.com\/index.php\/urun\/cifte-kavrulmus-antep-fistikli-lokum\/","title":{"rendered":"\u00c7ifte Kavrulmu\u015f Antep F\u0131st\u0131kl\u0131 Lokum"},"content":{"rendered":"<article class=\"text-token-text-primary w-full focus:outline-none [--shadow-height:45px] has-data-writing-block:pointer-events-none has-data-writing-block:-mt-(--shadow-height) has-data-writing-block:pt-(--shadow-height) [&amp;:has([data-writing-block])&gt;*]:pointer-events-auto [content-visibility:auto] supports-[content-visibility:auto]:[contain-intrinsic-size:auto_100lvh] scroll-mt-[calc(var(--header-height)+min(200px,max(70px,20svh)))]\" dir=\"auto\" tabindex=\"-1\" data-turn-id=\"request-WEB:88e9f6fc-e345-4468-be39-92ac34393386-17\" data-testid=\"conversation-turn-34\" data-scroll-anchor=\"true\" data-turn=\"assistant\">\n<div class=\"text-base my-auto mx-auto pb-10 [--thread-content-margin:--spacing(4)] thread-sm:[--thread-content-margin:--spacing(6)] thread-lg:[--thread-content-margin:--spacing(16)] px-(--thread-content-margin)\">\n<div class=\"[--thread-content-max-width:40rem] thread-lg:[--thread-content-max-width:48rem] mx-auto max-w-(--thread-content-max-width) flex-1 group\/turn-messages focus-visible:outline-hidden relative flex w-full min-w-0 flex-col agent-turn\" tabindex=\"-1\">\n<div class=\"flex max-w-full flex-col grow\">\n<div class=\"min-h-8 text-message relative flex w-full flex-col items-end gap-2 text-start break-words whitespace-normal [.text-message+&amp;]:mt-1\" dir=\"auto\" data-message-author-role=\"assistant\" data-message-id=\"b16ffc62-b5fd-4da9-9a3d-e43bfd14f472\" data-message-model-slug=\"gpt-5\">\n<div class=\"flex w-full flex-col gap-1 empty:hidden first:pt-[1px]\">\n<div class=\"markdown prose dark:prose-invert w-full break-words light markdown-new-styling\">\n<p data-start=\"179\" data-end=\"484\"><strong data-start=\"179\" data-end=\"268\">Afyon\u2019un en \u00f6zel tatl\u0131 geleneklerinden biri olan \u00c7ifte Kavrulmu\u015f Antep F\u0131st\u0131kl\u0131 Lokum<\/strong>, yo\u011fun f\u0131st\u0131k oran\u0131 ve kavrulmu\u015f lezzetiyle damaklarda unutulmaz bir iz b\u0131rak\u0131r. Her lokmada bolca Antep f\u0131st\u0131\u011f\u0131 bulunan bu \u00f6zel lokum, \u00e7ifte kavrulmu\u015f tekni\u011fi sayesinde daha yo\u011fun aroma ve k\u0131t\u0131r bir lezzet sunar.<\/p>\n<p data-start=\"486\" data-end=\"722\">Kahve ve \u00e7ay\u0131n yan\u0131nda \u015f\u0131k bir ikram, sevdiklerinize hediye edebilece\u011finiz prestijli bir tatl\u0131 ve g\u00fcnl\u00fck tatl\u0131 ihtiyac\u0131n\u0131z\u0131 kar\u015f\u0131layacak hafif bir lezzet olarak \u00f6ne \u00e7\u0131kar. <strong data-start=\"658\" data-end=\"691\">Afyon\u2019un k\u00f6kl\u00fc lokum ustal\u0131\u011f\u0131<\/strong>, bu lezzeti benzersiz k\u0131lar.<\/p>\n<p data-start=\"724\" data-end=\"836\">\u2705 Afyon\u2019un geleneksel tatl\u0131 ustal\u0131\u011f\u0131<br data-start=\"760\" data-end=\"763\" \/>\u2705 \u00c7ifte kavrulmu\u015f, bol f\u0131st\u0131kl\u0131<br data-start=\"794\" data-end=\"797\" \/>\u2705 Hediyelik ve ikraml\u0131k i\u00e7in m\u00fckemmel<\/p>\n<\/div>\n<\/div>\n<\/div>\n<\/div>\n<div class=\"z-0 flex min-h-[46px] justify-start\"><\/div>\n<div class=\"mt-3 w-full empty:hidden\">\n<div class=\"text-center\"><\/div>\n<\/div>\n<\/div>\n<\/div>\n<\/article>\n<div class=\"pointer-events-none h-px w-px\" aria-hidden=\"true\" data-edge=\"true\"><\/div>\n","protected":false},"excerpt":{"rendered":"<p data-start=\"877\" data-end=\"1028\">Afyon\u2019un e\u015fsiz lezzeti: <strong data-start=\"901\" data-end=\"941\">\u00c7ifte Kavrulmu\u015f Antep F\u0131st\u0131kl\u0131 Lokum<\/strong>. Bol f\u0131st\u0131kl\u0131, yo\u011fun aromal\u0131 ve \u00f6zel \u00fcretim. Hediyelik ve misafir ikram\u0131 i\u00e7in ideal.<\/p>\n","protected":false},"featured_media":0,"comment_status":"open","ping_status":"closed","template":"","meta":{"_gspb_post_css":"","_themeisle_gutenberg_block_has_review":false},"product_brand":[],"product_cat":[26],"product_tag":[],"class_list":{"0":"post-1192","1":"product","2":"type-product","3":"status-publish","5":"product_cat-lokumlar","7":"first","8":"instock","9":"taxable","10":"shipping-taxable","11":"purchasable","12":"product-type-variable"},"ct_brands":[],"yoast_head":"<!-- This site is optimized with the Yoast SEO Premium plugin v24.0 (Yoast SEO v27.4) - https:\/\/yoast.com\/product\/yoast-seo-premium-wordpress\/ -->\n<title>\u00c7ifte Kavrulmu\u015f Antep F\u0131st\u0131kl\u0131 Lokum - G\u00d6NBELER LOKUMCULUK<\/title>\n<meta name=\"robots\" content=\"index, follow, max-snippet:-1, max-image-preview:large, max-video-preview:-1\" \/>\n<link rel=\"canonical\" href=\"https:\/\/www.gonbeler.com\/index.php\/urun\/cifte-kavrulmus-antep-fistikli-lokum\/\" \/>\n<meta property=\"og:locale\" content=\"tr_TR\" \/>\n<meta property=\"og:type\" content=\"article\" \/>\n<meta property=\"og:title\" content=\"\u00c7ifte Kavrulmu\u015f Antep F\u0131st\u0131kl\u0131 Lokum\" \/>\n<meta property=\"og:description\" content=\"Afyon\u2019un e\u015fsiz lezzeti: \u00c7ifte Kavrulmu\u015f Antep F\u0131st\u0131kl\u0131 Lokum. Bol f\u0131st\u0131kl\u0131, yo\u011fun aromal\u0131 ve \u00f6zel \u00fcretim. Hediyelik ve misafir ikram\u0131 i\u00e7in ideal.\" \/>\n<meta property=\"og:url\" content=\"https:\/\/www.gonbeler.com\/index.php\/urun\/cifte-kavrulmus-antep-fistikli-lokum\/\" \/>\n<meta property=\"og:site_name\" content=\"G\u00d6NBELER LOKUMCULUK\" \/>\n<meta property=\"article:publisher\" content=\"https:\/\/www.facebook.com\/Gonbeler\/?locale=tr_TR\" \/>\n<meta property=\"article:modified_time\" content=\"2026-01-07T14:58:24+00:00\" \/>\n<meta name=\"twitter:card\" content=\"summary_large_image\" \/>\n<meta name=\"twitter:label1\" content=\"Tahmini okuma s\u00fcresi\" \/>\n\t<meta name=\"twitter:data1\" content=\"1 dakika\" \/>\n<script type=\"application\/ld+json\" class=\"yoast-schema-graph\">{\"@context\":\"https:\\\/\\\/schema.org\",\"@graph\":[{\"@type\":\"WebPage\",\"@id\":\"https:\\\/\\\/www.gonbeler.com\\\/index.php\\\/urun\\\/cifte-kavrulmus-antep-fistikli-lokum\\\/\",\"url\":\"https:\\\/\\\/www.gonbeler.com\\\/index.php\\\/urun\\\/cifte-kavrulmus-antep-fistikli-lokum\\\/\",\"name\":\"\u00c7ifte Kavrulmu\u015f Antep F\u0131st\u0131kl\u0131 Lokum - G\u00d6NBELER LOKUMCULUK\",\"isPartOf\":{\"@id\":\"https:\\\/\\\/www.gonbeler.com\\\/#website\"},\"datePublished\":\"2025-10-29T16:22:15+00:00\",\"dateModified\":\"2026-01-07T14:58:24+00:00\",\"breadcrumb\":{\"@id\":\"https:\\\/\\\/www.gonbeler.com\\\/index.php\\\/urun\\\/cifte-kavrulmus-antep-fistikli-lokum\\\/#breadcrumb\"},\"inLanguage\":\"tr\",\"potentialAction\":[{\"@type\":\"ReadAction\",\"target\":[\"https:\\\/\\\/www.gonbeler.com\\\/index.php\\\/urun\\\/cifte-kavrulmus-antep-fistikli-lokum\\\/\"]}]},{\"@type\":\"BreadcrumbList\",\"@id\":\"https:\\\/\\\/www.gonbeler.com\\\/index.php\\\/urun\\\/cifte-kavrulmus-antep-fistikli-lokum\\\/#breadcrumb\",\"itemListElement\":[{\"@type\":\"ListItem\",\"position\":1,\"name\":\"Anasayfa\",\"item\":\"https:\\\/\\\/www.gonbeler.com\\\/\"},{\"@type\":\"ListItem\",\"position\":2,\"name\":\"Ma\u011faza\",\"item\":\"https:\\\/\\\/www.gonbeler.com\\\/index.php\\\/magaza\\\/\"},{\"@type\":\"ListItem\",\"position\":3,\"name\":\"\u00c7ifte Kavrulmu\u015f Antep F\u0131st\u0131kl\u0131 Lokum\"}]},{\"@type\":\"WebSite\",\"@id\":\"https:\\\/\\\/www.gonbeler.com\\\/#website\",\"url\":\"https:\\\/\\\/www.gonbeler.com\\\/\",\"name\":\"G\u00d6NBELER LOKUMCULUK\",\"description\":\"\",\"publisher\":{\"@id\":\"https:\\\/\\\/www.gonbeler.com\\\/#organization\"},\"potentialAction\":[{\"@type\":\"SearchAction\",\"target\":{\"@type\":\"EntryPoint\",\"urlTemplate\":\"https:\\\/\\\/www.gonbeler.com\\\/?s={search_term_string}\"},\"query-input\":{\"@type\":\"PropertyValueSpecification\",\"valueRequired\":true,\"valueName\":\"search_term_string\"}}],\"inLanguage\":\"tr\"},{\"@type\":\"Organization\",\"@id\":\"https:\\\/\\\/www.gonbeler.com\\\/#organization\",\"name\":\"G\u00d6NBELER LOKUMCULUK\",\"url\":\"https:\\\/\\\/www.gonbeler.com\\\/\",\"logo\":{\"@type\":\"ImageObject\",\"inLanguage\":\"tr\",\"@id\":\"https:\\\/\\\/www.gonbeler.com\\\/#\\\/schema\\\/logo\\\/image\\\/\",\"url\":\"https:\\\/\\\/www.gonbeler.com\\\/wp-content\\\/uploads\\\/2025\\\/10\\\/cropped-car-4.png\",\"contentUrl\":\"https:\\\/\\\/www.gonbeler.com\\\/wp-content\\\/uploads\\\/2025\\\/10\\\/cropped-car-4.png\",\"width\":512,\"height\":512,\"caption\":\"G\u00d6NBELER LOKUMCULUK\"},\"image\":{\"@id\":\"https:\\\/\\\/www.gonbeler.com\\\/#\\\/schema\\\/logo\\\/image\\\/\"},\"sameAs\":[\"https:\\\/\\\/www.facebook.com\\\/Gonbeler\\\/?locale=tr_TR\",\"https:\\\/\\\/www.instagram.com\\\/gonbelerlokumculuk\\\/\"]}]}<\/script>\n<!-- \/ Yoast SEO Premium plugin. -->","yoast_head_json":{"title":"\u00c7ifte Kavrulmu\u015f Antep F\u0131st\u0131kl\u0131 Lokum - G\u00d6NBELER LOKUMCULUK","robots":{"index":"index","follow":"follow","max-snippet":"max-snippet:-1","max-image-preview":"max-image-preview:large","max-video-preview":"max-video-preview:-1"},"canonical":"https:\/\/www.gonbeler.com\/index.php\/urun\/cifte-kavrulmus-antep-fistikli-lokum\/","og_locale":"tr_TR","og_type":"article","og_title":"\u00c7ifte Kavrulmu\u015f Antep F\u0131st\u0131kl\u0131 Lokum","og_description":"Afyon\u2019un e\u015fsiz lezzeti: \u00c7ifte Kavrulmu\u015f Antep F\u0131st\u0131kl\u0131 Lokum. Bol f\u0131st\u0131kl\u0131, yo\u011fun aromal\u0131 ve \u00f6zel \u00fcretim. Hediyelik ve misafir ikram\u0131 i\u00e7in ideal.","og_url":"https:\/\/www.gonbeler.com\/index.php\/urun\/cifte-kavrulmus-antep-fistikli-lokum\/","og_site_name":"G\u00d6NBELER LOKUMCULUK","article_publisher":"https:\/\/www.facebook.com\/Gonbeler\/?locale=tr_TR","article_modified_time":"2026-01-07T14:58:24+00:00","twitter_card":"summary_large_image","twitter_misc":{"Tahmini okuma s\u00fcresi":"1 dakika"},"schema":{"@context":"https:\/\/schema.org","@graph":[{"@type":"WebPage","@id":"https:\/\/www.gonbeler.com\/index.php\/urun\/cifte-kavrulmus-antep-fistikli-lokum\/","url":"https:\/\/www.gonbeler.com\/index.php\/urun\/cifte-kavrulmus-antep-fistikli-lokum\/","name":"\u00c7ifte Kavrulmu\u015f Antep F\u0131st\u0131kl\u0131 Lokum - G\u00d6NBELER LOKUMCULUK","isPartOf":{"@id":"https:\/\/www.gonbeler.com\/#website"},"datePublished":"2025-10-29T16:22:15+00:00","dateModified":"2026-01-07T14:58:24+00:00","breadcrumb":{"@id":"https:\/\/www.gonbeler.com\/index.php\/urun\/cifte-kavrulmus-antep-fistikli-lokum\/#breadcrumb"},"inLanguage":"tr","potentialAction":[{"@type":"ReadAction","target":["https:\/\/www.gonbeler.com\/index.php\/urun\/cifte-kavrulmus-antep-fistikli-lokum\/"]}]},{"@type":"BreadcrumbList","@id":"https:\/\/www.gonbeler.com\/index.php\/urun\/cifte-kavrulmus-antep-fistikli-lokum\/#breadcrumb","itemListElement":[{"@type":"ListItem","position":1,"name":"Anasayfa","item":"https:\/\/www.gonbeler.com\/"},{"@type":"ListItem","position":2,"name":"Ma\u011faza","item":"https:\/\/www.gonbeler.com\/index.php\/magaza\/"},{"@type":"ListItem","position":3,"name":"\u00c7ifte Kavrulmu\u015f Antep F\u0131st\u0131kl\u0131 Lokum"}]},{"@type":"WebSite","@id":"https:\/\/www.gonbeler.com\/#website","url":"https:\/\/www.gonbeler.com\/","name":"G\u00d6NBELER LOKUMCULUK","description":"","publisher":{"@id":"https:\/\/www.gonbeler.com\/#organization"},"potentialAction":[{"@type":"SearchAction","target":{"@type":"EntryPoint","urlTemplate":"https:\/\/www.gonbeler.com\/?s={search_term_string}"},"query-input":{"@type":"PropertyValueSpecification","valueRequired":true,"valueName":"search_term_string"}}],"inLanguage":"tr"},{"@type":"Organization","@id":"https:\/\/www.gonbeler.com\/#organization","name":"G\u00d6NBELER LOKUMCULUK","url":"https:\/\/www.gonbeler.com\/","logo":{"@type":"ImageObject","inLanguage":"tr","@id":"https:\/\/www.gonbeler.com\/#\/schema\/logo\/image\/","url":"https:\/\/www.gonbeler.com\/wp-content\/uploads\/2025\/10\/cropped-car-4.png","contentUrl":"https:\/\/www.gonbeler.com\/wp-content\/uploads\/2025\/10\/cropped-car-4.png","width":512,"height":512,"caption":"G\u00d6NBELER LOKUMCULUK"},"image":{"@id":"https:\/\/www.gonbeler.com\/#\/schema\/logo\/image\/"},"sameAs":["https:\/\/www.facebook.com\/Gonbeler\/?locale=tr_TR","https:\/\/www.instagram.com\/gonbelerlokumculuk\/"]}]}},"jetpack_sharing_enabled":true,"_links":{"self":[{"href":"https:\/\/www.gonbeler.com\/index.php\/wp-json\/wp\/v2\/product\/1192","targetHints":{"allow":["GET"]}}],"collection":[{"href":"https:\/\/www.gonbeler.com\/index.php\/wp-json\/wp\/v2\/product"}],"about":[{"href":"https:\/\/www.gonbeler.com\/index.php\/wp-json\/wp\/v2\/types\/product"}],"replies":[{"embeddable":true,"href":"https:\/\/www.gonbeler.com\/index.php\/wp-json\/wp\/v2\/comments?post=1192"}],"wp:attachment":[{"href":"https:\/\/www.gonbeler.com\/index.php\/wp-json\/wp\/v2\/media?parent=1192"}],"wp:term":[{"taxonomy":"product_brand","embeddable":true,"href":"https:\/\/www.gonbeler.com\/index.php\/wp-json\/wp\/v2\/product_brand?post=1192"},{"taxonomy":"product_cat","embeddable":true,"href":"https:\/\/www.gonbeler.com\/index.php\/wp-json\/wp\/v2\/product_cat?post=1192"},{"taxonomy":"product_tag","embeddable":true,"href":"https:\/\/www.gonbeler.com\/index.php\/wp-json\/wp\/v2\/product_tag?post=1192"}],"curies":[{"name":"wp","href":"https:\/\/api.w.org\/{rel}","templated":true}]}}