{"id":1073,"date":"2025-06-25T11:22:06","date_gmt":"2025-06-25T11:22:06","guid":{"rendered":"https:\/\/startersites.io\/blocksy\/cosmetic\/?post_type=product&#038;p=1073"},"modified":"2026-01-07T17:58:19","modified_gmt":"2026-01-07T14:58:19","slug":"tozantepfistikli","status":"publish","type":"product","link":"https:\/\/www.gonbeler.com\/index.php\/urun\/tozantepfistikli\/","title":{"rendered":"Toz Antep F\u0131st\u0131kl\u0131 Sarma Lokum"},"content":{"rendered":"<p data-start=\"123\" data-end=\"404\"><strong data-start=\"123\" data-end=\"198\">Afyon\u2019un me\u015fhur lokum gelene\u011fini ya\u015fatan Toz Antep F\u0131st\u0131kl\u0131 Sarma Lokum<\/strong>, incecik a\u00e7\u0131lan lokum katmanlar\u0131n\u0131n aras\u0131na bolca serpi\u015ftirilen Antep f\u0131st\u0131klar\u0131 ve \u00fczerine d\u00f6k\u00fclen taze f\u0131st\u0131k tozu ile haz\u0131rlan\u0131r. Afyon\u2019un \u00f6zenle i\u015flenen lokum ustal\u0131\u011f\u0131, bu lezzeti daha da \u00f6zel k\u0131lar.<\/p>\n<p data-start=\"406\" data-end=\"643\">Kahvenin yan\u0131nda e\u015fsiz bir tat, \u00f6zel g\u00fcnlerde \u015f\u0131k bir ikram ve sevdiklerinize hediye edebilece\u011finiz prestijli bir se\u00e7enek olarak \u00f6ne \u00e7\u0131kar. A\u011f\u0131zda da\u011f\u0131lan hafif yap\u0131s\u0131 ve yo\u011fun f\u0131st\u0131k aromas\u0131yla tatl\u0131 tutkunlar\u0131n\u0131n vazge\u00e7ilmezi olacak.<\/p>\n<p data-start=\"645\" data-end=\"744\">\u2705 Do\u011fal i\u00e7erikler<br data-start=\"662\" data-end=\"665\" \/>\u2705 Geleneksel Afyon lokum ustal\u0131\u011f\u0131<br data-start=\"698\" data-end=\"701\" \/>\u2705 Bol Antep f\u0131st\u0131kl\u0131, taptaze ve \u00f6zel tat<\/p>\n","protected":false},"excerpt":{"rendered":"<p>Afyon\u2019un geleneksel lokum lezzeti: <strong data-start=\"820\" data-end=\"854\">Toz Antep F\u0131st\u0131kl\u0131 Sarma Lokum<\/strong>. Bol f\u0131st\u0131kl\u0131, taptaze ve \u00f6zel \u00fcretim. Misafir sofralar\u0131 ve hediyelik i\u00e7in ideal.<\/p>\n","protected":false},"featured_media":1573,"comment_status":"open","ping_status":"closed","template":"","meta":{"_gspb_post_css":"","_themeisle_gutenberg_block_has_review":false},"product_brand":[],"product_cat":[26],"product_tag":[],"class_list":{"0":"post-1073","1":"product","2":"type-product","3":"status-publish","4":"has-post-thumbnail","6":"product_cat-lokumlar","8":"first","9":"instock","10":"taxable","11":"shipping-taxable","12":"purchasable","13":"product-type-variable"},"ct_brands":[],"yoast_head":"<!-- This site is optimized with the Yoast SEO Premium plugin v24.0 (Yoast SEO v27.4) - https:\/\/yoast.com\/product\/yoast-seo-premium-wordpress\/ -->\n<title>Toz Antep F\u0131st\u0131kl\u0131 Sarma Lokum - G\u00d6NBELER LOKUMCULUK<\/title>\n<meta name=\"robots\" content=\"index, follow, max-snippet:-1, max-image-preview:large, max-video-preview:-1\" \/>\n<link rel=\"canonical\" href=\"https:\/\/www.gonbeler.com\/index.php\/urun\/tozantepfistikli\/\" \/>\n<meta property=\"og:locale\" content=\"tr_TR\" \/>\n<meta property=\"og:type\" content=\"article\" \/>\n<meta property=\"og:title\" content=\"Toz Antep F\u0131st\u0131kl\u0131 Sarma Lokum\" \/>\n<meta property=\"og:description\" content=\"Afyon\u2019un geleneksel lokum lezzeti: Toz Antep F\u0131st\u0131kl\u0131 Sarma Lokum. Bol f\u0131st\u0131kl\u0131, taptaze ve \u00f6zel \u00fcretim. Misafir sofralar\u0131 ve hediyelik i\u00e7in ideal.\" \/>\n<meta property=\"og:url\" content=\"https:\/\/www.gonbeler.com\/index.php\/urun\/tozantepfistikli\/\" \/>\n<meta property=\"og:site_name\" content=\"G\u00d6NBELER LOKUMCULUK\" \/>\n<meta property=\"article:publisher\" content=\"https:\/\/www.facebook.com\/Gonbeler\/?locale=tr_TR\" \/>\n<meta property=\"article:modified_time\" content=\"2026-01-07T14:58:19+00:00\" \/>\n<meta property=\"og:image\" content=\"https:\/\/www.gonbeler.com\/wp-content\/uploads\/2025\/06\/gonbeler-site-gorselleri-40.png\" \/>\n\t<meta property=\"og:image:width\" content=\"1000\" \/>\n\t<meta property=\"og:image:height\" content=\"1000\" \/>\n\t<meta property=\"og:image:type\" content=\"image\/png\" \/>\n<meta name=\"twitter:card\" content=\"summary_large_image\" \/>\n<meta name=\"twitter:label1\" content=\"Tahmini okuma s\u00fcresi\" \/>\n\t<meta name=\"twitter:data1\" content=\"1 dakika\" \/>\n<script type=\"application\/ld+json\" class=\"yoast-schema-graph\">{\"@context\":\"https:\\\/\\\/schema.org\",\"@graph\":[{\"@type\":\"WebPage\",\"@id\":\"https:\\\/\\\/www.gonbeler.com\\\/index.php\\\/urun\\\/tozantepfistikli\\\/\",\"url\":\"https:\\\/\\\/www.gonbeler.com\\\/index.php\\\/urun\\\/tozantepfistikli\\\/\",\"name\":\"Toz Antep F\u0131st\u0131kl\u0131 Sarma Lokum - G\u00d6NBELER LOKUMCULUK\",\"isPartOf\":{\"@id\":\"https:\\\/\\\/www.gonbeler.com\\\/#website\"},\"primaryImageOfPage\":{\"@id\":\"https:\\\/\\\/www.gonbeler.com\\\/index.php\\\/urun\\\/tozantepfistikli\\\/#primaryimage\"},\"image\":{\"@id\":\"https:\\\/\\\/www.gonbeler.com\\\/index.php\\\/urun\\\/tozantepfistikli\\\/#primaryimage\"},\"thumbnailUrl\":\"https:\\\/\\\/www.gonbeler.com\\\/wp-content\\\/uploads\\\/2025\\\/06\\\/gonbeler-site-gorselleri-40.png\",\"datePublished\":\"2025-06-25T11:22:06+00:00\",\"dateModified\":\"2026-01-07T14:58:19+00:00\",\"breadcrumb\":{\"@id\":\"https:\\\/\\\/www.gonbeler.com\\\/index.php\\\/urun\\\/tozantepfistikli\\\/#breadcrumb\"},\"inLanguage\":\"tr\",\"potentialAction\":[{\"@type\":\"ReadAction\",\"target\":[\"https:\\\/\\\/www.gonbeler.com\\\/index.php\\\/urun\\\/tozantepfistikli\\\/\"]}]},{\"@type\":\"ImageObject\",\"inLanguage\":\"tr\",\"@id\":\"https:\\\/\\\/www.gonbeler.com\\\/index.php\\\/urun\\\/tozantepfistikli\\\/#primaryimage\",\"url\":\"https:\\\/\\\/www.gonbeler.com\\\/wp-content\\\/uploads\\\/2025\\\/06\\\/gonbeler-site-gorselleri-40.png\",\"contentUrl\":\"https:\\\/\\\/www.gonbeler.com\\\/wp-content\\\/uploads\\\/2025\\\/06\\\/gonbeler-site-gorselleri-40.png\",\"width\":1000,\"height\":1000},{\"@type\":\"BreadcrumbList\",\"@id\":\"https:\\\/\\\/www.gonbeler.com\\\/index.php\\\/urun\\\/tozantepfistikli\\\/#breadcrumb\",\"itemListElement\":[{\"@type\":\"ListItem\",\"position\":1,\"name\":\"Anasayfa\",\"item\":\"https:\\\/\\\/www.gonbeler.com\\\/\"},{\"@type\":\"ListItem\",\"position\":2,\"name\":\"Ma\u011faza\",\"item\":\"https:\\\/\\\/www.gonbeler.com\\\/index.php\\\/magaza\\\/\"},{\"@type\":\"ListItem\",\"position\":3,\"name\":\"Toz Antep F\u0131st\u0131kl\u0131 Sarma Lokum\"}]},{\"@type\":\"WebSite\",\"@id\":\"https:\\\/\\\/www.gonbeler.com\\\/#website\",\"url\":\"https:\\\/\\\/www.gonbeler.com\\\/\",\"name\":\"G\u00d6NBELER LOKUMCULUK\",\"description\":\"\",\"publisher\":{\"@id\":\"https:\\\/\\\/www.gonbeler.com\\\/#organization\"},\"potentialAction\":[{\"@type\":\"SearchAction\",\"target\":{\"@type\":\"EntryPoint\",\"urlTemplate\":\"https:\\\/\\\/www.gonbeler.com\\\/?s={search_term_string}\"},\"query-input\":{\"@type\":\"PropertyValueSpecification\",\"valueRequired\":true,\"valueName\":\"search_term_string\"}}],\"inLanguage\":\"tr\"},{\"@type\":\"Organization\",\"@id\":\"https:\\\/\\\/www.gonbeler.com\\\/#organization\",\"name\":\"G\u00d6NBELER LOKUMCULUK\",\"url\":\"https:\\\/\\\/www.gonbeler.com\\\/\",\"logo\":{\"@type\":\"ImageObject\",\"inLanguage\":\"tr\",\"@id\":\"https:\\\/\\\/www.gonbeler.com\\\/#\\\/schema\\\/logo\\\/image\\\/\",\"url\":\"https:\\\/\\\/www.gonbeler.com\\\/wp-content\\\/uploads\\\/2025\\\/10\\\/cropped-car-4.png\",\"contentUrl\":\"https:\\\/\\\/www.gonbeler.com\\\/wp-content\\\/uploads\\\/2025\\\/10\\\/cropped-car-4.png\",\"width\":512,\"height\":512,\"caption\":\"G\u00d6NBELER LOKUMCULUK\"},\"image\":{\"@id\":\"https:\\\/\\\/www.gonbeler.com\\\/#\\\/schema\\\/logo\\\/image\\\/\"},\"sameAs\":[\"https:\\\/\\\/www.facebook.com\\\/Gonbeler\\\/?locale=tr_TR\",\"https:\\\/\\\/www.instagram.com\\\/gonbelerlokumculuk\\\/\"]}]}<\/script>\n<!-- \/ Yoast SEO Premium plugin. -->","yoast_head_json":{"title":"Toz Antep F\u0131st\u0131kl\u0131 Sarma Lokum - G\u00d6NBELER LOKUMCULUK","robots":{"index":"index","follow":"follow","max-snippet":"max-snippet:-1","max-image-preview":"max-image-preview:large","max-video-preview":"max-video-preview:-1"},"canonical":"https:\/\/www.gonbeler.com\/index.php\/urun\/tozantepfistikli\/","og_locale":"tr_TR","og_type":"article","og_title":"Toz Antep F\u0131st\u0131kl\u0131 Sarma Lokum","og_description":"Afyon\u2019un geleneksel lokum lezzeti: Toz Antep F\u0131st\u0131kl\u0131 Sarma Lokum. Bol f\u0131st\u0131kl\u0131, taptaze ve \u00f6zel \u00fcretim. Misafir sofralar\u0131 ve hediyelik i\u00e7in ideal.","og_url":"https:\/\/www.gonbeler.com\/index.php\/urun\/tozantepfistikli\/","og_site_name":"G\u00d6NBELER LOKUMCULUK","article_publisher":"https:\/\/www.facebook.com\/Gonbeler\/?locale=tr_TR","article_modified_time":"2026-01-07T14:58:19+00:00","og_image":[{"width":1000,"height":1000,"url":"https:\/\/www.gonbeler.com\/wp-content\/uploads\/2025\/06\/gonbeler-site-gorselleri-40.png","type":"image\/png"}],"twitter_card":"summary_large_image","twitter_misc":{"Tahmini okuma s\u00fcresi":"1 dakika"},"schema":{"@context":"https:\/\/schema.org","@graph":[{"@type":"WebPage","@id":"https:\/\/www.gonbeler.com\/index.php\/urun\/tozantepfistikli\/","url":"https:\/\/www.gonbeler.com\/index.php\/urun\/tozantepfistikli\/","name":"Toz Antep F\u0131st\u0131kl\u0131 Sarma Lokum - G\u00d6NBELER LOKUMCULUK","isPartOf":{"@id":"https:\/\/www.gonbeler.com\/#website"},"primaryImageOfPage":{"@id":"https:\/\/www.gonbeler.com\/index.php\/urun\/tozantepfistikli\/#primaryimage"},"image":{"@id":"https:\/\/www.gonbeler.com\/index.php\/urun\/tozantepfistikli\/#primaryimage"},"thumbnailUrl":"https:\/\/www.gonbeler.com\/wp-content\/uploads\/2025\/06\/gonbeler-site-gorselleri-40.png","datePublished":"2025-06-25T11:22:06+00:00","dateModified":"2026-01-07T14:58:19+00:00","breadcrumb":{"@id":"https:\/\/www.gonbeler.com\/index.php\/urun\/tozantepfistikli\/#breadcrumb"},"inLanguage":"tr","potentialAction":[{"@type":"ReadAction","target":["https:\/\/www.gonbeler.com\/index.php\/urun\/tozantepfistikli\/"]}]},{"@type":"ImageObject","inLanguage":"tr","@id":"https:\/\/www.gonbeler.com\/index.php\/urun\/tozantepfistikli\/#primaryimage","url":"https:\/\/www.gonbeler.com\/wp-content\/uploads\/2025\/06\/gonbeler-site-gorselleri-40.png","contentUrl":"https:\/\/www.gonbeler.com\/wp-content\/uploads\/2025\/06\/gonbeler-site-gorselleri-40.png","width":1000,"height":1000},{"@type":"BreadcrumbList","@id":"https:\/\/www.gonbeler.com\/index.php\/urun\/tozantepfistikli\/#breadcrumb","itemListElement":[{"@type":"ListItem","position":1,"name":"Anasayfa","item":"https:\/\/www.gonbeler.com\/"},{"@type":"ListItem","position":2,"name":"Ma\u011faza","item":"https:\/\/www.gonbeler.com\/index.php\/magaza\/"},{"@type":"ListItem","position":3,"name":"Toz Antep F\u0131st\u0131kl\u0131 Sarma Lokum"}]},{"@type":"WebSite","@id":"https:\/\/www.gonbeler.com\/#website","url":"https:\/\/www.gonbeler.com\/","name":"G\u00d6NBELER LOKUMCULUK","description":"","publisher":{"@id":"https:\/\/www.gonbeler.com\/#organization"},"potentialAction":[{"@type":"SearchAction","target":{"@type":"EntryPoint","urlTemplate":"https:\/\/www.gonbeler.com\/?s={search_term_string}"},"query-input":{"@type":"PropertyValueSpecification","valueRequired":true,"valueName":"search_term_string"}}],"inLanguage":"tr"},{"@type":"Organization","@id":"https:\/\/www.gonbeler.com\/#organization","name":"G\u00d6NBELER LOKUMCULUK","url":"https:\/\/www.gonbeler.com\/","logo":{"@type":"ImageObject","inLanguage":"tr","@id":"https:\/\/www.gonbeler.com\/#\/schema\/logo\/image\/","url":"https:\/\/www.gonbeler.com\/wp-content\/uploads\/2025\/10\/cropped-car-4.png","contentUrl":"https:\/\/www.gonbeler.com\/wp-content\/uploads\/2025\/10\/cropped-car-4.png","width":512,"height":512,"caption":"G\u00d6NBELER LOKUMCULUK"},"image":{"@id":"https:\/\/www.gonbeler.com\/#\/schema\/logo\/image\/"},"sameAs":["https:\/\/www.facebook.com\/Gonbeler\/?locale=tr_TR","https:\/\/www.instagram.com\/gonbelerlokumculuk\/"]}]}},"jetpack_sharing_enabled":true,"_links":{"self":[{"href":"https:\/\/www.gonbeler.com\/index.php\/wp-json\/wp\/v2\/product\/1073","targetHints":{"allow":["GET"]}}],"collection":[{"href":"https:\/\/www.gonbeler.com\/index.php\/wp-json\/wp\/v2\/product"}],"about":[{"href":"https:\/\/www.gonbeler.com\/index.php\/wp-json\/wp\/v2\/types\/product"}],"replies":[{"embeddable":true,"href":"https:\/\/www.gonbeler.com\/index.php\/wp-json\/wp\/v2\/comments?post=1073"}],"wp:featuredmedia":[{"embeddable":true,"href":"https:\/\/www.gonbeler.com\/index.php\/wp-json\/wp\/v2\/media\/1573"}],"wp:attachment":[{"href":"https:\/\/www.gonbeler.com\/index.php\/wp-json\/wp\/v2\/media?parent=1073"}],"wp:term":[{"taxonomy":"product_brand","embeddable":true,"href":"https:\/\/www.gonbeler.com\/index.php\/wp-json\/wp\/v2\/product_brand?post=1073"},{"taxonomy":"product_cat","embeddable":true,"href":"https:\/\/www.gonbeler.com\/index.php\/wp-json\/wp\/v2\/product_cat?post=1073"},{"taxonomy":"product_tag","embeddable":true,"href":"https:\/\/www.gonbeler.com\/index.php\/wp-json\/wp\/v2\/product_tag?post=1073"}],"curies":[{"name":"wp","href":"https:\/\/api.w.org\/{rel}","templated":true}]}}